 {"id":51224,"date":"2021-08-30T11:57:03","date_gmt":"2021-08-30T09:57:03","guid":{"rendered":"https:\/\/www.comoditahome.com\/mk\/?post_type=product&#038;p=51224"},"modified":"2026-05-14T11:09:06","modified_gmt":"2026-05-14T09:09:06","slug":"set-mbulesash-shtrati-velvet-touch-stone","status":"publish","type":"product","link":"https:\/\/www.comoditahome.com\/mk\/sq\/product\/set-mbulesash-shtrati-velvet-touch-stone\/","title":{"rendered":"Set mbulesash shtrati Velvet Touch Stone"},"content":{"rendered":"","protected":false},"excerpt":{"rendered":"<p style=\"text-align: left;\">Seti i mbules\u00ebs s\u00eb shtratit nga linja Velvet Touch prezantohet me nuanc\u0430 t\u00ebrheq\u00ebse. Ky set dallohet p\u00ebr materialin cil\u00ebsor me plot\u00eb shije q\u00eb i shton eleganc\u00ebn krevatit tuaj t\u00eb gjumit. Me nj\u00eb sip\u00ebrfaqe t\u00eb but\u00eb kadifeje, me struktur\u00eb t\u00eb tekstur\u00ebs me vija simetrike, ky model integron madh\u00ebshtin\u00eb n\u00eb ambientin tuaj.<\/p>\n<p>&nbsp;<\/p>\n<p style=\"text-align: left;\"><strong>Tek:<\/strong> 1x mbules\u00eb shtrati 160x220cm, 1x k\u00ebll\u00ebf jast\u00ebku 50x70cm.<\/p>\n<p style=\"text-align: left;\"><strong>\u00c7ift:<\/strong> 1x mbules\u00eb shtrati 220x240cm, 2x k\u00ebll\u00ebf jast\u00ebku 50x70cm.<\/p>\n<p>&nbsp;<\/p>\n<ul>\n<li style=\"text-align: left;\"><strong>Materiali:<\/strong> 50% pambuk, 50% poliest\u0435r.<\/li>\n<li style=\"text-align: left;\"><strong>Udh\u00ebzime p\u00ebr p\u00ebrdorim:<\/strong> N\u00eb makin\u00eb lar\u00ebse 30\u00b0C.<\/li>\n<li style=\"text-align: left;\"><strong>Garanci dhe kushtet e kthimit:<\/strong> P\u00ebr shkak t\u00eb kontaktit me higjien\u00eb personale, p\u00ebr produktet e tekstilit nuk pranohen kthime apo reklamacione.<\/li>\n<\/ul>\n","protected":false},"featured_media":51228,"template":"","meta":[],"product_cat":[808,283,343,350],"product_tag":[],"class_list":{"0":"post-51224","1":"product","2":"type-product","3":"status-publish","4":"has-post-thumbnail","6":"product_cat-oferta-gjume","7":"product_cat-oferta","8":"product_cat-gjume","9":"product_cat-mbulesa-shtrati","11":"first","12":"instock","13":"sale","14":"shipping-taxable","15":"purchasable","16":"product-type-variable","17":"layout-style-1","18":"col-md-4 col-sm-4 col-xs-6","19":"col-lg-3","20":"product-has-gallery","21":"product-style-default"},"_links":{"self":[{"href":"https:\/\/www.comoditahome.com\/mk\/sq\/wp-json\/wp\/v2\/product\/51224","targetHints":{"allow":["GET"]}}],"collection":[{"href":"https:\/\/www.comoditahome.com\/mk\/sq\/wp-json\/wp\/v2\/product"}],"about":[{"href":"https:\/\/www.comoditahome.com\/mk\/sq\/wp-json\/wp\/v2\/types\/product"}],"version-history":[{"count":0,"href":"https:\/\/www.comoditahome.com\/mk\/sq\/wp-json\/wp\/v2\/product\/51224\/revisions"}],"wp:featuredmedia":[{"embeddable":true,"href":"https:\/\/www.comoditahome.com\/mk\/sq\/wp-json\/wp\/v2\/media\/51228"}],"wp:attachment":[{"href":"https:\/\/www.comoditahome.com\/mk\/sq\/wp-json\/wp\/v2\/media?parent=51224"}],"wp:term":[{"taxonomy":"product_cat","embeddable":true,"href":"https:\/\/www.comoditahome.com\/mk\/sq\/wp-json\/wp\/v2\/product_cat?post=51224"},{"taxonomy":"product_tag","embeddable":true,"href":"https:\/\/www.comoditahome.com\/mk\/sq\/wp-json\/wp\/v2\/product_tag?post=51224"}],"curies":[{"name":"wp","href":"https:\/\/api.w.org\/{rel}","templated":true}]}}