 {"id":51728,"date":"2022-06-10T11:30:00","date_gmt":"2022-06-10T09:30:00","guid":{"rendered":"https:\/\/www.comoditahome.com\/mk\/?post_type=product&#038;p=51728"},"modified":"2026-05-05T22:10:01","modified_gmt":"2026-05-05T20:10:01","slug":"set-5x-jasteke-classic-memory","status":"publish","type":"product","link":"https:\/\/www.comoditahome.com\/mk\/sq\/product\/set-5x-jasteke-classic-memory\/","title":{"rendered":"Set 5x jast\u00ebk\u00eb Classic Memory"},"content":{"rendered":"","protected":false},"excerpt":{"rendered":"<p style=\"text-align: center;\"><strong><span style=\"color: #ff0000;\">Shuma minimale p\u00ebr porosi online: mbi 990 denar\u00eb.<\/span><\/strong><\/p>\n<p>&nbsp;<\/p>\n<p style=\"text-align: left;\">Set me 5x jast\u00ebk\u00eb t\u00eb form\u00ebs klasike, t\u00eb p\u00ebrb\u00ebr\u00eb nga cop\u00ebza t\u00eb shkum\u00ebs Memory, i cili i jep jastekut efekt dhe specifika t\u00eb ve\u00e7anta anatomike. Kjo p\u00ebrb\u00ebrje i mund\u00ebson kok\u00ebs dhe fillim shpin\u00ebs nj\u00eb mb\u00ebshtetje optimale duke mund\u00ebsuar qarkullimin e lirsh\u00ebm t\u00eb gjakut.<\/p>\n<p>&nbsp;<\/p>\n<p style=\"text-align: left;\">Jast\u00ebku Classic Memory \u00ebsht\u00eb i aft\u00eb t\u00eb vet\u00eb-modelohet n\u00eb \u00e7far\u00ebdo pozicioni q\u00eb ju d\u00ebshironi t\u00eb fleni, poashtu nuk do t\u00eb humb form\u00ebn e saj p\u00ebr nj\u00eb koh\u00eb t\u00eb gjat\u00eb. Mb\u00ebshtjell\u00ebsi i tij mikrofib\u00ebr i jep jast\u00ebkut veti antialergjike, rigjeneruese dhe vet\u00eb-ajros\u00ebse.<\/p>\n<p>&nbsp;<\/p>\n<ul>\n<li style=\"text-align: left;\"><strong>Dimensioni:<\/strong> 50x60cm<\/li>\n<li style=\"text-align: left;\"><strong>Materiali:<\/strong> Shkum\u00eb Memory<\/li>\n<li style=\"text-align: left;\"><strong>Udh\u00ebzime p\u00ebr p\u00ebrdorim:<\/strong> Nuk lahet, vet\u00ebajroset.<\/li>\n<li style=\"text-align: left;\"><strong>Garanci dhe kushtet e kthimit:<\/strong> P\u00ebr shkak t\u00eb kontaktit me higjien\u00eb personale, p\u00ebr produktet e tekstilit nuk pranohen kthime apo reklamacione.<\/li>\n<\/ul>\n","protected":false},"featured_media":56252,"template":"","meta":[],"product_cat":[1201,343,349],"product_tag":[],"class_list":{"0":"post-51728","1":"product","2":"type-product","3":"status-publish","4":"has-post-thumbnail","6":"product_cat-do-1000-denari-sq","7":"product_cat-gjume","8":"product_cat-jastek","10":"first","11":"outofstock","12":"shipping-taxable","13":"purchasable","14":"product-type-simple","15":"layout-style-1","16":"col-md-4 col-sm-4 col-xs-6","17":"col-lg-3","18":"product-has-gallery","19":"product-style-default"},"_links":{"self":[{"href":"https:\/\/www.comoditahome.com\/mk\/sq\/wp-json\/wp\/v2\/product\/51728","targetHints":{"allow":["GET"]}}],"collection":[{"href":"https:\/\/www.comoditahome.com\/mk\/sq\/wp-json\/wp\/v2\/product"}],"about":[{"href":"https:\/\/www.comoditahome.com\/mk\/sq\/wp-json\/wp\/v2\/types\/product"}],"version-history":[{"count":0,"href":"https:\/\/www.comoditahome.com\/mk\/sq\/wp-json\/wp\/v2\/product\/51728\/revisions"}],"wp:featuredmedia":[{"embeddable":true,"href":"https:\/\/www.comoditahome.com\/mk\/sq\/wp-json\/wp\/v2\/media\/56252"}],"wp:attachment":[{"href":"https:\/\/www.comoditahome.com\/mk\/sq\/wp-json\/wp\/v2\/media?parent=51728"}],"wp:term":[{"taxonomy":"product_cat","embeddable":true,"href":"https:\/\/www.comoditahome.com\/mk\/sq\/wp-json\/wp\/v2\/product_cat?post=51728"},{"taxonomy":"product_tag","embeddable":true,"href":"https:\/\/www.comoditahome.com\/mk\/sq\/wp-json\/wp\/v2\/product_tag?post=51728"}],"curies":[{"name":"wp","href":"https:\/\/api.w.org\/{rel}","templated":true}]}}