 {"id":52212,"date":"2022-06-25T22:37:20","date_gmt":"2022-06-25T20:37:20","guid":{"rendered":"https:\/\/www.comoditahome.com\/mk\/?post_type=product&#038;p=52212"},"modified":"2026-05-05T22:10:01","modified_gmt":"2026-05-05T20:10:01","slug":"guest-fold-piknik-3p","status":"publish","type":"product","link":"https:\/\/www.comoditahome.com\/mk\/sq\/product\/guest-fold-piknik-3p\/","title":{"rendered":"Guest Fold Piknik 3P"},"content":{"rendered":"","protected":false},"excerpt":{"rendered":"<p style=\"text-align: left;\">Dyshek palos\u00ebs me funksionalitet t\u00eb dyfisht\u00eb! P\u00ebrdoreni at\u00eb t\u00eb palosur si nj\u00eb divan, dhe shpaloseni duke e shnd\u00ebrruar n\u00eb nj\u00eb dyshek t\u00eb rehatsh\u00ebm gjumi.<\/p>\n<p>&nbsp;<\/p>\n<p style=\"text-align: left;\">I p\u00ebrb\u00ebr\u00eb nga shkum\u00eb poliuretane me dend\u00ebsi adekuate, i cili i ofron mb\u00ebshtetjen e duhur trupit n\u00eb \u00e7far\u00ebdo funksioni q\u00eb zgjedhni ta p\u00ebrdorni. Ka mb\u00ebshtjell\u00ebs mikrofib\u00ebr i cili hiqet leht\u00eb p\u00ebr t\u2019u pastruar. I leht\u00eb p\u00ebr t\u2019u bartur dhe ruajtur duke kursyer hap\u00ebsir\u00ebn tuaj.<\/p>\n<p>&nbsp;<\/p>\n<ul>\n<li style=\"text-align: left;\"><span style=\"color: #ff0000;\"><strong>Ngjyra:<\/strong> Mundet t\u00eb jet\u00eb e llojlloshme, nuk mund t\u00eb zgjedhet me online porosi!<\/span><\/li>\n<li style=\"text-align: left;\"><strong>Dimensioni:<\/strong> 190x80x10cm<\/li>\n<li style=\"text-align: left;\"><strong>Materiali:<\/strong> Shkum\u00eb poliuretane<\/li>\n<li style=\"text-align: left;\"><strong>Udh\u00ebzime p\u00ebr p\u00ebrdorim:<\/strong> Mund t\u00eb lahet vet\u00ebm mb\u00ebshtjell\u00ebsi i jasht\u00ebm.<\/li>\n<li style=\"text-align: left;\"><strong>Garanci dhe kushtet e kthimit:<\/strong> P\u00ebr shkak t\u00eb kontaktit me higjien\u00eb personale, p\u00ebr produktet e tekstilit nuk pranohen kthime apo reklamacione.<\/li>\n<\/ul>\n","protected":false},"featured_media":52207,"template":"","meta":[],"product_cat":[307,311],"product_tag":[],"class_list":{"0":"post-52212","1":"product","2":"type-product","3":"status-publish","4":"has-post-thumbnail","6":"product_cat-dhoma-e-ndenjes","7":"product_cat-ndenje","9":"first","10":"outofstock","11":"sale","12":"shipping-taxable","13":"purchasable","14":"product-type-simple","15":"layout-style-1","16":"col-md-4 col-sm-4 col-xs-6","17":"col-lg-3","18":"product-has-gallery","19":"product-style-default"},"_links":{"self":[{"href":"https:\/\/www.comoditahome.com\/mk\/sq\/wp-json\/wp\/v2\/product\/52212","targetHints":{"allow":["GET"]}}],"collection":[{"href":"https:\/\/www.comoditahome.com\/mk\/sq\/wp-json\/wp\/v2\/product"}],"about":[{"href":"https:\/\/www.comoditahome.com\/mk\/sq\/wp-json\/wp\/v2\/types\/product"}],"version-history":[{"count":0,"href":"https:\/\/www.comoditahome.com\/mk\/sq\/wp-json\/wp\/v2\/product\/52212\/revisions"}],"wp:featuredmedia":[{"embeddable":true,"href":"https:\/\/www.comoditahome.com\/mk\/sq\/wp-json\/wp\/v2\/media\/52207"}],"wp:attachment":[{"href":"https:\/\/www.comoditahome.com\/mk\/sq\/wp-json\/wp\/v2\/media?parent=52212"}],"wp:term":[{"taxonomy":"product_cat","embeddable":true,"href":"https:\/\/www.comoditahome.com\/mk\/sq\/wp-json\/wp\/v2\/product_cat?post=52212"},{"taxonomy":"product_tag","embeddable":true,"href":"https:\/\/www.comoditahome.com\/mk\/sq\/wp-json\/wp\/v2\/product_tag?post=52212"}],"curies":[{"name":"wp","href":"https:\/\/api.w.org\/{rel}","templated":true}]}}