 {"id":52262,"date":"2022-06-25T23:16:02","date_gmt":"2022-06-25T21:16:02","guid":{"rendered":"https:\/\/www.comoditahome.com\/mk\/?post_type=product&#038;p=52262"},"modified":"2026-05-05T22:10:02","modified_gmt":"2026-05-05T20:10:02","slug":"set-carcafesh-wolly","status":"publish","type":"product","link":"https:\/\/www.comoditahome.com\/mk\/sq\/product\/set-carcafesh-wolly\/","title":{"rendered":"Set \u00e7ar\u00e7af\u00ebsh Wolly"},"content":{"rendered":"","protected":false},"excerpt":{"rendered":"<p style=\"text-align: left;\">Seti i \u00e7ar\u00e7af\u00ebve Wolly p\u00ebrmes dizajnit autentik, prezenton frym\u00ebn e nj\u00eb stilimi p\u00ebrplot\u00eb me eleganc\u00eb q\u00eb personifikohet me pranver\u00ebn e lul\u00ebzuar. I gjith\u00eb dizajni i k\u00ebtij seti, sjell kombinimin artistik t\u00eb dy ngjyrave me pikturime lulesh tejet t\u00eb bukura. Ky set \u00e7ar\u00e7af\u00ebsh ju mund\u00ebson ambient higjenik larg alergjive dhe bakterieve.<\/p>\n<p>&nbsp;<\/p>\n<p style=\"text-align: left;\"><strong>Tek:<\/strong> 1x k\u00ebll\u00ebf jorgani 160x200cm, 1x \u00e7ar\u00e7af i dyshekut 160x240cm, 1x k\u00ebll\u00ebf jast\u00ebku 50x70cm.<\/p>\n<p style=\"text-align: left;\"><strong>\u00c7ift:<\/strong> 1x k\u00ebll\u00ebf jorgani 200x200cm, 1x \u00e7ar\u00e7af i dyshekut 240x260cm, 2x k\u00ebll\u00ebf jast\u00ebk\u00ebsh 50x70cm.<\/p>\n<p>&nbsp;<\/p>\n<ul>\n<li style=\"text-align: left;\"><strong>Materiali:<\/strong> Pambuk dhe saten.<\/li>\n<li style=\"text-align: left;\"><strong>Udh\u00ebzime p\u00ebr p\u00ebrdorim:<\/strong> N\u00eb makin\u00eb lar\u00ebse 30\u00b0C.<\/li>\n<li style=\"text-align: left;\"><strong>Garanci dhe kushtet e kthimit:<\/strong> P\u00ebr shkak t\u00eb kontaktit me higjien\u00eb personale, p\u00ebr produktet e tekstilit nuk pranohen kthime apo reklamacione.<\/li>\n<\/ul>\n","protected":false},"featured_media":52255,"template":"","meta":[],"product_cat":[343,353],"product_tag":[],"class_list":{"0":"post-52262","1":"product","2":"type-product","3":"status-publish","4":"has-post-thumbnail","6":"product_cat-gjume","7":"product_cat-set-carcafesh","9":"first","10":"outofstock","11":"sale","12":"shipping-taxable","13":"purchasable","14":"product-type-variable","15":"layout-style-1","16":"col-md-4 col-sm-4 col-xs-6","17":"col-lg-3","18":"product-has-gallery","19":"product-style-default"},"_links":{"self":[{"href":"https:\/\/www.comoditahome.com\/mk\/sq\/wp-json\/wp\/v2\/product\/52262","targetHints":{"allow":["GET"]}}],"collection":[{"href":"https:\/\/www.comoditahome.com\/mk\/sq\/wp-json\/wp\/v2\/product"}],"about":[{"href":"https:\/\/www.comoditahome.com\/mk\/sq\/wp-json\/wp\/v2\/types\/product"}],"version-history":[{"count":0,"href":"https:\/\/www.comoditahome.com\/mk\/sq\/wp-json\/wp\/v2\/product\/52262\/revisions"}],"wp:featuredmedia":[{"embeddable":true,"href":"https:\/\/www.comoditahome.com\/mk\/sq\/wp-json\/wp\/v2\/media\/52255"}],"wp:attachment":[{"href":"https:\/\/www.comoditahome.com\/mk\/sq\/wp-json\/wp\/v2\/media?parent=52262"}],"wp:term":[{"taxonomy":"product_cat","embeddable":true,"href":"https:\/\/www.comoditahome.com\/mk\/sq\/wp-json\/wp\/v2\/product_cat?post=52262"},{"taxonomy":"product_tag","embeddable":true,"href":"https:\/\/www.comoditahome.com\/mk\/sq\/wp-json\/wp\/v2\/product_tag?post=52262"}],"curies":[{"name":"wp","href":"https:\/\/api.w.org\/{rel}","templated":true}]}}