 {"id":53239,"date":"2022-07-20T19:56:43","date_gmt":"2022-07-20T17:56:43","guid":{"rendered":"https:\/\/www.comoditahome.com\/mk\/?post_type=product&#038;p=53239"},"modified":"2026-05-05T22:10:03","modified_gmt":"2026-05-05T20:10:03","slug":"jastek-dekorativ-rrethor-fi","status":"publish","type":"product","link":"https:\/\/www.comoditahome.com\/mk\/sq\/product\/jastek-dekorativ-rrethor-fi\/","title":{"rendered":"Jast\u00ebk dekorativ rrethor Fi"},"content":{"rendered":"","protected":false},"excerpt":{"rendered":"<p style=\"text-align: left;\">Ul\u00ebsja e qepur n\u00eb form\u00eb rrumbullake, e p\u00ebrshtatshme p\u00ebr t&#8217;u p\u00ebrdorur si shilte apo ul\u00ebse dekorative. Njihet p\u00ebr kualitet dhe q\u00ebndrueshm\u00ebri. Dizajni i saj ka nj\u00eb form\u00eb t\u00eb rafinuar e cila theksohet anash me nj\u00eb vij\u00eb t\u00eb trash\u00eb. Ul\u00ebsja ofron nj\u00eb komoditet t\u00eb pakrahasuesh\u00ebm.<\/p>\n<p>&nbsp;<\/p>\n<ul>\n<li style=\"text-align: left;\"><strong>Dimensioni:<\/strong> 68x10cm<\/li>\n<li style=\"text-align: left;\"><span style=\"color: #ff0000;\"><strong>Ngjyra:<\/strong> Mundet t\u00eb jet\u00eb e llojlloshme, nuk mund t\u00eb zgjedhet me online porosi!<\/span><\/li>\n<li style=\"text-align: left;\"><strong>Materiali:<\/strong> Shkum\u00eb Memory.<\/li>\n<li style=\"text-align: left;\"><strong>Udh\u00ebzime p\u00ebr p\u00ebrdorim:<\/strong> Mund t\u00eb lahet vet\u00ebm mb\u00ebshtjell\u00ebsi i jasht\u00ebm.<\/li>\n<li style=\"text-align: left;\"><strong>Garanci dhe kushtet e kthimit:<\/strong> P\u00ebr shkak t\u00eb kontaktit me higjien\u00eb personale, p\u00ebr produktet e tekstilit nuk pranohen kthime apo reklamacione.<\/li>\n<\/ul>\n","protected":false},"featured_media":53230,"template":"","meta":[],"product_cat":[1184,1201,307,309],"product_tag":[],"class_list":{"0":"post-53239","1":"product","2":"type-product","3":"status-publish","4":"has-post-thumbnail","6":"product_cat-do-1000-denari","7":"product_cat-do-1000-denari-sq","8":"product_cat-dhoma-e-ndenjes","9":"product_cat-jastek-dekorativ","11":"first","12":"outofstock","13":"sale","14":"shipping-taxable","15":"purchasable","16":"product-type-simple","17":"layout-style-1","18":"col-md-4 col-sm-4 col-xs-6","19":"col-lg-3","20":"product-has-gallery","21":"product-style-default"},"_links":{"self":[{"href":"https:\/\/www.comoditahome.com\/mk\/sq\/wp-json\/wp\/v2\/product\/53239","targetHints":{"allow":["GET"]}}],"collection":[{"href":"https:\/\/www.comoditahome.com\/mk\/sq\/wp-json\/wp\/v2\/product"}],"about":[{"href":"https:\/\/www.comoditahome.com\/mk\/sq\/wp-json\/wp\/v2\/types\/product"}],"version-history":[{"count":0,"href":"https:\/\/www.comoditahome.com\/mk\/sq\/wp-json\/wp\/v2\/product\/53239\/revisions"}],"wp:featuredmedia":[{"embeddable":true,"href":"https:\/\/www.comoditahome.com\/mk\/sq\/wp-json\/wp\/v2\/media\/53230"}],"wp:attachment":[{"href":"https:\/\/www.comoditahome.com\/mk\/sq\/wp-json\/wp\/v2\/media?parent=53239"}],"wp:term":[{"taxonomy":"product_cat","embeddable":true,"href":"https:\/\/www.comoditahome.com\/mk\/sq\/wp-json\/wp\/v2\/product_cat?post=53239"},{"taxonomy":"product_tag","embeddable":true,"href":"https:\/\/www.comoditahome.com\/mk\/sq\/wp-json\/wp\/v2\/product_tag?post=53239"}],"curies":[{"name":"wp","href":"https:\/\/api.w.org\/{rel}","templated":true}]}}