 {"id":53526,"date":"2022-08-05T17:57:09","date_gmt":"2022-08-05T15:57:09","guid":{"rendered":"https:\/\/www.comoditahome.com\/mk\/?post_type=product&#038;p=53526"},"modified":"2026-05-14T11:09:09","modified_gmt":"2026-05-14T09:09:09","slug":"tigan-zecchino-25cm","status":"publish","type":"product","link":"https:\/\/www.comoditahome.com\/mk\/sq\/product\/tigan-zecchino-25cm\/","title":{"rendered":"Tigan Zecchino 25cm"},"content":{"rendered":"","protected":false},"excerpt":{"rendered":"<p style=\"text-align: left;\">Tigani Zecchino ka nj\u00eb sip\u00ebrfaqe t\u00eb shesht\u00eb q\u00eb e b\u00ebn\u00eb pjekjen e petullave tuaja shpejt\u00eb dhe shijsh\u00ebm. Doreza dhe modeli me form\u00eb t\u00eb rrumbullak\u00ebt e b\u00ebn\u00eb q\u00eb tigani t\u00eb jet\u00eb i leht\u00eb p\u00ebr t\u2019u p\u00ebrdorur dhe pastruar. Tigani shpr\u00ebndan nxeht\u00ebsin\u00eb nj\u00eblloj n\u00eb t\u00eb gjith\u00eb sip\u00ebrfaqen.<\/p>\n<p>&nbsp;<\/p>\n<ul>\n<li style=\"text-align: left;\"><strong>Dimensioni:<\/strong> 25cm<\/li>\n<li style=\"text-align: left;\"><strong>Materiali:<\/strong> Gur\u00eb.<\/li>\n<li style=\"text-align: left;\"><strong>Udh\u00ebzime p\u00ebr p\u00ebrdorim:<\/strong> Pastroni me dor\u00eb.<\/li>\n<li style=\"text-align: left;\"><strong>Garanci dhe m\u00ebnyra e kthimit:<\/strong> Ankesat p\u00ebr k\u00ebt\u00eb produkt pranohen brenda 24 or\u00ebve pas pranimit t\u00eb porosis\u00eb.<\/li>\n<\/ul>\n","protected":false},"featured_media":53517,"template":"","meta":[],"product_cat":[806,1184,1201,283,331,337],"product_tag":[],"class_list":{"0":"post-53526","1":"product","2":"type-product","3":"status-publish","4":"has-post-thumbnail","6":"product_cat-oferta-kuzhine","7":"product_cat-do-1000-denari","8":"product_cat-do-1000-denari-sq","9":"product_cat-oferta","10":"product_cat-kuzhine","11":"product_cat-ene-gatimi","13":"first","14":"instock","15":"sale","16":"shipping-taxable","17":"purchasable","18":"product-type-simple","19":"layout-style-1","20":"col-md-4 col-sm-4 col-xs-6","21":"col-lg-3","22":"product-has-gallery","23":"product-style-default"},"_links":{"self":[{"href":"https:\/\/www.comoditahome.com\/mk\/sq\/wp-json\/wp\/v2\/product\/53526","targetHints":{"allow":["GET"]}}],"collection":[{"href":"https:\/\/www.comoditahome.com\/mk\/sq\/wp-json\/wp\/v2\/product"}],"about":[{"href":"https:\/\/www.comoditahome.com\/mk\/sq\/wp-json\/wp\/v2\/types\/product"}],"version-history":[{"count":0,"href":"https:\/\/www.comoditahome.com\/mk\/sq\/wp-json\/wp\/v2\/product\/53526\/revisions"}],"wp:featuredmedia":[{"embeddable":true,"href":"https:\/\/www.comoditahome.com\/mk\/sq\/wp-json\/wp\/v2\/media\/53517"}],"wp:attachment":[{"href":"https:\/\/www.comoditahome.com\/mk\/sq\/wp-json\/wp\/v2\/media?parent=53526"}],"wp:term":[{"taxonomy":"product_cat","embeddable":true,"href":"https:\/\/www.comoditahome.com\/mk\/sq\/wp-json\/wp\/v2\/product_cat?post=53526"},{"taxonomy":"product_tag","embeddable":true,"href":"https:\/\/www.comoditahome.com\/mk\/sq\/wp-json\/wp\/v2\/product_tag?post=53526"}],"curies":[{"name":"wp","href":"https:\/\/api.w.org\/{rel}","templated":true}]}}