 {"id":53553,"date":"2022-08-05T18:33:39","date_gmt":"2022-08-05T16:33:39","guid":{"rendered":"https:\/\/www.comoditahome.com\/mk\/?post_type=product&#038;p=53553"},"modified":"2026-04-16T10:04:05","modified_gmt":"2026-04-16T08:04:05","slug":"tigan-rose-gold-diamant","status":"publish","type":"product","link":"https:\/\/www.comoditahome.com\/mk\/sq\/product\/tigan-rose-gold-diamant\/","title":{"rendered":"Tigan Rose Gold Diamant"},"content":{"rendered":"","protected":false},"excerpt":{"rendered":"<p style=\"text-align: left;\">Tigani Rose Gold Diamant \u00ebsht\u00eb i nd\u00ebrtuar nga nj\u00eb trup i aluminit me trash\u00ebsi t\u00eb lart\u00eb. Ka pjes\u00ebn e poshtme me induksion dhe njihet p\u00ebr veshjen e brendshme jo-ngjit\u00ebse q\u00eb sh\u00ebrben si baz\u00eb mbrojt\u00ebse e p\u00ebrb\u00ebr\u00eb nga grimca t\u00eb v\u00ebrteta diamanti natyror dhe mikrokristale. Tigani ka pamjen e jashtme prej alumini me mbrojtje transparente t\u00eb ngjyr\u00ebs s\u00eb bakrit, dhe ka doreza prej \u00e7eliku inox me model ekskluziv.<\/p>\n<p>&nbsp;<\/p>\n<ul>\n<li style=\"text-align: left;\"><strong>Dimensione:<\/strong> 20cm, 24cm, 28cm<\/li>\n<li style=\"text-align: left;\"><strong>Materiali:<\/strong> Alumin, \u00e7elik dhe inox.<\/li>\n<li style=\"text-align: left;\"><strong>Udh\u00ebzime p\u00ebr p\u00ebrdorim:<\/strong> Pastroni me dor\u00eb.<\/li>\n<li style=\"text-align: left;\"><strong>Garanci dhe m\u00ebnyra e kthimit:<\/strong> Ankesat p\u00ebr k\u00ebt\u00eb produkt pranohen brenda 24 or\u00ebve pas pranimit t\u00eb porosis\u00eb.<\/li>\n<\/ul>\n","protected":false},"featured_media":53544,"template":"","meta":[],"product_cat":[331,337],"product_tag":[],"class_list":{"0":"post-53553","1":"product","2":"type-product","3":"status-publish","4":"has-post-thumbnail","6":"product_cat-kuzhine","7":"product_cat-ene-gatimi","9":"first","10":"instock","11":"sale","12":"shipping-taxable","13":"purchasable","14":"product-type-variable","15":"layout-style-1","16":"col-md-4 col-sm-4 col-xs-6","17":"col-lg-3","18":"product-has-gallery","19":"product-style-default"},"_links":{"self":[{"href":"https:\/\/www.comoditahome.com\/mk\/sq\/wp-json\/wp\/v2\/product\/53553","targetHints":{"allow":["GET"]}}],"collection":[{"href":"https:\/\/www.comoditahome.com\/mk\/sq\/wp-json\/wp\/v2\/product"}],"about":[{"href":"https:\/\/www.comoditahome.com\/mk\/sq\/wp-json\/wp\/v2\/types\/product"}],"version-history":[{"count":0,"href":"https:\/\/www.comoditahome.com\/mk\/sq\/wp-json\/wp\/v2\/product\/53553\/revisions"}],"wp:featuredmedia":[{"embeddable":true,"href":"https:\/\/www.comoditahome.com\/mk\/sq\/wp-json\/wp\/v2\/media\/53544"}],"wp:attachment":[{"href":"https:\/\/www.comoditahome.com\/mk\/sq\/wp-json\/wp\/v2\/media?parent=53553"}],"wp:term":[{"taxonomy":"product_cat","embeddable":true,"href":"https:\/\/www.comoditahome.com\/mk\/sq\/wp-json\/wp\/v2\/product_cat?post=53553"},{"taxonomy":"product_tag","embeddable":true,"href":"https:\/\/www.comoditahome.com\/mk\/sq\/wp-json\/wp\/v2\/product_tag?post=53553"}],"curies":[{"name":"wp","href":"https:\/\/api.w.org\/{rel}","templated":true}]}}