 {"id":53568,"date":"2022-08-05T18:40:55","date_gmt":"2022-08-05T16:40:55","guid":{"rendered":"https:\/\/www.comoditahome.com\/mk\/?post_type=product&#038;p=53568"},"modified":"2026-04-16T10:04:04","modified_gmt":"2026-04-16T08:04:04","slug":"tenxhere-per-furre-rose-gold-diamant","status":"publish","type":"product","link":"https:\/\/www.comoditahome.com\/mk\/sq\/product\/tenxhere-per-furre-rose-gold-diamant\/","title":{"rendered":"Tenxhere p\u00ebr furr\u00eb Rose Gold Diamant"},"content":{"rendered":"","protected":false},"excerpt":{"rendered":"<p style=\"text-align: left;\">Tenxherja Rose Gold Diamant \u00ebsht\u00eb i nd\u00ebrtuar nga nj\u00eb trup i aluminit me trash\u00ebsi t\u00eb lart\u00eb. Ka pjes\u00ebn e poshtme me induksion dhe njihet p\u00ebr veshjen e brendshme jo-ngjit\u00ebse q\u00eb sh\u00ebrben si baz\u00eb mbrojt\u00ebse e p\u00ebrb\u00ebr\u00eb nga grimca t\u00eb v\u00ebrteta diamanti natyror dhe mikrokristale. Tenxherja ka pamjen e jashtme prej alumini me mbrojtje transparente t\u00eb ngjyr\u00ebs s\u00eb bakrit, dhe ka doreza prej \u00e7eliku inox me model ekskluziv.<\/p>\n<p>&nbsp;<\/p>\n<ul>\n<li style=\"text-align: left;\"><strong>Dimensioni:<\/strong> 24cm<\/li>\n<li style=\"text-align: left;\"><strong>Materiali:<\/strong> Alumin, \u00e7elik dhe inox.<\/li>\n<li style=\"text-align: left;\"><strong>Udh\u00ebzime p\u00ebr p\u00ebrdorim:<\/strong> Pastroni me dor\u00eb.<\/li>\n<li style=\"text-align: left;\"><strong>Garanci dhe m\u00ebnyra e kthimit:<\/strong> Ankesat p\u00ebr k\u00ebt\u00eb produkt pranohen brenda 24 or\u00ebve pas pranimit t\u00eb porosis\u00eb.<\/li>\n<\/ul>\n","protected":false},"featured_media":53559,"template":"","meta":[],"product_cat":[331,337],"product_tag":[],"class_list":{"0":"post-53568","1":"product","2":"type-product","3":"status-publish","4":"has-post-thumbnail","6":"product_cat-kuzhine","7":"product_cat-ene-gatimi","9":"first","10":"instock","11":"sale","12":"shipping-taxable","13":"purchasable","14":"product-type-simple","15":"layout-style-1","16":"col-md-4 col-sm-4 col-xs-6","17":"col-lg-3","18":"product-has-gallery","19":"product-style-default"},"_links":{"self":[{"href":"https:\/\/www.comoditahome.com\/mk\/sq\/wp-json\/wp\/v2\/product\/53568","targetHints":{"allow":["GET"]}}],"collection":[{"href":"https:\/\/www.comoditahome.com\/mk\/sq\/wp-json\/wp\/v2\/product"}],"about":[{"href":"https:\/\/www.comoditahome.com\/mk\/sq\/wp-json\/wp\/v2\/types\/product"}],"version-history":[{"count":0,"href":"https:\/\/www.comoditahome.com\/mk\/sq\/wp-json\/wp\/v2\/product\/53568\/revisions"}],"wp:featuredmedia":[{"embeddable":true,"href":"https:\/\/www.comoditahome.com\/mk\/sq\/wp-json\/wp\/v2\/media\/53559"}],"wp:attachment":[{"href":"https:\/\/www.comoditahome.com\/mk\/sq\/wp-json\/wp\/v2\/media?parent=53568"}],"wp:term":[{"taxonomy":"product_cat","embeddable":true,"href":"https:\/\/www.comoditahome.com\/mk\/sq\/wp-json\/wp\/v2\/product_cat?post=53568"},{"taxonomy":"product_tag","embeddable":true,"href":"https:\/\/www.comoditahome.com\/mk\/sq\/wp-json\/wp\/v2\/product_tag?post=53568"}],"curies":[{"name":"wp","href":"https:\/\/api.w.org\/{rel}","templated":true}]}}