 {"id":54564,"date":"2022-09-15T11:53:03","date_gmt":"2022-09-15T09:53:03","guid":{"rendered":"https:\/\/www.comoditahome.com\/mk\/?post_type=product&#038;p=54564"},"modified":"2026-05-05T22:10:03","modified_gmt":"2026-05-05T20:10:03","slug":"jastek-mind-best-massage","status":"publish","type":"product","link":"https:\/\/www.comoditahome.com\/mk\/sq\/product\/jastek-mind-best-massage\/","title":{"rendered":"Jast\u00ebk Mind Best Massage"},"content":{"rendered":"","protected":false},"excerpt":{"rendered":"<p style=\"text-align: left;\">Jast\u00ebku Mind Best Massage ka p\u00ebrb\u00ebrje t\u00eb shkum\u00ebs Memory dhe \u00ebsht\u00eb i rafinuar n\u00eb nj\u00eb kontur\u00eb ergonomike q\u00eb ofron mb\u00ebshtetje optimale dhe natyrale t\u00eb kok\u00ebs, qaf\u00ebs dhe fillimshpin\u00ebs. I nd\u00ebrtuar me nj\u00eb num\u00ebr vrimash q\u00eb duksh\u00ebm p\u00ebrmir\u00ebsojn\u00eb transpiracionin duke e ulur nivelin e lag\u00ebshtis\u00eb, dhe q\u00eb t\u00eb leht\u00ebsoj qarkullimin e gjakut dhe relaksimin e muskujve. Mind Best Massage i p\u00ebrshtatet temperatur\u00ebs s\u00eb trupit n\u00eb kushte normale pavar\u00ebsisht temperatur\u00ebs t\u00eb ambientit.<\/p>\n<p>&nbsp;<\/p>\n<ul>\n<li style=\"text-align: left;\"><strong>Dimensioni:<\/strong> 72x42x13\/10,5cm<\/li>\n<li style=\"text-align: left;\"><strong>Materiali:<\/strong> Shkum\u00eb Memory<\/li>\n<li style=\"text-align: left;\"><strong>Udh\u00ebzime p\u00ebr p\u00ebrdorim:<\/strong> Nuk lahet, vet\u00ebajroset.<\/li>\n<li style=\"text-align: left;\"><strong>Garanci dhe kushtet e kthimit:<\/strong> P\u00ebr shkak t\u00eb kontaktit me higjien\u00eb personale, p\u00ebr produktet e tekstilit nuk pranohen kthime apo reklamacione.<\/li>\n<\/ul>\n","protected":false},"featured_media":54560,"template":"","meta":[],"product_cat":[808,283,343,349],"product_tag":[],"class_list":{"0":"post-54564","1":"product","2":"type-product","3":"status-publish","4":"has-post-thumbnail","6":"product_cat-oferta-gjume","7":"product_cat-oferta","8":"product_cat-gjume","9":"product_cat-jastek","11":"first","12":"instock","13":"sale","14":"shipping-taxable","15":"purchasable","16":"product-type-simple","17":"layout-style-1","18":"col-md-4 col-sm-4 col-xs-6","19":"col-lg-3","20":"product-has-gallery","21":"product-style-default"},"_links":{"self":[{"href":"https:\/\/www.comoditahome.com\/mk\/sq\/wp-json\/wp\/v2\/product\/54564","targetHints":{"allow":["GET"]}}],"collection":[{"href":"https:\/\/www.comoditahome.com\/mk\/sq\/wp-json\/wp\/v2\/product"}],"about":[{"href":"https:\/\/www.comoditahome.com\/mk\/sq\/wp-json\/wp\/v2\/types\/product"}],"version-history":[{"count":0,"href":"https:\/\/www.comoditahome.com\/mk\/sq\/wp-json\/wp\/v2\/product\/54564\/revisions"}],"wp:featuredmedia":[{"embeddable":true,"href":"https:\/\/www.comoditahome.com\/mk\/sq\/wp-json\/wp\/v2\/media\/54560"}],"wp:attachment":[{"href":"https:\/\/www.comoditahome.com\/mk\/sq\/wp-json\/wp\/v2\/media?parent=54564"}],"wp:term":[{"taxonomy":"product_cat","embeddable":true,"href":"https:\/\/www.comoditahome.com\/mk\/sq\/wp-json\/wp\/v2\/product_cat?post=54564"},{"taxonomy":"product_tag","embeddable":true,"href":"https:\/\/www.comoditahome.com\/mk\/sq\/wp-json\/wp\/v2\/product_tag?post=54564"}],"curies":[{"name":"wp","href":"https:\/\/api.w.org\/{rel}","templated":true}]}}