 {"id":55603,"date":"2022-10-13T13:43:51","date_gmt":"2022-10-13T11:43:51","guid":{"rendered":"https:\/\/www.comoditahome.com\/mk\/?post_type=product&#038;p=55603"},"modified":"2026-04-16T10:04:07","modified_gmt":"2026-04-16T08:04:07","slug":"posluzavnik-bambuco","status":"publish","type":"product","link":"https:\/\/www.comoditahome.com\/mk\/sq\/product\/posluzavnik-bambuco\/","title":{"rendered":"Tabaka bambuko"},"content":{"rendered":"","protected":false},"excerpt":{"rendered":"<p style=\"text-align: left;\">Tabaka nga linja Bambuco. Me nj\u00eb dizajn minimalist, tabakaja \u00ebsht\u00eb prej druri bambuje, nj\u00eb dru q\u00eb \u00ebsht\u00eb rezistent ndaj lag\u00ebshtir\u00ebs dhe ka nj\u00eb pamje t\u00eb ngroht\u00eb. Sh\u00ebrbejini t\u00eb dashurit tuaj me eleganc\u00eb!<\/p>\n<p>&nbsp;<\/p>\n<ul>\n<li style=\"text-align: left;\"><strong>P\u00ebrmasat:<\/strong> 33x21x2cm, 36x24x2cm<\/li>\n<li style=\"text-align: left;\"><strong>Materiali:<\/strong> Dru bambu.<\/li>\n<li style=\"text-align: left;\"><strong>Udh\u00ebzime p\u00ebr p\u00ebrdorim:<\/strong> Pastrojeni me dor\u00eb.<\/li>\n<li style=\"text-align: left;\"><strong>Garancia dhe m\u00ebnyra e kthimit:<\/strong> Ankesat p\u00ebr k\u00ebt\u00eb produkt pranohen brenda 24 or\u00ebve nga marrja e porosis\u00eb.<\/li>\n<\/ul>\n","protected":false},"featured_media":55591,"template":"","meta":[],"product_cat":[1184,1201,331,336],"product_tag":[],"class_list":{"0":"post-55603","1":"product","2":"type-product","3":"status-publish","4":"has-post-thumbnail","6":"product_cat-do-1000-denari","7":"product_cat-do-1000-denari-sq","8":"product_cat-kuzhine","9":"product_cat-tabak","11":"first","12":"instock","13":"sale","14":"shipping-taxable","15":"purchasable","16":"product-type-variable","17":"layout-style-1","18":"col-md-4 col-sm-4 col-xs-6","19":"col-lg-3","20":"product-has-gallery","21":"product-style-default"},"_links":{"self":[{"href":"https:\/\/www.comoditahome.com\/mk\/sq\/wp-json\/wp\/v2\/product\/55603","targetHints":{"allow":["GET"]}}],"collection":[{"href":"https:\/\/www.comoditahome.com\/mk\/sq\/wp-json\/wp\/v2\/product"}],"about":[{"href":"https:\/\/www.comoditahome.com\/mk\/sq\/wp-json\/wp\/v2\/types\/product"}],"version-history":[{"count":0,"href":"https:\/\/www.comoditahome.com\/mk\/sq\/wp-json\/wp\/v2\/product\/55603\/revisions"}],"wp:featuredmedia":[{"embeddable":true,"href":"https:\/\/www.comoditahome.com\/mk\/sq\/wp-json\/wp\/v2\/media\/55591"}],"wp:attachment":[{"href":"https:\/\/www.comoditahome.com\/mk\/sq\/wp-json\/wp\/v2\/media?parent=55603"}],"wp:term":[{"taxonomy":"product_cat","embeddable":true,"href":"https:\/\/www.comoditahome.com\/mk\/sq\/wp-json\/wp\/v2\/product_cat?post=55603"},{"taxonomy":"product_tag","embeddable":true,"href":"https:\/\/www.comoditahome.com\/mk\/sq\/wp-json\/wp\/v2\/product_tag?post=55603"}],"curies":[{"name":"wp","href":"https:\/\/api.w.org\/{rel}","templated":true}]}}