 {"id":55913,"date":"2022-10-25T15:19:21","date_gmt":"2022-10-25T13:19:21","guid":{"rendered":"https:\/\/www.comoditahome.com\/mk\/?post_type=product&#038;p=55913"},"modified":"2026-04-16T10:04:07","modified_gmt":"2026-04-16T08:04:07","slug":"set-pjatash-deserti-blue-black-mist","status":"publish","type":"product","link":"https:\/\/www.comoditahome.com\/mk\/sq\/product\/set-pjatash-deserti-blue-black-mist\/","title":{"rendered":"Set pjatash deserti Blue &#038; Black Mist"},"content":{"rendered":"","protected":false},"excerpt":{"rendered":"<p style=\"text-align: left;\">Seti i pjatave t\u00eb desertit Blue &amp; Black Misk vjen n\u00eb form\u00eb t\u00eb rrumbullak\u00ebt dhe t\u00eb kufizuara me nj\u00eb dizajn fantastik. K\u00ebto pjata t\u00eb rrafsh\u00ebta dallohen nga pikturimi i inspiruar prej ngjyrave t\u00eb bukura dhe me forma artistike.<\/p>\n<p>&nbsp;<\/p>\n<ul>\n<li style=\"text-align: left;\"><strong>Materiali:<\/strong> Porcelan<\/li>\n<li style=\"text-align: left;\"><strong>Dimensioni:<\/strong> 20cm<\/li>\n<li style=\"text-align: left;\"><strong>Seti ka 6 pjes\u00eb:<\/strong> 6x pjata<\/li>\n<li style=\"text-align: left;\"><strong>Udh\u00ebzime p\u00ebr p\u00ebrdorim:<\/strong> Pastroni me dor\u00eb.<\/li>\n<li style=\"text-align: left;\"><strong>Garanci dhe m\u00ebnyra e kthimit:<\/strong> Ankesat p\u00ebr k\u00ebt\u00eb produkt pranohen brenda 24 or\u00ebve pas pranimit t\u00eb porosis\u00eb.<\/li>\n<\/ul>\n","protected":false},"featured_media":55824,"template":"","meta":[],"product_cat":[1201,1184,354,359],"product_tag":[],"class_list":{"0":"post-55913","1":"product","2":"type-product","3":"status-publish","4":"has-post-thumbnail","6":"product_cat-do-1000-denari-sq","7":"product_cat-do-1000-denari","8":"product_cat-tryeze","9":"product_cat-set-pjatash","11":"first","12":"outofstock","13":"sale","14":"shipping-taxable","15":"purchasable","16":"product-type-simple","17":"layout-style-1","18":"col-md-4 col-sm-4 col-xs-6","19":"col-lg-3","20":"product-has-gallery","21":"product-style-default"},"_links":{"self":[{"href":"https:\/\/www.comoditahome.com\/mk\/sq\/wp-json\/wp\/v2\/product\/55913","targetHints":{"allow":["GET"]}}],"collection":[{"href":"https:\/\/www.comoditahome.com\/mk\/sq\/wp-json\/wp\/v2\/product"}],"about":[{"href":"https:\/\/www.comoditahome.com\/mk\/sq\/wp-json\/wp\/v2\/types\/product"}],"version-history":[{"count":0,"href":"https:\/\/www.comoditahome.com\/mk\/sq\/wp-json\/wp\/v2\/product\/55913\/revisions"}],"wp:featuredmedia":[{"embeddable":true,"href":"https:\/\/www.comoditahome.com\/mk\/sq\/wp-json\/wp\/v2\/media\/55824"}],"wp:attachment":[{"href":"https:\/\/www.comoditahome.com\/mk\/sq\/wp-json\/wp\/v2\/media?parent=55913"}],"wp:term":[{"taxonomy":"product_cat","embeddable":true,"href":"https:\/\/www.comoditahome.com\/mk\/sq\/wp-json\/wp\/v2\/product_cat?post=55913"},{"taxonomy":"product_tag","embeddable":true,"href":"https:\/\/www.comoditahome.com\/mk\/sq\/wp-json\/wp\/v2\/product_tag?post=55913"}],"curies":[{"name":"wp","href":"https:\/\/api.w.org\/{rel}","templated":true}]}}