 {"id":55924,"date":"2022-10-25T15:31:11","date_gmt":"2022-10-25T13:31:11","guid":{"rendered":"https:\/\/www.comoditahome.com\/mk\/?post_type=product&#038;p=55924"},"modified":"2026-05-05T22:10:05","modified_gmt":"2026-05-05T20:10:05","slug":"tabak-sherbimi-bambuco-2","status":"publish","type":"product","link":"https:\/\/www.comoditahome.com\/mk\/sq\/product\/tabak-sherbimi-bambuco-2\/","title":{"rendered":"Tabak sh\u00ebrbimi Bambuco"},"content":{"rendered":"","protected":false},"excerpt":{"rendered":"<p style=\"text-align: left;\">Tabak sh\u00ebrbimi nga linja Bambuco. Me dizajn minimalist, tabaku \u00ebsht\u00eb i p\u00ebrb\u00ebr\u00eb me material t\u00eb drurit t\u00eb bambus, dru i cili \u00ebsht\u00eb rezistent ndaj lag\u00ebshtis\u00eb dhe ka nj\u00eb pamje t\u00eb ngroht\u00eb. Sh\u00ebrbeni m\u00eb t\u00eb dashurit tuaj me eleganc\u00eb!<\/p>\n<p>&nbsp;<\/p>\n<ul>\n<li style=\"text-align: left;\"><strong>Dimensionet:<\/strong> 35x23cm, 40&#215;28.5cm<\/li>\n<li style=\"text-align: left;\"><strong>Materiali:<\/strong> Dru bambu.<\/li>\n<li style=\"text-align: left;\"><strong>Udh\u00ebzime p\u00ebr p\u00ebrdorim:<\/strong> Pastroni me dor\u00eb.<\/li>\n<li style=\"text-align: left;\"><strong>Garanci dhe m\u00ebnyra e kthimit:<\/strong> Ankesat p\u00ebr k\u00ebt\u00eb produkt pranohen brenda 24 or\u00ebve pas pranimit t\u00eb porosis\u00eb.<\/li>\n<\/ul>\n","protected":false},"featured_media":55834,"template":"","meta":[],"product_cat":[1184,1201,331,336],"product_tag":[],"class_list":{"0":"post-55924","1":"product","2":"type-product","3":"status-publish","4":"has-post-thumbnail","6":"product_cat-do-1000-denari","7":"product_cat-do-1000-denari-sq","8":"product_cat-kuzhine","9":"product_cat-tabak","11":"first","12":"outofstock","13":"sale","14":"shipping-taxable","15":"purchasable","16":"product-type-variable","17":"layout-style-1","18":"col-md-4 col-sm-4 col-xs-6","19":"col-lg-3","20":"product-has-gallery","21":"product-style-default"},"_links":{"self":[{"href":"https:\/\/www.comoditahome.com\/mk\/sq\/wp-json\/wp\/v2\/product\/55924","targetHints":{"allow":["GET"]}}],"collection":[{"href":"https:\/\/www.comoditahome.com\/mk\/sq\/wp-json\/wp\/v2\/product"}],"about":[{"href":"https:\/\/www.comoditahome.com\/mk\/sq\/wp-json\/wp\/v2\/types\/product"}],"version-history":[{"count":0,"href":"https:\/\/www.comoditahome.com\/mk\/sq\/wp-json\/wp\/v2\/product\/55924\/revisions"}],"wp:featuredmedia":[{"embeddable":true,"href":"https:\/\/www.comoditahome.com\/mk\/sq\/wp-json\/wp\/v2\/media\/55834"}],"wp:attachment":[{"href":"https:\/\/www.comoditahome.com\/mk\/sq\/wp-json\/wp\/v2\/media?parent=55924"}],"wp:term":[{"taxonomy":"product_cat","embeddable":true,"href":"https:\/\/www.comoditahome.com\/mk\/sq\/wp-json\/wp\/v2\/product_cat?post=55924"},{"taxonomy":"product_tag","embeddable":true,"href":"https:\/\/www.comoditahome.com\/mk\/sq\/wp-json\/wp\/v2\/product_tag?post=55924"}],"curies":[{"name":"wp","href":"https:\/\/api.w.org\/{rel}","templated":true}]}}