 {"id":55944,"date":"2022-10-25T15:59:37","date_gmt":"2022-10-25T13:59:37","guid":{"rendered":"https:\/\/www.comoditahome.com\/mk\/?post_type=product&#038;p=55944"},"modified":"2026-05-14T11:09:11","modified_gmt":"2026-05-14T09:09:11","slug":"tigan-per-krepa-naturalmente-moneta","status":"publish","type":"product","link":"https:\/\/www.comoditahome.com\/mk\/sq\/product\/tigan-per-krepa-naturalmente-moneta\/","title":{"rendered":"Tigan p\u00ebr krepa Naturalmente Moneta"},"content":{"rendered":"","protected":false},"excerpt":{"rendered":"<p style=\"text-align: left;\">I p\u00ebrkryer p\u00ebr p\u00ebrgatitjen e krepave. Tigan i cil\u00ebsis\u00eb s\u00eb lart\u00eb dhe i dizajnuar n\u00eb baz\u00eb t\u00eb teknologjis\u00eb s\u00eb fundit! Baza mbrojt\u00ebse e b\u00ebn\u00eb rezistent ndaj ngjitjes s\u00eb krepave, por edhe g\u00ebrryerjes s\u00eb tiganit. Dor\u00ebza \u00ebsht\u00eb e fiksuar n\u00eb m\u00ebnyr\u00eb t\u00eb sigurt\u00eb. Pastrohet shum\u00eb leht\u00eb.<\/p>\n<p>&nbsp;<\/p>\n<ul>\n<li style=\"text-align: left;\"><strong>Dimensioni:<\/strong> 22cm<\/li>\n<li style=\"text-align: left;\"><strong>Materiali:<\/strong> Gur\u00eb.<\/li>\n<li style=\"text-align: left;\"><strong>Udh\u00ebzime p\u00ebr p\u00ebrdorim:<\/strong> Pastroni me dor\u00eb.<\/li>\n<li style=\"text-align: left;\"><strong>Garanci dhe m\u00ebnyra e kthimit:<\/strong> Ankesat p\u00ebr k\u00ebt\u00eb produkt pranohen brenda 24 or\u00ebve pas pranimit t\u00eb porosis\u00eb.<\/li>\n<\/ul>\n","protected":false},"featured_media":55890,"template":"","meta":[],"product_cat":[1201,1184,331,337],"product_tag":[],"class_list":{"0":"post-55944","1":"product","2":"type-product","3":"status-publish","4":"has-post-thumbnail","6":"product_cat-do-1000-denari-sq","7":"product_cat-do-1000-denari","8":"product_cat-kuzhine","9":"product_cat-ene-gatimi","11":"first","12":"outofstock","13":"sale","14":"shipping-taxable","15":"purchasable","16":"product-type-simple","17":"layout-style-1","18":"col-md-4 col-sm-4 col-xs-6","19":"col-lg-3","20":"product-has-gallery","21":"product-style-default"},"_links":{"self":[{"href":"https:\/\/www.comoditahome.com\/mk\/sq\/wp-json\/wp\/v2\/product\/55944","targetHints":{"allow":["GET"]}}],"collection":[{"href":"https:\/\/www.comoditahome.com\/mk\/sq\/wp-json\/wp\/v2\/product"}],"about":[{"href":"https:\/\/www.comoditahome.com\/mk\/sq\/wp-json\/wp\/v2\/types\/product"}],"version-history":[{"count":0,"href":"https:\/\/www.comoditahome.com\/mk\/sq\/wp-json\/wp\/v2\/product\/55944\/revisions"}],"wp:featuredmedia":[{"embeddable":true,"href":"https:\/\/www.comoditahome.com\/mk\/sq\/wp-json\/wp\/v2\/media\/55890"}],"wp:attachment":[{"href":"https:\/\/www.comoditahome.com\/mk\/sq\/wp-json\/wp\/v2\/media?parent=55944"}],"wp:term":[{"taxonomy":"product_cat","embeddable":true,"href":"https:\/\/www.comoditahome.com\/mk\/sq\/wp-json\/wp\/v2\/product_cat?post=55944"},{"taxonomy":"product_tag","embeddable":true,"href":"https:\/\/www.comoditahome.com\/mk\/sq\/wp-json\/wp\/v2\/product_tag?post=55944"}],"curies":[{"name":"wp","href":"https:\/\/api.w.org\/{rel}","templated":true}]}}