 {"id":56016,"date":"2022-10-25T16:38:07","date_gmt":"2022-10-25T14:38:07","guid":{"rendered":"https:\/\/www.comoditahome.com\/mk\/?post_type=product&#038;p=56016"},"modified":"2026-05-14T11:09:11","modified_gmt":"2026-05-14T09:09:11","slug":"llambe-luani-black-white","status":"publish","type":"product","link":"https:\/\/www.comoditahome.com\/mk\/sq\/product\/llambe-luani-black-white\/","title":{"rendered":"Llamb\u00eb Luani Black &#038; White"},"content":{"rendered":"","protected":false},"excerpt":{"rendered":"<p style=\"text-align: left;\">Llamba vjen e punuar me nj\u00eb material kualitativ dhe dizajn tejet modern. Baza e saj form\u00ebsohet nga nj\u00eb skulptur\u00eb e luanit, nd\u00ebrsa pjesa e sip\u00ebrme ka mekanizmin e llamb\u00ebs q\u00eb l\u00ebshon drit\u00eb t\u00eb k\u00ebndshme. Kjo llamb\u00eb shkon mjaft\u00eb bukur n\u00eb ambiente t\u00eb err\u00ebta por edhe n\u00eb ato me plot\u00eb drit\u00eb. Ajo \u00ebsht\u00eb e p\u00ebrshtatshme p\u00ebr \u00e7far\u00ebdo tavoline, duke plot\u00ebsuar dhom\u00ebn apo zyr\u00ebn tuaj.<\/p>\n<p>&nbsp;<\/p>\n<ul>\n<li style=\"text-align: left;\"><strong>Dimensioni:<\/strong> 31x31x63cm<\/li>\n<li style=\"text-align: left;\"><strong>Materiali:<\/strong> Qeramik\u00eb, elektrik\u00eb, beze.<\/li>\n<li style=\"text-align: left;\"><strong>Udh\u00ebzime p\u00ebr p\u00ebrdorim:<\/strong> Pastroni me pastrues pluhuri.<\/li>\n<li style=\"text-align: left;\"><strong>Garanci dhe m\u00ebnyra e kthimit:<\/strong> Ankesat p\u00ebr k\u00ebt\u00eb produkt pranohen brenda 24 or\u00ebve pas pranimit t\u00eb porosis\u00eb.<\/li>\n<\/ul>\n","protected":false},"featured_media":56003,"template":"","meta":[],"product_cat":[307,312],"product_tag":[],"class_list":{"0":"post-56016","1":"product","2":"type-product","3":"status-publish","4":"has-post-thumbnail","6":"product_cat-dhoma-e-ndenjes","7":"product_cat-llamba","9":"first","10":"outofstock","11":"sale","12":"shipping-taxable","13":"purchasable","14":"product-type-simple","15":"layout-style-1","16":"col-md-4 col-sm-4 col-xs-6","17":"col-lg-3","18":"product-has-gallery","19":"product-style-default"},"_links":{"self":[{"href":"https:\/\/www.comoditahome.com\/mk\/sq\/wp-json\/wp\/v2\/product\/56016","targetHints":{"allow":["GET"]}}],"collection":[{"href":"https:\/\/www.comoditahome.com\/mk\/sq\/wp-json\/wp\/v2\/product"}],"about":[{"href":"https:\/\/www.comoditahome.com\/mk\/sq\/wp-json\/wp\/v2\/types\/product"}],"version-history":[{"count":0,"href":"https:\/\/www.comoditahome.com\/mk\/sq\/wp-json\/wp\/v2\/product\/56016\/revisions"}],"wp:featuredmedia":[{"embeddable":true,"href":"https:\/\/www.comoditahome.com\/mk\/sq\/wp-json\/wp\/v2\/media\/56003"}],"wp:attachment":[{"href":"https:\/\/www.comoditahome.com\/mk\/sq\/wp-json\/wp\/v2\/media?parent=56016"}],"wp:term":[{"taxonomy":"product_cat","embeddable":true,"href":"https:\/\/www.comoditahome.com\/mk\/sq\/wp-json\/wp\/v2\/product_cat?post=56016"},{"taxonomy":"product_tag","embeddable":true,"href":"https:\/\/www.comoditahome.com\/mk\/sq\/wp-json\/wp\/v2\/product_tag?post=56016"}],"curies":[{"name":"wp","href":"https:\/\/api.w.org\/{rel}","templated":true}]}}