 {"id":56133,"date":"2022-10-28T14:46:16","date_gmt":"2022-10-28T12:46:16","guid":{"rendered":"https:\/\/www.comoditahome.com\/mk\/?post_type=product&#038;p=56133"},"modified":"2026-05-05T22:10:05","modified_gmt":"2026-05-05T20:10:05","slug":"ene-sherbimi-per-buter-bambuco","status":"publish","type":"product","link":"https:\/\/www.comoditahome.com\/mk\/sq\/product\/ene-sherbimi-per-buter-bambuco\/","title":{"rendered":"Pjat\u00eb servirjeje me gjalp\u00eb Bambuco"},"content":{"rendered":"","protected":false},"excerpt":{"rendered":"<p style=\"text-align: left;\">Tas p\u00ebr servirjen e gjalpit nga linja Bambuco, me dru bambuje dhe material porcelani cil\u00ebsor. Druri i bambus\u00eb \u00ebsht\u00eb nj\u00eb material jasht\u00ebzakonisht i q\u00ebndruesh\u00ebm, rezistent ndaj lag\u00ebshtir\u00ebs dhe ka nj\u00eb pamje t\u00eb ngroht\u00eb.<\/p>\n<p>&nbsp;<\/p>\n<ul>\n<li style=\"text-align: left;\"><strong>Materiali:<\/strong> Porcelan dhe bambu.<\/li>\n<li style=\"text-align: left;\"><strong>Udh\u00ebzime p\u00ebr p\u00ebrdorim:<\/strong> Pastrojeni me dor\u00eb.<\/li>\n<li style=\"text-align: left;\"><strong>Garancia dhe m\u00ebnyra e kthimit:<\/strong> Ankesat p\u00ebr k\u00ebt\u00eb produkt pranohen brenda 24 or\u00ebve nga marrja e porosis\u00eb.<\/li>\n<\/ul>\n","protected":false},"featured_media":56123,"template":"","meta":[],"product_cat":[1201,354,357],"product_tag":[],"class_list":{"0":"post-56133","1":"product","2":"type-product","3":"status-publish","4":"has-post-thumbnail","6":"product_cat-do-1000-denari-sq","7":"product_cat-tryeze","8":"product_cat-ene-servimi","10":"first","11":"outofstock","12":"sale","13":"shipping-taxable","14":"purchasable","15":"product-type-simple","16":"layout-style-1","17":"col-md-4 col-sm-4 col-xs-6","18":"col-lg-3","19":"product-has-gallery","20":"product-style-default"},"_links":{"self":[{"href":"https:\/\/www.comoditahome.com\/mk\/sq\/wp-json\/wp\/v2\/product\/56133","targetHints":{"allow":["GET"]}}],"collection":[{"href":"https:\/\/www.comoditahome.com\/mk\/sq\/wp-json\/wp\/v2\/product"}],"about":[{"href":"https:\/\/www.comoditahome.com\/mk\/sq\/wp-json\/wp\/v2\/types\/product"}],"version-history":[{"count":2,"href":"https:\/\/www.comoditahome.com\/mk\/sq\/wp-json\/wp\/v2\/product\/56133\/revisions"}],"predecessor-version":[{"id":85070,"href":"https:\/\/www.comoditahome.com\/mk\/sq\/wp-json\/wp\/v2\/product\/56133\/revisions\/85070"}],"wp:featuredmedia":[{"embeddable":true,"href":"https:\/\/www.comoditahome.com\/mk\/sq\/wp-json\/wp\/v2\/media\/56123"}],"wp:attachment":[{"href":"https:\/\/www.comoditahome.com\/mk\/sq\/wp-json\/wp\/v2\/media?parent=56133"}],"wp:term":[{"taxonomy":"product_cat","embeddable":true,"href":"https:\/\/www.comoditahome.com\/mk\/sq\/wp-json\/wp\/v2\/product_cat?post=56133"},{"taxonomy":"product_tag","embeddable":true,"href":"https:\/\/www.comoditahome.com\/mk\/sq\/wp-json\/wp\/v2\/product_tag?post=56133"}],"curies":[{"name":"wp","href":"https:\/\/api.w.org\/{rel}","templated":true}]}}