 {"id":56141,"date":"2022-10-28T14:52:30","date_gmt":"2022-10-28T12:52:30","guid":{"rendered":"https:\/\/www.comoditahome.com\/mk\/?post_type=product&#038;p=56141"},"modified":"2026-05-05T22:10:05","modified_gmt":"2026-05-05T20:10:05","slug":"set-gotash-per-vere-te-kuqe-avantgarde","status":"publish","type":"product","link":"https:\/\/www.comoditahome.com\/mk\/sq\/product\/set-gotash-per-vere-te-kuqe-avantgarde\/","title":{"rendered":"Set gotash p\u00ebr ver\u00eb t\u00eb kuqe Avantgarde"},"content":{"rendered":"","protected":false},"excerpt":{"rendered":"<p style=\"text-align: left;\">Seti i gotave p\u00ebr ver\u00eb t\u00eb kuqe nga linja Avantgarde, \u00ebsht\u00eb dizajnuar si model p\u00ebrplot\u00eb me eleganc\u00eb, i p\u00ebrkryer p\u00ebr servimin e pijeve gjat\u00eb festave speciale. Forma e tyre e gj\u00ebr\u00eb, me vij\u00eb t\u00eb gjat\u00eb dhe p\u00ebrfundim t\u00eb l\u00ebmuar, i b\u00ebn\u00eb q\u00eb ky set t\u00eb mos i mungoj asnj\u00ebher\u00eb tavolin\u00ebs suaj festive.<\/p>\n<p>&nbsp;<\/p>\n<ul>\n<li style=\"text-align: left;\"><strong>Materiali:<\/strong> Qelq.<\/li>\n<li style=\"text-align: left;\"><strong>Seti ka 6 pjes\u00eb:<\/strong> 6x gota, 490ml.<\/li>\n<li style=\"text-align: left;\"><strong>Udh\u00ebzime p\u00ebr p\u00ebrdorim:<\/strong> Pastroni me dor\u00eb.<\/li>\n<li style=\"text-align: left;\"><strong>Garanci dhe m\u00ebnyra e kthimit:<\/strong> Ankesat p\u00ebr k\u00ebt\u00eb produkt pranohen brenda 24 or\u00ebve pas pranimit t\u00eb porosis\u00eb.<\/li>\n<\/ul>\n","protected":false},"featured_media":56136,"template":"","meta":[],"product_cat":[354,358],"product_tag":[],"class_list":{"0":"post-56141","1":"product","2":"type-product","3":"status-publish","4":"has-post-thumbnail","6":"product_cat-tryeze","7":"product_cat-set-gotash","9":"first","10":"instock","11":"sale","12":"shipping-taxable","13":"purchasable","14":"product-type-simple","15":"layout-style-1","16":"col-md-4 col-sm-4 col-xs-6","17":"col-lg-3","18":"product-has-gallery","19":"product-style-default"},"_links":{"self":[{"href":"https:\/\/www.comoditahome.com\/mk\/sq\/wp-json\/wp\/v2\/product\/56141","targetHints":{"allow":["GET"]}}],"collection":[{"href":"https:\/\/www.comoditahome.com\/mk\/sq\/wp-json\/wp\/v2\/product"}],"about":[{"href":"https:\/\/www.comoditahome.com\/mk\/sq\/wp-json\/wp\/v2\/types\/product"}],"version-history":[{"count":0,"href":"https:\/\/www.comoditahome.com\/mk\/sq\/wp-json\/wp\/v2\/product\/56141\/revisions"}],"wp:featuredmedia":[{"embeddable":true,"href":"https:\/\/www.comoditahome.com\/mk\/sq\/wp-json\/wp\/v2\/media\/56136"}],"wp:attachment":[{"href":"https:\/\/www.comoditahome.com\/mk\/sq\/wp-json\/wp\/v2\/media?parent=56141"}],"wp:term":[{"taxonomy":"product_cat","embeddable":true,"href":"https:\/\/www.comoditahome.com\/mk\/sq\/wp-json\/wp\/v2\/product_cat?post=56141"},{"taxonomy":"product_tag","embeddable":true,"href":"https:\/\/www.comoditahome.com\/mk\/sq\/wp-json\/wp\/v2\/product_tag?post=56141"}],"curies":[{"name":"wp","href":"https:\/\/api.w.org\/{rel}","templated":true}]}}