 {"id":56194,"date":"2022-10-28T15:18:04","date_gmt":"2022-10-28T13:18:04","guid":{"rendered":"https:\/\/www.comoditahome.com\/mk\/?post_type=product&#038;p=56194"},"modified":"2026-05-05T22:10:09","modified_gmt":"2026-05-05T20:10:09","slug":"protektor-shtrati-terry","status":"publish","type":"product","link":"https:\/\/www.comoditahome.com\/mk\/sq\/product\/protektor-shtrati-terry\/","title":{"rendered":"Protektor shtrati Terry"},"content":{"rendered":"","protected":false},"excerpt":{"rendered":"<p style=\"text-align: left;\">Mbrojeni dyshekun tuaj nga d\u00ebmtimet dhe papast\u00ebrtit\u00eb me protektorin e shtratit nga Comodita. Ky protektor sh\u00ebrben p\u00ebr mb\u00ebshtjelljen e dyshekut, p\u00ebrmes materialit t\u00eb but\u00eb dhe me fibra mund\u00ebson gjum\u00eb t\u00eb qet\u00eb dhe t\u00eb rehatsh\u00ebm.<\/p>\n<p>&nbsp;<\/p>\n<ul>\n<li style=\"text-align: left;\"><strong>Dimensionet:<\/strong> 120x60cm, 140x70cm<\/li>\n<li style=\"text-align: left;\"><strong>Materiali:<\/strong> 100% Pambuk.<\/li>\n<li style=\"text-align: left;\"><strong>Udh\u00ebzime p\u00ebr p\u00ebrdorim:<\/strong> N\u00eb makin\u00eb lar\u00ebse 30\u00b0C<\/li>\n<li style=\"text-align: left;\"><strong>Garanci dhe m\u00ebnyra e kthimit:<\/strong> P\u00ebr shkak t\u00eb kontaktit me higjien\u00eb personale, p\u00ebr produktet e tekstilit nuk pranohen kthime apo reklamacione.<\/li>\n<\/ul>\n","protected":false},"featured_media":56183,"template":"","meta":[],"product_cat":[1201,343,351],"product_tag":[],"class_list":{"0":"post-56194","1":"product","2":"type-product","3":"status-publish","4":"has-post-thumbnail","6":"product_cat-do-1000-denari-sq","7":"product_cat-gjume","8":"product_cat-mbishtresa-dysheku-dhe-protektore","10":"first","11":"instock","12":"sale","13":"shipping-taxable","14":"purchasable","15":"product-type-variable","16":"layout-style-1","17":"col-md-4 col-sm-4 col-xs-6","18":"col-lg-3","19":"product-has-gallery","20":"product-style-default"},"_links":{"self":[{"href":"https:\/\/www.comoditahome.com\/mk\/sq\/wp-json\/wp\/v2\/product\/56194","targetHints":{"allow":["GET"]}}],"collection":[{"href":"https:\/\/www.comoditahome.com\/mk\/sq\/wp-json\/wp\/v2\/product"}],"about":[{"href":"https:\/\/www.comoditahome.com\/mk\/sq\/wp-json\/wp\/v2\/types\/product"}],"version-history":[{"count":1,"href":"https:\/\/www.comoditahome.com\/mk\/sq\/wp-json\/wp\/v2\/product\/56194\/revisions"}],"predecessor-version":[{"id":97533,"href":"https:\/\/www.comoditahome.com\/mk\/sq\/wp-json\/wp\/v2\/product\/56194\/revisions\/97533"}],"wp:featuredmedia":[{"embeddable":true,"href":"https:\/\/www.comoditahome.com\/mk\/sq\/wp-json\/wp\/v2\/media\/56183"}],"wp:attachment":[{"href":"https:\/\/www.comoditahome.com\/mk\/sq\/wp-json\/wp\/v2\/media?parent=56194"}],"wp:term":[{"taxonomy":"product_cat","embeddable":true,"href":"https:\/\/www.comoditahome.com\/mk\/sq\/wp-json\/wp\/v2\/product_cat?post=56194"},{"taxonomy":"product_tag","embeddable":true,"href":"https:\/\/www.comoditahome.com\/mk\/sq\/wp-json\/wp\/v2\/product_tag?post=56194"}],"curies":[{"name":"wp","href":"https:\/\/api.w.org\/{rel}","templated":true}]}}