 {"id":56224,"date":"2022-10-28T15:43:54","date_gmt":"2022-10-28T13:43:54","guid":{"rendered":"https:\/\/www.comoditahome.com\/mk\/?post_type=product&#038;p=56224"},"modified":"2026-05-14T11:09:13","modified_gmt":"2026-05-14T09:09:13","slug":"set-filxhanesh-per-kafe-bianca","status":"publish","type":"product","link":"https:\/\/www.comoditahome.com\/mk\/sq\/product\/set-filxhanesh-per-kafe-bianca\/","title":{"rendered":"Set filxhan\u00ebsh p\u00ebr kafe Bianca"},"content":{"rendered":"","protected":false},"excerpt":{"rendered":"<p style=\"text-align: left;\">Seti i filxhan\u00ebve t\u00eb kafes\u00eb Bianca prezenton form\u00ebn e ve\u00e7ant\u00eb aristokrate me t\u00eb cil\u00ebn servimi i kafes\u00eb b\u00ebhet i paharruesh\u00ebm. Filxhan\u00ebt e k\u00ebtij seti kan\u00eb t\u00eb konturuara lule elegante me ngjyr\u00eb ari. Mbajt\u00ebsja e tyre \u00ebsht\u00eb e q\u00ebndrushme. Materiali i fort\u00eb i porcelanit t\u00eb bardh\u00eb e b\u00ebn\u00eb k\u00ebt\u00eb set jet\u00ebgjat\u00eb dhe shum\u00eb t\u00eb leht\u00eb p\u00ebr t\u2019u mir\u00ebmbajtur.<\/p>\n<p>&nbsp;<\/p>\n<ul>\n<li style=\"text-align: left;\"><strong>Materiali:<\/strong> Porcelan<\/li>\n<li style=\"text-align: left;\"><strong>Madh\u00ebsia:<\/strong> 100ml<\/li>\n<li style=\"text-align: left;\"><strong>Seti ka 12 pjes\u00eb:<\/strong> 6x filxhan\u00eb, 6x pjat\u00ebza<\/li>\n<li style=\"text-align: left;\"><strong>Udh\u00ebzime p\u00ebr p\u00ebrdorim:<\/strong> Pastroni me dor\u00eb.<\/li>\n<li style=\"text-align: left;\"><strong>Garanci dhe m\u00ebnyra e kthimit:<\/strong> Ankesat p\u00ebr k\u00ebt\u00eb produkt pranohen brenda 24 or\u00ebve pas pranimit t\u00eb porosis\u00eb.<\/li>\n<\/ul>\n","protected":false},"featured_media":56215,"template":"","meta":[],"product_cat":[354,335],"product_tag":[],"class_list":{"0":"post-56224","1":"product","2":"type-product","3":"status-publish","4":"has-post-thumbnail","6":"product_cat-tryeze","7":"product_cat-kafe-sq","9":"first","10":"outofstock","11":"sale","12":"shipping-taxable","13":"purchasable","14":"product-type-simple","15":"layout-style-1","16":"col-md-4 col-sm-4 col-xs-6","17":"col-lg-3","18":"product-has-gallery","19":"product-style-default"},"_links":{"self":[{"href":"https:\/\/www.comoditahome.com\/mk\/sq\/wp-json\/wp\/v2\/product\/56224","targetHints":{"allow":["GET"]}}],"collection":[{"href":"https:\/\/www.comoditahome.com\/mk\/sq\/wp-json\/wp\/v2\/product"}],"about":[{"href":"https:\/\/www.comoditahome.com\/mk\/sq\/wp-json\/wp\/v2\/types\/product"}],"version-history":[{"count":0,"href":"https:\/\/www.comoditahome.com\/mk\/sq\/wp-json\/wp\/v2\/product\/56224\/revisions"}],"wp:featuredmedia":[{"embeddable":true,"href":"https:\/\/www.comoditahome.com\/mk\/sq\/wp-json\/wp\/v2\/media\/56215"}],"wp:attachment":[{"href":"https:\/\/www.comoditahome.com\/mk\/sq\/wp-json\/wp\/v2\/media?parent=56224"}],"wp:term":[{"taxonomy":"product_cat","embeddable":true,"href":"https:\/\/www.comoditahome.com\/mk\/sq\/wp-json\/wp\/v2\/product_cat?post=56224"},{"taxonomy":"product_tag","embeddable":true,"href":"https:\/\/www.comoditahome.com\/mk\/sq\/wp-json\/wp\/v2\/product_tag?post=56224"}],"curies":[{"name":"wp","href":"https:\/\/api.w.org\/{rel}","templated":true}]}}