 {"id":80741,"date":"2024-02-21T10:55:44","date_gmt":"2024-02-21T08:55:44","guid":{"rendered":"https:\/\/www.comoditahome.com\/mk\/?post_type=product&#038;p=80741"},"modified":"2026-05-05T22:10:18","modified_gmt":"2026-05-05T20:10:18","slug":"set-carcafesh-stripe-grey-160x200","status":"publish","type":"product","link":"https:\/\/www.comoditahome.com\/mk\/sq\/product\/set-carcafesh-stripe-grey-160x200\/","title":{"rendered":"Set \u00e7ar\u00e7af\u00ebsh Stripe Grey 160&#215;200"},"content":{"rendered":"","protected":false},"excerpt":{"rendered":"<p style=\"text-align: left;\">Seti i \u00e7ar\u00e7af\u00ebve Stripe Grey, argumenton eleganc\u00ebn q\u00eb sjell nj\u00eb model klasik, i dizajnuar me kombinim t\u00eb vijave me ngjyr\u00eb t\u00eb njejt\u00eb. \u00cbsht\u00eb leht\u00ebsisht i p\u00ebrshtatsh\u00ebm n\u00eb stilimet e dhomave moderne apo tradicionale. Ky set \u00e7ar\u00e7af\u00ebsh ju mund\u00ebson ambient higjenik larg alergjive dhe bakterieve.<br \/>\n<strong>Dimensioni \/ Kompozicioni:<\/strong>\u00a0Set me 3 pjes\u00eb: 1x k\u00ebll\u00ebf jorgani 160x200cm, 1x \u00e7ar\u00e7af i dyshekut 160x240cm, 1x k\u00ebll\u00ebf jast\u00ebk\u00ebsh 50x70cm<br \/>\n<strong>NGJYRA:<\/strong>\u00a0Hiri<br \/>\n<strong>MATERIALI:<\/strong>\u00a0100% Pambuk<br \/>\n<strong>UDH\u00cbZIMET E P\u00cbRDORIMIT:<\/strong>\u00a0N\u00eb makin\u00eb lar\u00ebse 30\u00b0C<br \/>\n<strong>KUSHTET E KTHIMIT \/ GARANCION:<\/strong>\u00a0P\u00ebr shkak t\u00eb kontaktit me higjien\u00eb personale, p\u00ebr produktet e tekstilit nuk pranohen kthime apo reklamacione.<br \/>\n<span style=\"color: #ffffff;\">3907489381708 qarshaf<\/span><\/p>\n","protected":false},"featured_media":80533,"template":"","meta":[],"product_cat":[343,353],"product_tag":[],"class_list":{"0":"post-80741","1":"product","2":"type-product","3":"status-publish","4":"has-post-thumbnail","6":"product_cat-gjume","7":"product_cat-set-carcafesh","9":"first","10":"instock","11":"sale","12":"shipping-taxable","13":"purchasable","14":"product-type-simple","15":"layout-style-1","16":"col-md-4 col-sm-4 col-xs-6","17":"col-lg-3","18":"product-has-gallery","19":"product-style-default"},"_links":{"self":[{"href":"https:\/\/www.comoditahome.com\/mk\/sq\/wp-json\/wp\/v2\/product\/80741","targetHints":{"allow":["GET"]}}],"collection":[{"href":"https:\/\/www.comoditahome.com\/mk\/sq\/wp-json\/wp\/v2\/product"}],"about":[{"href":"https:\/\/www.comoditahome.com\/mk\/sq\/wp-json\/wp\/v2\/types\/product"}],"version-history":[{"count":0,"href":"https:\/\/www.comoditahome.com\/mk\/sq\/wp-json\/wp\/v2\/product\/80741\/revisions"}],"wp:featuredmedia":[{"embeddable":true,"href":"https:\/\/www.comoditahome.com\/mk\/sq\/wp-json\/wp\/v2\/media\/80533"}],"wp:attachment":[{"href":"https:\/\/www.comoditahome.com\/mk\/sq\/wp-json\/wp\/v2\/media?parent=80741"}],"wp:term":[{"taxonomy":"product_cat","embeddable":true,"href":"https:\/\/www.comoditahome.com\/mk\/sq\/wp-json\/wp\/v2\/product_cat?post=80741"},{"taxonomy":"product_tag","embeddable":true,"href":"https:\/\/www.comoditahome.com\/mk\/sq\/wp-json\/wp\/v2\/product_tag?post=80741"}],"curies":[{"name":"wp","href":"https:\/\/api.w.org\/{rel}","templated":true}]}}