 {"id":81624,"date":"2024-02-29T15:53:16","date_gmt":"2024-02-29T13:53:16","guid":{"rendered":"https:\/\/www.comoditahome.com\/mk\/?post_type=product&#038;p=81624"},"modified":"2026-03-02T09:20:19","modified_gmt":"2026-03-02T07:20:19","slug":"set-carcafesh-per-femije-baby-dinosaurseti-i-carcafeve-baby-dinosaur-jane-pjese-e-nevojshme-per-dhomen-e-femijes-duke-ofruar-nje-ambient-te-pershtatshem-dhe-te-sigurt-per-gjume-te-mire-keto-sete-ja","status":"publish","type":"product","link":"https:\/\/www.comoditahome.com\/mk\/sq\/product\/set-carcafesh-per-femije-baby-dinosaurseti-i-carcafeve-baby-dinosaur-jane-pjese-e-nevojshme-per-dhomen-e-femijes-duke-ofruar-nje-ambient-te-pershtatshem-dhe-te-sigurt-per-gjume-te-mire-keto-sete-ja\/","title":{"rendered":"Set \u00e7ar\u00e7af\u00ebsh p\u00ebr f\u00ebmij\u00eb Baby Dinosaur"},"content":{"rendered":"","protected":false},"excerpt":{"rendered":"<p style=\"text-align: left;\">Seti i \u00e7ar\u00e7af\u00ebve Baby Dinosaur, jan\u00eb pjes\u00eb e nevojshme p\u00ebr dhom\u00ebn e f\u00ebmij\u00ebs, duke ofruar nj\u00eb ambient t\u00eb p\u00ebrshtatsh\u00ebm dhe t\u00eb sigurt p\u00ebr gjum\u00eb t\u00eb mir\u00eb. K\u00ebto sete jan\u00eb projektuar me kujdes p\u00ebr t\u00eb p\u00ebrmbushur nevojat e f\u00ebmij\u00ebve dhe p\u00ebr t\u2019u p\u00ebrshtatur me zhvillimin e tyre. Ky set \u00e7ar\u00e7af\u00ebsh ju mund\u00ebson ambient higjenik larg alergjive dhe bakterieve.<br \/>\nDimensioni \/ Kompozicioni: Set me 4 pjes\u00eb: 1x k\u00ebll\u00ebf jorgani 100X150 CM, 1x \u00e7ar\u00e7af i dyshekut 120X160cm, 2x k\u00ebll\u00ebf jast\u00ebk\u00ebsh 35X45cm<br \/>\nNGJYRA: Me dizajn<br \/>\nMATERIALI: 100% Pambuk<br \/>\nUDH\u00cbZIMET E P\u00cbRDORIMIT: N\u00eb makin\u00eb lar\u00ebse 40\u00b0C<br \/>\nKUSHTET E KTHIMIT \/ GARANCION: P\u00ebr shkak t\u00eb kontaktit me higjien\u00eb personale, p\u00ebr produktet e tekstilit nuk pranohen kthime apo reklamacione.<br \/>\n<span style=\"color: #ffffff;\">3907489383418 qarshaf qarshafa carshafa carshaf femije kids<\/span><\/p>\n","protected":false},"featured_media":81231,"template":"","meta":[],"product_cat":[299],"product_tag":[],"class_list":{"0":"post-81624","1":"product","2":"type-product","3":"status-publish","4":"has-post-thumbnail","6":"product_cat-kids","8":"first","9":"outofstock","10":"sale","11":"shipping-taxable","12":"purchasable","13":"product-type-simple","14":"layout-style-1","15":"col-md-4 col-sm-4 col-xs-6","16":"col-lg-3","17":"product-has-gallery","18":"product-style-default"},"_links":{"self":[{"href":"https:\/\/www.comoditahome.com\/mk\/sq\/wp-json\/wp\/v2\/product\/81624","targetHints":{"allow":["GET"]}}],"collection":[{"href":"https:\/\/www.comoditahome.com\/mk\/sq\/wp-json\/wp\/v2\/product"}],"about":[{"href":"https:\/\/www.comoditahome.com\/mk\/sq\/wp-json\/wp\/v2\/types\/product"}],"version-history":[{"count":0,"href":"https:\/\/www.comoditahome.com\/mk\/sq\/wp-json\/wp\/v2\/product\/81624\/revisions"}],"wp:featuredmedia":[{"embeddable":true,"href":"https:\/\/www.comoditahome.com\/mk\/sq\/wp-json\/wp\/v2\/media\/81231"}],"wp:attachment":[{"href":"https:\/\/www.comoditahome.com\/mk\/sq\/wp-json\/wp\/v2\/media?parent=81624"}],"wp:term":[{"taxonomy":"product_cat","embeddable":true,"href":"https:\/\/www.comoditahome.com\/mk\/sq\/wp-json\/wp\/v2\/product_cat?post=81624"},{"taxonomy":"product_tag","embeddable":true,"href":"https:\/\/www.comoditahome.com\/mk\/sq\/wp-json\/wp\/v2\/product_tag?post=81624"}],"curies":[{"name":"wp","href":"https:\/\/api.w.org\/{rel}","templated":true}]}}