 {"id":85072,"date":"2023-02-15T16:21:49","date_gmt":"2023-02-15T14:21:49","guid":{"rendered":"https:\/\/www.comoditahome.com\/mk\/product\/oddeleni-posluzavnici-bambuco\/"},"modified":"2026-04-16T10:04:39","modified_gmt":"2026-04-16T08:04:39","slug":"oddeleni-posluzavnici-bambuco","status":"publish","type":"product","link":"https:\/\/www.comoditahome.com\/mk\/sq\/product\/oddeleni-posluzavnici-bambuco\/","title":{"rendered":"Pjat\u00eb sh\u00ebrbyese Bambuco"},"content":{"rendered":"","protected":false},"excerpt":{"rendered":"<p>Pjata sh\u00ebrbyese vjen e ndar\u00eb n\u00eb kat\u00ebr pjes\u00eb n\u00eb forma simetrike e t\u00eb veqanta nga linja Bambuco. Kjo pjat\u00eb \u00ebsht\u00eb p\u00ebrshtatshme p\u00ebr mixe t\u00eb ushqimit apo \u00ebmb\u00eblsirave. Sh\u00ebrbeni me elegance p\u00ebr miqt\u00eb tuaj<\/p>\n<p><strong>Dimensioni \/ Kompozicioni:<\/strong><\/p>\n<p><strong>NGJYRA:<\/strong>\u00a0Bardh\u00eb, kafe<\/p>\n<p><strong>MATERIALI:<\/strong>\u00a0Porcelan dhe dru<\/p>\n<p><strong>UDH\u00cbZIMET E P\u00cbRDORIMIT:<\/strong>\u00a0T\u00eb pastrohen me dor\u00eb<\/p>\n<p><strong>KUSHTET E KTHIMIT \/ GARANCION:<\/strong>\u00a0P\u00ebr k\u00ebt\u00eb produkt pranohet reklamacion brenda 24 or\u00ebve pasi t\u00eb pranoni porosin\u00eb.<\/p>\n","protected":false},"featured_media":57913,"template":"","meta":[],"product_cat":[331,332,354,357],"product_tag":[],"class_list":{"0":"post-85072","1":"product","2":"type-product","3":"status-publish","4":"has-post-thumbnail","6":"product_cat-kuzhine","7":"product_cat-aksesore-kuzhine","8":"product_cat-tryeze","9":"product_cat-ene-servimi","11":"first","12":"outofstock","13":"sale","14":"shipping-taxable","15":"purchasable","16":"product-type-simple","17":"layout-style-1","18":"col-md-4 col-sm-4 col-xs-6","19":"col-lg-3","20":"product-has-gallery","21":"product-style-default"},"_links":{"self":[{"href":"https:\/\/www.comoditahome.com\/mk\/sq\/wp-json\/wp\/v2\/product\/85072","targetHints":{"allow":["GET"]}}],"collection":[{"href":"https:\/\/www.comoditahome.com\/mk\/sq\/wp-json\/wp\/v2\/product"}],"about":[{"href":"https:\/\/www.comoditahome.com\/mk\/sq\/wp-json\/wp\/v2\/types\/product"}],"version-history":[{"count":1,"href":"https:\/\/www.comoditahome.com\/mk\/sq\/wp-json\/wp\/v2\/product\/85072\/revisions"}],"predecessor-version":[{"id":85073,"href":"https:\/\/www.comoditahome.com\/mk\/sq\/wp-json\/wp\/v2\/product\/85072\/revisions\/85073"}],"wp:featuredmedia":[{"embeddable":true,"href":"https:\/\/www.comoditahome.com\/mk\/sq\/wp-json\/wp\/v2\/media\/57913"}],"wp:attachment":[{"href":"https:\/\/www.comoditahome.com\/mk\/sq\/wp-json\/wp\/v2\/media?parent=85072"}],"wp:term":[{"taxonomy":"product_cat","embeddable":true,"href":"https:\/\/www.comoditahome.com\/mk\/sq\/wp-json\/wp\/v2\/product_cat?post=85072"},{"taxonomy":"product_tag","embeddable":true,"href":"https:\/\/www.comoditahome.com\/mk\/sq\/wp-json\/wp\/v2\/product_tag?post=85072"}],"curies":[{"name":"wp","href":"https:\/\/api.w.org\/{rel}","templated":true}]}}