 {"id":85076,"date":"2022-12-06T13:44:24","date_gmt":"2022-12-06T11:44:24","guid":{"rendered":"https:\/\/www.comoditahome.com\/mk\/product\/set-postelnini-ivy\/"},"modified":"2024-06-25T08:24:41","modified_gmt":"2024-06-25T06:24:41","slug":"set-postelnini-ivy","status":"publish","type":"product","link":"https:\/\/www.comoditahome.com\/mk\/sq\/product\/set-postelnini-ivy\/","title":{"rendered":"Set \u00e7ar\u00e7af\u00ebsh Ivy"},"content":{"rendered":"","protected":false},"excerpt":{"rendered":"<p style=\"text-align: left;\">Kompleti i shtratit nga linja Spring Nature vjen me element\u00eb abstrakt\u00eb t\u00eb vizatuar n\u00eb t\u00eb gjith\u00eb sip\u00ebrfaqen, duke i dh\u00ebn\u00eb nj\u00eb stil t\u00eb ve\u00e7ant\u00eb dhom\u00ebs tuaj. P\u00ebrjetoni komoditetin q\u00eb ju nevojitet p\u00ebr t\u00eb b\u00ebr\u00eb gjum\u00eb cil\u00ebsor n\u00eb nj\u00eb mjedis higjienik larg alergjive dhe baktereve.<\/p>\n<p>&nbsp;<\/p>\n<p style=\"text-align: left;\"><strong>Tek:<\/strong> 1x mbules\u00eb jorgani 160x200cm, 1x \u00e7ar\u00e7af dysheku 160x240cm, 1x k\u00ebll\u00ebf jast\u00ebku 50x70cm.<\/p>\n<p style=\"text-align: left;\"><strong>Dyshe:<\/strong> 1x mbules\u00eb jorgani 200x200cm, 1x \u00e7ar\u00e7af dysheku 240x260cm, 2x k\u00ebll\u00ebf jast\u00ebku 50x70cm.<\/p>\n<p>&nbsp;<\/p>\n<ul>\n<li style=\"text-align: left;\"><strong>Materiali:<\/strong> 100% pambuk.<\/li>\n<li style=\"text-align: left;\"><strong>Udh\u00ebzime p\u00ebr p\u00ebrdorim:<\/strong> N\u00eb lavatri\u00e7e n\u00eb 30\u00b0C.<\/li>\n<li style=\"text-align: left;\"><strong>Garancia dhe m\u00ebnyra e kthimit:<\/strong> P\u00ebr shkak t\u00eb higjien\u00ebs personale, kthimet apo ankesat nuk pranohen p\u00ebr produktet tekstile.<\/li>\n<\/ul>\n","protected":false},"featured_media":57341,"template":"","meta":[],"product_cat":[808,283,343,353],"product_tag":[],"class_list":{"0":"post-85076","1":"product","2":"type-product","3":"status-publish","4":"has-post-thumbnail","6":"product_cat-oferta-gjume","7":"product_cat-oferta","8":"product_cat-gjume","9":"product_cat-set-carcafesh","11":"first","12":"instock","13":"shipping-taxable","14":"purchasable","15":"product-type-variable","16":"layout-style-1","17":"col-md-4 col-sm-4 col-xs-6","18":"col-lg-3","19":"product-style-default"},"_links":{"self":[{"href":"https:\/\/www.comoditahome.com\/mk\/sq\/wp-json\/wp\/v2\/product\/85076","targetHints":{"allow":["GET"]}}],"collection":[{"href":"https:\/\/www.comoditahome.com\/mk\/sq\/wp-json\/wp\/v2\/product"}],"about":[{"href":"https:\/\/www.comoditahome.com\/mk\/sq\/wp-json\/wp\/v2\/types\/product"}],"version-history":[{"count":3,"href":"https:\/\/www.comoditahome.com\/mk\/sq\/wp-json\/wp\/v2\/product\/85076\/revisions"}],"predecessor-version":[{"id":85080,"href":"https:\/\/www.comoditahome.com\/mk\/sq\/wp-json\/wp\/v2\/product\/85076\/revisions\/85080"}],"wp:featuredmedia":[{"embeddable":true,"href":"https:\/\/www.comoditahome.com\/mk\/sq\/wp-json\/wp\/v2\/media\/57341"}],"wp:attachment":[{"href":"https:\/\/www.comoditahome.com\/mk\/sq\/wp-json\/wp\/v2\/media?parent=85076"}],"wp:term":[{"taxonomy":"product_cat","embeddable":true,"href":"https:\/\/www.comoditahome.com\/mk\/sq\/wp-json\/wp\/v2\/product_cat?post=85076"},{"taxonomy":"product_tag","embeddable":true,"href":"https:\/\/www.comoditahome.com\/mk\/sq\/wp-json\/wp\/v2\/product_tag?post=85076"}],"curies":[{"name":"wp","href":"https:\/\/api.w.org\/{rel}","templated":true}]}}