 {"id":85138,"date":"2023-02-28T10:27:07","date_gmt":"2023-02-28T08:27:07","guid":{"rendered":"https:\/\/www.comoditahome.com\/mk\/product\/stolna-lamba-glam-gold-blue-iron\/"},"modified":"2026-05-05T22:10:24","modified_gmt":"2026-05-05T20:10:24","slug":"stolna-lamba-glam-gold-blue-iron","status":"publish","type":"product","link":"https:\/\/www.comoditahome.com\/mk\/sq\/product\/stolna-lamba-glam-gold-blue-iron\/","title":{"rendered":"Llamb\u00eb tavoline"},"content":{"rendered":"","protected":false},"excerpt":{"rendered":"<p>Llamba vjen e punuar me nj\u00eb material kualitativ dhe dizajn tejet modern. Baza e saj form\u00ebsohet nga nj\u00eb model bohem me baz\u00eb alumini, nd\u00ebrsa pjesa e sip\u00ebrme ka mekanizmin e llamb\u00ebs q\u00eb l\u00ebshon drit\u00eb t\u00eb k\u00ebndshme. Kjo llamb\u00eb shkon mjaft\u00eb bukur n\u00eb ambiente t\u00eb err\u00ebta por edhe n\u00eb ato me plot\u00eb drit\u00eb. Ajo \u00ebsht\u00eb e p\u00ebrshtatshme p\u00ebr \u00e7far\u00ebdo tavoline, duke plot\u00ebsuar dhom\u00ebn apo zyr\u00ebn tuaj.<br \/>\n<strong>Dimensioni \/ Kompozicioni:<\/strong>\u00a033x57CM<br \/>\n<strong>NGJYRA:<\/strong>\u00a0E kalt\u00ebr, ari<br \/>\n<strong>MATERIALI:<\/strong>\u00a0Hekur, elektrik\u00eb, bez\u00eb<br \/>\n<strong>UDH\u00cbZIMET E P\u00cbRDORIMIT:<\/strong>\u00a0T\u00eb pastrohet me dor\u00eb<br \/>\n<strong>KUSHTET E KTHIMIT \/ GARANCION:<\/strong>\u00a0P\u00ebr k\u00ebt\u00eb produkt pranohet reklamacion brenda 24 or\u00ebve pasi t\u00eb pranoni porosin\u00eb.<\/p>\n","protected":false},"featured_media":58355,"template":"","meta":[],"product_cat":[307,312],"product_tag":[],"class_list":{"0":"post-85138","1":"product","2":"type-product","3":"status-publish","4":"has-post-thumbnail","6":"product_cat-dhoma-e-ndenjes","7":"product_cat-llamba","9":"first","10":"outofstock","11":"sale","12":"shipping-taxable","13":"purchasable","14":"product-type-simple","15":"layout-style-1","16":"col-md-4 col-sm-4 col-xs-6","17":"col-lg-3","18":"product-has-gallery","19":"product-style-default"},"_links":{"self":[{"href":"https:\/\/www.comoditahome.com\/mk\/sq\/wp-json\/wp\/v2\/product\/85138","targetHints":{"allow":["GET"]}}],"collection":[{"href":"https:\/\/www.comoditahome.com\/mk\/sq\/wp-json\/wp\/v2\/product"}],"about":[{"href":"https:\/\/www.comoditahome.com\/mk\/sq\/wp-json\/wp\/v2\/types\/product"}],"version-history":[{"count":2,"href":"https:\/\/www.comoditahome.com\/mk\/sq\/wp-json\/wp\/v2\/product\/85138\/revisions"}],"predecessor-version":[{"id":85141,"href":"https:\/\/www.comoditahome.com\/mk\/sq\/wp-json\/wp\/v2\/product\/85138\/revisions\/85141"}],"wp:featuredmedia":[{"embeddable":true,"href":"https:\/\/www.comoditahome.com\/mk\/sq\/wp-json\/wp\/v2\/media\/58355"}],"wp:attachment":[{"href":"https:\/\/www.comoditahome.com\/mk\/sq\/wp-json\/wp\/v2\/media?parent=85138"}],"wp:term":[{"taxonomy":"product_cat","embeddable":true,"href":"https:\/\/www.comoditahome.com\/mk\/sq\/wp-json\/wp\/v2\/product_cat?post=85138"},{"taxonomy":"product_tag","embeddable":true,"href":"https:\/\/www.comoditahome.com\/mk\/sq\/wp-json\/wp\/v2\/product_tag?post=85138"}],"curies":[{"name":"wp","href":"https:\/\/api.w.org\/{rel}","templated":true}]}}