 {"id":85282,"date":"2024-01-04T15:13:54","date_gmt":"2024-01-04T13:13:54","guid":{"rendered":"https:\/\/www.comoditahome.com\/mk\/product\/%d1%87%d0%b0%d1%81%d0%be%d0%b2%d0%bd%d0%b8%d0%ba-vintage\/"},"modified":"2026-05-05T22:10:26","modified_gmt":"2026-05-05T20:10:26","slug":"%d1%87%d0%b0%d1%81%d0%be%d0%b2%d0%bd%d0%b8%d0%ba-vintage","status":"publish","type":"product","link":"https:\/\/www.comoditahome.com\/mk\/sq\/product\/%d1%87%d0%b0%d1%81%d0%be%d0%b2%d0%bd%d0%b8%d0%ba-vintage\/","title":{"rendered":"Or\u00eb muri Vintage"},"content":{"rendered":"","protected":false},"excerpt":{"rendered":"<h1 class=\"product_title entry-title\"><span style=\"color: #7c7c80; font-family: Nunito; font-size: 15px;\">Or\u00eb muri ngjyr\u00eb t\u00eb zez\u00eb me nj\u00eb stil tejet unik q\u00eb hijeshon murin tuaj. P\u00ebrshtatet leht\u00ebsisht brenda sht\u00ebpis\u00eb, zyr\u00ebs apo dyqanit.<\/span><\/h1>\n<div class=\"woocommerce-product-details__short-description\">\n<p><strong>Dimensioni \/ Kompozicioni:<\/strong>\u00a033.2\u00d733.2X4.1CM<br \/>\n<strong>NGJYRA:<\/strong>\u00a0E zez\u00eb<br \/>\n<strong>MATERIALI:<\/strong>\u00a0Plastik me xham<br \/>\n<strong>UDH\u00cbZIMET E P\u00cbRDORIMIT:<\/strong>\u00a0T\u00eb pastrohet me pastruese pluhuri<br \/>\n<strong>KUSHTET E KTHIMIT \/ GARANCION:<\/strong>\u00a0P\u00ebr k\u00ebt\u00eb produkt pranohet reklamacion brenda 24 or\u00ebve pasi t\u00eb pranoni porosin\u00eb.<br \/>\n3907489180551 ora ore sahat<\/p>\n<\/div>\n<p>&nbsp;<\/p>\n","protected":false},"featured_media":78838,"template":"","meta":[],"product_cat":[307,318],"product_tag":[],"class_list":{"0":"post-85282","1":"product","2":"type-product","3":"status-publish","4":"has-post-thumbnail","6":"product_cat-dhoma-e-ndenjes","7":"product_cat-ore-muri","9":"first","10":"instock","11":"sale","12":"shipping-taxable","13":"purchasable","14":"product-type-simple","15":"layout-style-1","16":"col-md-4 col-sm-4 col-xs-6","17":"col-lg-3","18":"product-has-gallery","19":"product-style-default"},"_links":{"self":[{"href":"https:\/\/www.comoditahome.com\/mk\/sq\/wp-json\/wp\/v2\/product\/85282","targetHints":{"allow":["GET"]}}],"collection":[{"href":"https:\/\/www.comoditahome.com\/mk\/sq\/wp-json\/wp\/v2\/product"}],"about":[{"href":"https:\/\/www.comoditahome.com\/mk\/sq\/wp-json\/wp\/v2\/types\/product"}],"version-history":[{"count":1,"href":"https:\/\/www.comoditahome.com\/mk\/sq\/wp-json\/wp\/v2\/product\/85282\/revisions"}],"predecessor-version":[{"id":85287,"href":"https:\/\/www.comoditahome.com\/mk\/sq\/wp-json\/wp\/v2\/product\/85282\/revisions\/85287"}],"wp:featuredmedia":[{"embeddable":true,"href":"https:\/\/www.comoditahome.com\/mk\/sq\/wp-json\/wp\/v2\/media\/78838"}],"wp:attachment":[{"href":"https:\/\/www.comoditahome.com\/mk\/sq\/wp-json\/wp\/v2\/media?parent=85282"}],"wp:term":[{"taxonomy":"product_cat","embeddable":true,"href":"https:\/\/www.comoditahome.com\/mk\/sq\/wp-json\/wp\/v2\/product_cat?post=85282"},{"taxonomy":"product_tag","embeddable":true,"href":"https:\/\/www.comoditahome.com\/mk\/sq\/wp-json\/wp\/v2\/product_tag?post=85282"}],"curies":[{"name":"wp","href":"https:\/\/api.w.org\/{rel}","templated":true}]}}