 {"id":85290,"date":"2023-05-29T15:11:32","date_gmt":"2023-05-29T13:11:32","guid":{"rendered":"https:\/\/www.comoditahome.com\/mk\/product\/set-postelnini-simply-anthracite\/"},"modified":"2024-06-25T09:30:22","modified_gmt":"2024-06-25T07:30:22","slug":"set-postelnini-simply-anthracite","status":"publish","type":"product","link":"https:\/\/www.comoditahome.com\/mk\/sq\/product\/set-postelnini-simply-anthracite\/","title":{"rendered":"Set \u00e7ar\u00e7af\u00ebsh Simply Anthracite p\u00ebr dy persona"},"content":{"rendered":"","protected":false},"excerpt":{"rendered":"<p>Seti i \u00e7ar\u00e7af\u00ebve Simply Anthracite, argumenton eleganc\u00ebn q\u00eb sjell nj\u00eb model pa vij\u00ebza apo pikturime, por me nj\u00eb ngjyr\u00eb t\u00eb vetme. \u00cbsht\u00eb leht\u00ebsisht i p\u00ebrshtatsh\u00ebm n\u00eb stilimet e dhomave moderne apo tradicionale. Ky set \u00e7ar\u00e7af\u00ebsh ju mund\u00ebson ambient higjenik larg alergjive dhe bakterieve.<br \/>\n<strong>Dimensioni \/ Kompozicioni:<\/strong>\u00a0Set me 4 pjes\u00eb: 1x k\u00ebll\u00ebf jorgani 200x200cm, 1x \u00e7ar\u00e7af i dyshekut 240x260cm, 2x k\u00ebll\u00ebf jast\u00ebk\u00ebsh 50x70cm<br \/>\n<strong>NGJYRA:<\/strong>\u00a0Antracit<br \/>\n<strong>MATERIALI:<\/strong>\u00a0100% Pambuk<br \/>\n<strong>UDH\u00cbZIMET E P\u00cbRDORIMIT:<\/strong>\u00a0N\u00eb makin\u00eb lar\u00ebse 30\u00b0C<br \/>\n<strong>KUSHTET E KTHIMIT \/ GARANCION:<\/strong>\u00a0P\u00ebr shkak t\u00eb kontaktit me higjien\u00eb personale, p\u00ebr produktet e tekstilit nuk pranohen kthime apo reklamacione.<br \/>\n<span style=\"color: #ffffff;\">3907489300096 qarshaf qarshafa carshafa carshaf<\/span><\/p>\n","protected":false},"featured_media":59719,"template":"","meta":[],"product_cat":[284,343,353],"product_tag":[],"class_list":{"0":"post-85290","1":"product","2":"type-product","3":"status-publish","4":"has-post-thumbnail","6":"product_cat-pa-kategori","7":"product_cat-gjume","8":"product_cat-set-carcafesh","10":"first","11":"instock","12":"shipping-taxable","13":"purchasable","14":"product-type-variable","15":"layout-style-1","16":"col-md-4 col-sm-4 col-xs-6","17":"col-lg-3","18":"product-has-gallery","19":"product-style-default"},"_links":{"self":[{"href":"https:\/\/www.comoditahome.com\/mk\/sq\/wp-json\/wp\/v2\/product\/85290","targetHints":{"allow":["GET"]}}],"collection":[{"href":"https:\/\/www.comoditahome.com\/mk\/sq\/wp-json\/wp\/v2\/product"}],"about":[{"href":"https:\/\/www.comoditahome.com\/mk\/sq\/wp-json\/wp\/v2\/types\/product"}],"version-history":[{"count":1,"href":"https:\/\/www.comoditahome.com\/mk\/sq\/wp-json\/wp\/v2\/product\/85290\/revisions"}],"predecessor-version":[{"id":85294,"href":"https:\/\/www.comoditahome.com\/mk\/sq\/wp-json\/wp\/v2\/product\/85290\/revisions\/85294"}],"wp:featuredmedia":[{"embeddable":true,"href":"https:\/\/www.comoditahome.com\/mk\/sq\/wp-json\/wp\/v2\/media\/59719"}],"wp:attachment":[{"href":"https:\/\/www.comoditahome.com\/mk\/sq\/wp-json\/wp\/v2\/media?parent=85290"}],"wp:term":[{"taxonomy":"product_cat","embeddable":true,"href":"https:\/\/www.comoditahome.com\/mk\/sq\/wp-json\/wp\/v2\/product_cat?post=85290"},{"taxonomy":"product_tag","embeddable":true,"href":"https:\/\/www.comoditahome.com\/mk\/sq\/wp-json\/wp\/v2\/product_tag?post=85290"}],"curies":[{"name":"wp","href":"https:\/\/api.w.org\/{rel}","templated":true}]}}