 {"id":85332,"date":"2024-01-04T09:38:49","date_gmt":"2024-01-04T07:38:49","guid":{"rendered":"https:\/\/www.comoditahome.com\/mk\/product\/%d1%82%d0%b5%d0%bf%d0%b8%d1%85-%d0%b7%d0%b0-%d0%b1%d0%b0%d1%9a%d0%b0-inci\/"},"modified":"2026-05-05T22:10:27","modified_gmt":"2026-05-05T20:10:27","slug":"%d1%82%d0%b5%d0%bf%d0%b8%d1%85-%d0%b7%d0%b0-%d0%b1%d0%b0%d1%9a%d0%b0-inci","status":"publish","type":"product","link":"https:\/\/www.comoditahome.com\/mk\/sq\/product\/%d1%82%d0%b5%d0%bf%d0%b8%d1%85-%d0%b7%d0%b0-%d0%b1%d0%b0%d1%9a%d0%b0-inci\/","title":{"rendered":"Tepih p\u00ebr banjo Inci"},"content":{"rendered":"","protected":false},"excerpt":{"rendered":"<div class=\"woocommerce-product-gallery--with-images woocommerce-product-gallery--columns-4 woocommerce-product-gallery--mobile-dots images\" data-columns=\"4\">\n<figure class=\"woocommerce-product-gallery__wrapper\">\n<div class=\"woocommerce-product-gallery__slider\">\n<div class=\"woocommerce-product-gallery__image\" data-thumb=\"\"><a href=\"https:\/\/www.comoditahome.com\/ks\/wp-content\/uploads\/2023\/05\/3907489300751-2.jpg\"><img loading=\"lazy\" decoding=\"async\" class=\"attachment-woocommerce_single size-woocommerce_single\" title=\"3907489300751 2\" src=\"https:\/\/www.comoditahome.com\/ks\/wp-content\/uploads\/2023\/05\/3907489300751-2.jpg\" sizes=\"auto, (max-width: 1200px) 100vw, 1200px\" srcset=\"https:\/\/www.comoditahome.com\/ks\/wp-content\/uploads\/2023\/05\/3907489300751-2.jpg 1200w, https:\/\/www.comoditahome.com\/ks\/wp-content\/uploads\/2023\/05\/3907489300751-2-277x300.jpg 277w, https:\/\/www.comoditahome.com\/ks\/wp-content\/uploads\/2023\/05\/3907489300751-2-945x1024.jpg 945w, https:\/\/www.comoditahome.com\/ks\/wp-content\/uploads\/2023\/05\/3907489300751-2-138x150.jpg 138w, https:\/\/www.comoditahome.com\/ks\/wp-content\/uploads\/2023\/05\/3907489300751-2-768x832.jpg 768w\" alt=\"\" width=\"1200\" height=\"1300\" data-caption=\"\" data-src=\"https:\/\/www.comoditahome.com\/ks\/wp-content\/uploads\/2023\/05\/3907489300751-2.jpg\" data-large_image=\"https:\/\/www.comoditahome.com\/ks\/wp-content\/uploads\/2023\/05\/3907489300751-2.jpg\" data-large_image_width=\"1200\" data-large_image_height=\"1300\" \/><\/a><\/div>\n<div class=\"woocommerce-product-gallery__image\" data-thumb=\"\"><a href=\"https:\/\/www.comoditahome.com\/ks\/wp-content\/uploads\/2023\/05\/3907489300751-3.jpg\"><img loading=\"lazy\" decoding=\"async\" class=\"attachment-woocommerce_single size-woocommerce_single\" title=\"3907489300751 3\" src=\"https:\/\/www.comoditahome.com\/ks\/wp-content\/uploads\/2023\/05\/3907489300751-3.jpg\" sizes=\"auto, (max-width: 1200px) 100vw, 1200px\" srcset=\"https:\/\/www.comoditahome.com\/ks\/wp-content\/uploads\/2023\/05\/3907489300751-3.jpg 1200w, https:\/\/www.comoditahome.com\/ks\/wp-content\/uploads\/2023\/05\/3907489300751-3-277x300.jpg 277w, https:\/\/www.comoditahome.com\/ks\/wp-content\/uploads\/2023\/05\/3907489300751-3-945x1024.jpg 945w, https:\/\/www.comoditahome.com\/ks\/wp-content\/uploads\/2023\/05\/3907489300751-3-138x150.jpg 138w, https:\/\/www.comoditahome.com\/ks\/wp-content\/uploads\/2023\/05\/3907489300751-3-768x832.jpg 768w\" alt=\"\" width=\"1200\" height=\"1300\" data-caption=\"\" data-src=\"https:\/\/www.comoditahome.com\/ks\/wp-content\/uploads\/2023\/05\/3907489300751-3.jpg\" data-large_image=\"https:\/\/www.comoditahome.com\/ks\/wp-content\/uploads\/2023\/05\/3907489300751-3.jpg\" data-large_image_width=\"1200\" data-large_image_height=\"1300\" \/><\/a><\/div>\n<\/div>\n<\/figure>\n<\/div>\n<div class=\"summary entry-summary\">\n<div class=\"sticky-summary\">\n<h1 class=\"product_title entry-title\">Tepih p\u00ebr banjo Inci<\/h1>\n<div class=\"woocommerce-product-details__short-description\">\n<p>Tepihi p\u00ebr banjo nga linja BLUENITY, vjen me dimensione standarde dhe me dizajn modern. Ky tepih \u00ebsht\u00eb i nd\u00ebrtuar nga materiali cil\u00ebsor i pambukut, q\u00eb i jep q\u00ebndrueshm\u00ebri pavar\u00ebsisht lag\u00ebshtis\u00eb. Me hijeshin\u00eb q\u00eb prezanton, ky tepih do t\u00eb ndihmoj q\u00eb ambienti i banjos t\u00eb duket edhe m\u00eb i bukur.<br \/>\n<strong>Dimensioni \/ Kompozicioni:<\/strong>\u00a050x80cm<br \/>\n<strong>NGJYRA:<\/strong>\u00a0Me dizajn<br \/>\n<strong>MATERIALI:<\/strong>\u00a0100% Pambuk<br \/>\n<strong>UDH\u00cbZIMET E P\u00cbRDORIMIT:<\/strong>\u00a0Tepihet duhet t\u00eb pastrohen ve\u00e7mas nga rrobat e tjera qoft\u00eb me lavatri\u00e7e ose me larje n\u00eb dor\u00eb. Ju lutem p\u00ebrdorni shampo t\u00eb tepih\u00ebve ose pluhur sapuni. Rekomandohet t\u00eb p\u00ebrdoret detergjent q\u00eb ruan ngjyr\u00ebn. Mos p\u00ebrdorni zbardhues.<br \/>\n<strong>KUSHTET E KTHIMIT \/ GARANCION:<\/strong>\u00a0P\u00ebr k\u00ebt\u00eb produkt pranohet reklamacion brenda 24 or\u00ebve pasi t\u00eb pranoni porosin\u00eb.<\/p>\n<\/div>\n<\/div>\n<\/div>\n","protected":false},"featured_media":78646,"template":"","meta":[],"product_cat":[285,286],"product_tag":[],"class_list":{"0":"post-85332","1":"product","2":"type-product","3":"status-publish","4":"has-post-thumbnail","6":"product_cat-banjo","7":"product_cat-aksesore-banjo","9":"first","10":"outofstock","11":"sale","12":"shipping-taxable","13":"purchasable","14":"product-type-simple","15":"layout-style-1","16":"col-md-4 col-sm-4 col-xs-6","17":"col-lg-3","18":"product-has-gallery","19":"product-style-default"},"_links":{"self":[{"href":"https:\/\/www.comoditahome.com\/mk\/sq\/wp-json\/wp\/v2\/product\/85332","targetHints":{"allow":["GET"]}}],"collection":[{"href":"https:\/\/www.comoditahome.com\/mk\/sq\/wp-json\/wp\/v2\/product"}],"about":[{"href":"https:\/\/www.comoditahome.com\/mk\/sq\/wp-json\/wp\/v2\/types\/product"}],"version-history":[{"count":1,"href":"https:\/\/www.comoditahome.com\/mk\/sq\/wp-json\/wp\/v2\/product\/85332\/revisions"}],"predecessor-version":[{"id":85333,"href":"https:\/\/www.comoditahome.com\/mk\/sq\/wp-json\/wp\/v2\/product\/85332\/revisions\/85333"}],"wp:featuredmedia":[{"embeddable":true,"href":"https:\/\/www.comoditahome.com\/mk\/sq\/wp-json\/wp\/v2\/media\/78646"}],"wp:attachment":[{"href":"https:\/\/www.comoditahome.com\/mk\/sq\/wp-json\/wp\/v2\/media?parent=85332"}],"wp:term":[{"taxonomy":"product_cat","embeddable":true,"href":"https:\/\/www.comoditahome.com\/mk\/sq\/wp-json\/wp\/v2\/product_cat?post=85332"},{"taxonomy":"product_tag","embeddable":true,"href":"https:\/\/www.comoditahome.com\/mk\/sq\/wp-json\/wp\/v2\/product_tag?post=85332"}],"curies":[{"name":"wp","href":"https:\/\/api.w.org\/{rel}","templated":true}]}}