 {"id":85511,"date":"2023-05-10T14:22:23","date_gmt":"2023-05-10T12:22:23","guid":{"rendered":"https:\/\/www.comoditahome.com\/mk\/product\/kanister-g-line-2\/"},"modified":"2026-05-14T11:09:36","modified_gmt":"2026-05-14T09:09:36","slug":"kanister-g-line-2","status":"publish","type":"product","link":"https:\/\/www.comoditahome.com\/mk\/sq\/product\/kanister-g-line-2\/","title":{"rendered":"Kanister G-Line"},"content":{"rendered":"","protected":false},"excerpt":{"rendered":"<p>P\u00ebr t\u00eb evituar rr\u00ebmuj\u00ebn n\u00eb kuzhin\u00eb, organizoni er\u00ebzat dhe ushqimet e im\u00ebta n\u00eb kanister\u00ebt me kualitet tejet t\u00eb lart\u00eb dhe t\u00eb p\u00ebrshtatsh\u00ebm p\u00ebr \u00e7do kuzhin\u00eb!<\/p>\n<p><strong>Dimensioni \/ Kompozicioni:<\/strong>\u00a0450ml, 10x10CM\/me kapak\u00eb<\/p>\n<p><strong>NGJYRA:<\/strong>\u00a0Transparente, me dizajn<\/p>\n<p><strong>MATERIALI:<\/strong>\u00a0Qelq<\/p>\n<p><strong>UDH\u00cbZIMET E P\u00cbRDORIMIT:<\/strong>\u00a0T\u00eb pastrohet me Dor\u00eb<\/p>\n<p><strong>KUSHTET E KTHIMIT \/ GARANCION:<\/strong>\u00a0P\u00ebr k\u00ebt\u00eb produkt pranohet reklamacion brenda 24 or\u00ebve pasi t\u00eb pranoni porosin\u00eb.<br \/>\n<span style=\"color: #ffffff;\">3907489370887<\/span><\/p>\n","protected":false},"featured_media":59329,"template":"","meta":[],"product_cat":[331,332],"product_tag":[],"class_list":{"0":"post-85511","1":"product","2":"type-product","3":"status-publish","4":"has-post-thumbnail","6":"product_cat-kuzhine","7":"product_cat-aksesore-kuzhine","9":"first","10":"outofstock","11":"sale","12":"shipping-taxable","13":"purchasable","14":"product-type-simple","15":"layout-style-1","16":"col-md-4 col-sm-4 col-xs-6","17":"col-lg-3","18":"product-has-gallery","19":"product-style-default"},"_links":{"self":[{"href":"https:\/\/www.comoditahome.com\/mk\/sq\/wp-json\/wp\/v2\/product\/85511","targetHints":{"allow":["GET"]}}],"collection":[{"href":"https:\/\/www.comoditahome.com\/mk\/sq\/wp-json\/wp\/v2\/product"}],"about":[{"href":"https:\/\/www.comoditahome.com\/mk\/sq\/wp-json\/wp\/v2\/types\/product"}],"version-history":[{"count":1,"href":"https:\/\/www.comoditahome.com\/mk\/sq\/wp-json\/wp\/v2\/product\/85511\/revisions"}],"predecessor-version":[{"id":85514,"href":"https:\/\/www.comoditahome.com\/mk\/sq\/wp-json\/wp\/v2\/product\/85511\/revisions\/85514"}],"wp:featuredmedia":[{"embeddable":true,"href":"https:\/\/www.comoditahome.com\/mk\/sq\/wp-json\/wp\/v2\/media\/59329"}],"wp:attachment":[{"href":"https:\/\/www.comoditahome.com\/mk\/sq\/wp-json\/wp\/v2\/media?parent=85511"}],"wp:term":[{"taxonomy":"product_cat","embeddable":true,"href":"https:\/\/www.comoditahome.com\/mk\/sq\/wp-json\/wp\/v2\/product_cat?post=85511"},{"taxonomy":"product_tag","embeddable":true,"href":"https:\/\/www.comoditahome.com\/mk\/sq\/wp-json\/wp\/v2\/product_tag?post=85511"}],"curies":[{"name":"wp","href":"https:\/\/api.w.org\/{rel}","templated":true}]}}