 {"id":85535,"date":"2022-11-25T13:15:22","date_gmt":"2022-11-25T11:15:22","guid":{"rendered":"https:\/\/www.comoditahome.com\/mk\/product\/set-inoksni-nozevi-copper-effect\/"},"modified":"2026-05-05T22:10:30","modified_gmt":"2026-05-05T20:10:30","slug":"set-inoksni-nozevi-copper-effect","status":"publish","type":"product","link":"https:\/\/www.comoditahome.com\/mk\/sq\/product\/set-inoksni-nozevi-copper-effect\/","title":{"rendered":"Set thikash Copper Effect"},"content":{"rendered":"","protected":false},"excerpt":{"rendered":"<p style=\"text-align: left;\">Seti i thikave Copper vjen me dizajn modern dhe me thika q\u00eb shquhen p\u00ebr tehe t\u00eb mprehta, precizitet t\u00eb jasht\u00ebzakonsh\u00ebm gjat\u00eb prerjes dhe cil\u00ebsi t\u00eb lart\u00eb. Tehi i thikave \u00ebsht\u00eb jo-ngjit\u00ebs nd\u00ebrsa dor\u00ebza e hekurt dhe kan\u00eb nj\u00eb mbajt\u00ebse p\u00ebr thika t\u00eb p\u00ebrshtatshme.<\/p>\n<p style=\"text-align: left;\"><strong>Dimensioni \/ Kompozicioni:<\/strong>\u00a0Seti ka 15 pjes\u00eb: 14 thika, 1 mbajt\u00ebse p\u00ebr thika<\/p>\n<p style=\"text-align: left;\"><strong>NGJYRA:<\/strong><\/p>\n<p style=\"text-align: left;\"><strong>MATERIALI:<\/strong>\u00a0Hekur<\/p>\n<p style=\"text-align: left;\"><strong>UDH\u00cbZIMET E P\u00cbRDORIMIT:<\/strong>\u00a0T\u00eb pastrohet me dor\u00eb<\/p>\n<p style=\"text-align: left;\"><strong>KUSHTET E KTHIMIT \/ GARANCION:<\/strong>\u00a0P\u00ebr k\u00ebt\u00eb produkt pranohet reklamacion brenda 24 or\u00ebve pasi t\u00eb pranoni porosin\u00eb.<\/p>\n<p style=\"text-align: left;\"><span style=\"color: #ffffff;\">5310233000407<\/span><\/p>\n","protected":false},"featured_media":56663,"template":"","meta":[],"product_cat":[354,355],"product_tag":[],"class_list":{"0":"post-85535","1":"product","2":"type-product","3":"status-publish","4":"has-post-thumbnail","6":"product_cat-tryeze","7":"product_cat-luge-thike-pirun","9":"first","10":"instock","11":"sale","12":"shipping-taxable","13":"purchasable","14":"product-type-simple","15":"layout-style-1","16":"col-md-4 col-sm-4 col-xs-6","17":"col-lg-3","18":"product-has-gallery","19":"product-style-default"},"_links":{"self":[{"href":"https:\/\/www.comoditahome.com\/mk\/sq\/wp-json\/wp\/v2\/product\/85535","targetHints":{"allow":["GET"]}}],"collection":[{"href":"https:\/\/www.comoditahome.com\/mk\/sq\/wp-json\/wp\/v2\/product"}],"about":[{"href":"https:\/\/www.comoditahome.com\/mk\/sq\/wp-json\/wp\/v2\/types\/product"}],"version-history":[{"count":3,"href":"https:\/\/www.comoditahome.com\/mk\/sq\/wp-json\/wp\/v2\/product\/85535\/revisions"}],"predecessor-version":[{"id":85540,"href":"https:\/\/www.comoditahome.com\/mk\/sq\/wp-json\/wp\/v2\/product\/85535\/revisions\/85540"}],"wp:featuredmedia":[{"embeddable":true,"href":"https:\/\/www.comoditahome.com\/mk\/sq\/wp-json\/wp\/v2\/media\/56663"}],"wp:attachment":[{"href":"https:\/\/www.comoditahome.com\/mk\/sq\/wp-json\/wp\/v2\/media?parent=85535"}],"wp:term":[{"taxonomy":"product_cat","embeddable":true,"href":"https:\/\/www.comoditahome.com\/mk\/sq\/wp-json\/wp\/v2\/product_cat?post=85535"},{"taxonomy":"product_tag","embeddable":true,"href":"https:\/\/www.comoditahome.com\/mk\/sq\/wp-json\/wp\/v2\/product_tag?post=85535"}],"curies":[{"name":"wp","href":"https:\/\/api.w.org\/{rel}","templated":true}]}}