 {"id":85543,"date":"2023-02-28T11:28:54","date_gmt":"2023-02-28T09:28:54","guid":{"rendered":"https:\/\/www.comoditahome.com\/mk\/product\/set-za-sol-biber-i-salfetki-bambuco-2\/"},"modified":"2026-05-14T11:09:36","modified_gmt":"2026-05-14T09:09:36","slug":"set-za-sol-biber-i-salfetki-bambuco-2","status":"publish","type":"product","link":"https:\/\/www.comoditahome.com\/mk\/sq\/product\/set-za-sol-biber-i-salfetki-bambuco-2\/","title":{"rendered":"Set per krip, piper dhe faculeta Bambuco"},"content":{"rendered":"","protected":false},"excerpt":{"rendered":"<p style=\"text-align: left;\">\n<ul style=\"text-align: left;\">\n<li style=\"text-align: left;\"><strong>MATERIALI:<\/strong>\u00a0Porcelan me mbajt\u00ebse nga druri i Bambus\u00eb<\/li>\n<li style=\"text-align: left;\"><strong>UDH\u00cbZIMET E P\u00cbRDORIMIT:<\/strong>\u00a0T\u00eb pastrohet me dor\u00eb<\/li>\n<li style=\"text-align: left;\"><strong>KUSHTET E KTHIMIT \/ GARANCION:<\/strong>\u00a0P\u00ebr k\u00ebt\u00eb produkt pranohet reklamacion brenda 24 or\u00ebve pasi t\u00eb pranoni porosin\u00eb.<\/li>\n<\/ul>\n<p style=\"text-align: left;\"><span style=\"color: #ffffff;\">5310233000971<\/span><\/p>\n","protected":false},"featured_media":58517,"template":"","meta":[],"product_cat":[331,332],"product_tag":[],"class_list":{"0":"post-85543","1":"product","2":"type-product","3":"status-publish","4":"has-post-thumbnail","6":"product_cat-kuzhine","7":"product_cat-aksesore-kuzhine","9":"first","10":"outofstock","11":"sale","12":"shipping-taxable","13":"purchasable","14":"product-type-simple","15":"layout-style-1","16":"col-md-4 col-sm-4 col-xs-6","17":"col-lg-3","18":"product-has-gallery","19":"product-style-default"},"_links":{"self":[{"href":"https:\/\/www.comoditahome.com\/mk\/sq\/wp-json\/wp\/v2\/product\/85543","targetHints":{"allow":["GET"]}}],"collection":[{"href":"https:\/\/www.comoditahome.com\/mk\/sq\/wp-json\/wp\/v2\/product"}],"about":[{"href":"https:\/\/www.comoditahome.com\/mk\/sq\/wp-json\/wp\/v2\/types\/product"}],"version-history":[{"count":2,"href":"https:\/\/www.comoditahome.com\/mk\/sq\/wp-json\/wp\/v2\/product\/85543\/revisions"}],"predecessor-version":[{"id":85545,"href":"https:\/\/www.comoditahome.com\/mk\/sq\/wp-json\/wp\/v2\/product\/85543\/revisions\/85545"}],"wp:featuredmedia":[{"embeddable":true,"href":"https:\/\/www.comoditahome.com\/mk\/sq\/wp-json\/wp\/v2\/media\/58517"}],"wp:attachment":[{"href":"https:\/\/www.comoditahome.com\/mk\/sq\/wp-json\/wp\/v2\/media?parent=85543"}],"wp:term":[{"taxonomy":"product_cat","embeddable":true,"href":"https:\/\/www.comoditahome.com\/mk\/sq\/wp-json\/wp\/v2\/product_cat?post=85543"},{"taxonomy":"product_tag","embeddable":true,"href":"https:\/\/www.comoditahome.com\/mk\/sq\/wp-json\/wp\/v2\/product_tag?post=85543"}],"curies":[{"name":"wp","href":"https:\/\/api.w.org\/{rel}","templated":true}]}}