 {"id":85607,"date":"2023-02-28T11:53:20","date_gmt":"2023-02-28T09:53:20","guid":{"rendered":"https:\/\/www.comoditahome.com\/mk\/product\/sad-za-serviranje-bambuco\/"},"modified":"2026-05-05T22:10:30","modified_gmt":"2026-05-05T20:10:30","slug":"sad-za-serviranje-bambuco","status":"publish","type":"product","link":"https:\/\/www.comoditahome.com\/mk\/sq\/product\/sad-za-serviranje-bambuco\/","title":{"rendered":"Pjate p\u00ebr te sh\u00ebrbyer Bambuco"},"content":{"rendered":"","protected":false},"excerpt":{"rendered":"<p style=\"text-align: left;\">En\u00eb per te sh\u00ebrbyer nga linja Bambuco, e realizuar me dru bambusi dhe material porcelani t\u00eb lart\u00eb cil\u00ebsie. Drua bambusi \u00ebsht\u00eb nj\u00eb material shum\u00eb i q\u00ebndruesh\u00ebm, i rezistuesh\u00ebm ndaj lag\u00ebshtis\u00eb dhe ka nj\u00eb pamje t\u00eb ngroht\u00eb.<\/p>\n<p style=\"text-align: left;\"><strong>Materiali:<\/strong> Porcelan dhe bambus.<br \/>\n<strong>Udh\u00ebzime p\u00ebr p\u00ebrdorim:<\/strong> Pastroni me dor\u00eb.<br \/>\n<strong>Garancia dhe m\u00ebnyra e kthimit:<\/strong> Reklamimet p\u00ebr k\u00ebt\u00eb produkt pranohen brenda 24 or\u00ebve pas marrjes s\u00eb porosis\u00eb.<\/p>\n<p style=\"text-align: left;\"><span style=\"color: #ffffff;\">5310233001282<\/span><\/p>\n","protected":false},"featured_media":58583,"template":"","meta":[],"product_cat":[354,357],"product_tag":[],"class_list":{"0":"post-85607","1":"product","2":"type-product","3":"status-publish","4":"has-post-thumbnail","6":"product_cat-tryeze","7":"product_cat-ene-servimi","9":"first","10":"outofstock","11":"sale","12":"shipping-taxable","13":"purchasable","14":"product-type-simple","15":"layout-style-1","16":"col-md-4 col-sm-4 col-xs-6","17":"col-lg-3","18":"product-has-gallery","19":"product-style-default"},"_links":{"self":[{"href":"https:\/\/www.comoditahome.com\/mk\/sq\/wp-json\/wp\/v2\/product\/85607","targetHints":{"allow":["GET"]}}],"collection":[{"href":"https:\/\/www.comoditahome.com\/mk\/sq\/wp-json\/wp\/v2\/product"}],"about":[{"href":"https:\/\/www.comoditahome.com\/mk\/sq\/wp-json\/wp\/v2\/types\/product"}],"version-history":[{"count":1,"href":"https:\/\/www.comoditahome.com\/mk\/sq\/wp-json\/wp\/v2\/product\/85607\/revisions"}],"predecessor-version":[{"id":85608,"href":"https:\/\/www.comoditahome.com\/mk\/sq\/wp-json\/wp\/v2\/product\/85607\/revisions\/85608"}],"wp:featuredmedia":[{"embeddable":true,"href":"https:\/\/www.comoditahome.com\/mk\/sq\/wp-json\/wp\/v2\/media\/58583"}],"wp:attachment":[{"href":"https:\/\/www.comoditahome.com\/mk\/sq\/wp-json\/wp\/v2\/media?parent=85607"}],"wp:term":[{"taxonomy":"product_cat","embeddable":true,"href":"https:\/\/www.comoditahome.com\/mk\/sq\/wp-json\/wp\/v2\/product_cat?post=85607"},{"taxonomy":"product_tag","embeddable":true,"href":"https:\/\/www.comoditahome.com\/mk\/sq\/wp-json\/wp\/v2\/product_tag?post=85607"}],"curies":[{"name":"wp","href":"https:\/\/api.w.org\/{rel}","templated":true}]}}