 {"id":85635,"date":"2023-05-10T15:47:10","date_gmt":"2023-05-10T13:47:10","guid":{"rendered":"https:\/\/www.comoditahome.com\/mk\/product\/set-casi-za-kokteli-blended\/"},"modified":"2026-05-05T22:10:31","modified_gmt":"2026-05-05T20:10:31","slug":"set-casi-za-kokteli-blended","status":"publish","type":"product","link":"https:\/\/www.comoditahome.com\/mk\/sq\/product\/set-casi-za-kokteli-blended\/","title":{"rendered":"Seti i gotave p\u00ebr kokteje  Blended"},"content":{"rendered":"","protected":false},"excerpt":{"rendered":"<p style=\"text-align: left;\">Seti i gotave p\u00ebr brendi nga linja Balance \u00ebsht\u00eb i p\u00ebrb\u00ebr\u00eb nga 6 pjese, me nj\u00eb stil t\u00eb ve\u00e7ant\u00eb dhe shum\u00eb modern, t\u00eb gravuar. Ato jan\u00eb t\u00eb b\u00ebra nga materiali i qart\u00eb i qelqit, i njohur p\u00ebr rezistenc\u00ebn e tij t\u00eb lart\u00eb ndaj thyerjes ose shqyrtimit dhe jan\u00eb t\u00eb lehta p\u00ebr pastrim p\u00ebr shkak t\u00eb dizajnit t\u00eb tyre t\u00eb ve\u00e7ant\u00eb.<\/p>\n<p style=\"text-align: left;\"><strong>Materiali:<\/strong> Qelqi.<br \/>\n<strong>Seti i 6 pjeseve:<\/strong> 6 gota.<br \/>\n<strong>Udh\u00ebzime p\u00ebr p\u00ebrdorim:<\/strong> Pastroni me dor\u00eb.<br \/>\n<strong>Garancia dhe m\u00ebnyra e kthimit:<\/strong> Reklamat p\u00ebr k\u00ebt\u00eb produkt pranohen brenda 24 or\u00ebve pas pranimit t\u00eb porosis\u00eb.<\/p>\n<p style=\"text-align: left;\"><span style=\"color: #ffffff;\">5900345789767<\/span><\/p>\n","protected":false},"featured_media":59494,"template":"","meta":[],"product_cat":[354,358],"product_tag":[],"class_list":{"0":"post-85635","1":"product","2":"type-product","3":"status-publish","4":"has-post-thumbnail","6":"product_cat-tryeze","7":"product_cat-set-gotash","9":"first","10":"outofstock","11":"sale","12":"shipping-taxable","13":"purchasable","14":"product-type-simple","15":"layout-style-1","16":"col-md-4 col-sm-4 col-xs-6","17":"col-lg-3","18":"product-has-gallery","19":"product-style-default"},"_links":{"self":[{"href":"https:\/\/www.comoditahome.com\/mk\/sq\/wp-json\/wp\/v2\/product\/85635","targetHints":{"allow":["GET"]}}],"collection":[{"href":"https:\/\/www.comoditahome.com\/mk\/sq\/wp-json\/wp\/v2\/product"}],"about":[{"href":"https:\/\/www.comoditahome.com\/mk\/sq\/wp-json\/wp\/v2\/types\/product"}],"version-history":[{"count":1,"href":"https:\/\/www.comoditahome.com\/mk\/sq\/wp-json\/wp\/v2\/product\/85635\/revisions"}],"predecessor-version":[{"id":85637,"href":"https:\/\/www.comoditahome.com\/mk\/sq\/wp-json\/wp\/v2\/product\/85635\/revisions\/85637"}],"wp:featuredmedia":[{"embeddable":true,"href":"https:\/\/www.comoditahome.com\/mk\/sq\/wp-json\/wp\/v2\/media\/59494"}],"wp:attachment":[{"href":"https:\/\/www.comoditahome.com\/mk\/sq\/wp-json\/wp\/v2\/media?parent=85635"}],"wp:term":[{"taxonomy":"product_cat","embeddable":true,"href":"https:\/\/www.comoditahome.com\/mk\/sq\/wp-json\/wp\/v2\/product_cat?post=85635"},{"taxonomy":"product_tag","embeddable":true,"href":"https:\/\/www.comoditahome.com\/mk\/sq\/wp-json\/wp\/v2\/product_tag?post=85635"}],"curies":[{"name":"wp","href":"https:\/\/api.w.org\/{rel}","templated":true}]}}