 {"id":85752,"date":"2023-05-29T15:42:23","date_gmt":"2023-05-29T13:42:23","guid":{"rendered":"https:\/\/www.comoditahome.com\/mk\/product\/set-cinii-honey-comb\/"},"modified":"2026-05-05T22:10:32","modified_gmt":"2026-05-05T20:10:32","slug":"set-cinii-honey-comb","status":"publish","type":"product","link":"https:\/\/www.comoditahome.com\/mk\/sq\/product\/set-cinii-honey-comb\/","title":{"rendered":"Set pjatash Honey Comb"},"content":{"rendered":"","protected":false},"excerpt":{"rendered":"<p>Seti i pjatave Honey Comb, ve\u00e7ohet p\u00ebr form\u00ebn e rrumbullak\u00ebt me k\u00ebnde t\u00eb dizajnuara n\u00eb stilin e hojeve t\u00eb blet\u00ebs, me nj\u00eb simetri t\u00eb p\u00ebrkryer. Secila nga pjatat reflektohet nga detajet e konturuara me kujdes q\u00eb i rezistojn\u00eb viteve.<\/p>\n<p>Dimensioni \/ Kompozicioni: Seti ka 31 pjes\u00eb: 6x pjata p\u00ebr ushqim, 6x pjata t\u00eb thella, 6x pjata p\u00ebr desert, 1x pjat\u00eb e thell\u00eb p\u00ebr sallat\u00eb, 6x filxhan\u00eb, 6x pjat\u00ebza<\/p>\n<p>NGJYRA: Me dizajn<\/p>\n<p>MATERIALI: Porcelan<\/p>\n<p>UDH\u00cbZIMET E P\u00cbRDORIMIT: T\u00eb pastrohen me dor\u00eb<\/p>\n<p>KUSHTET E KTHIMIT \/ GARANCION: P\u00ebr k\u00ebt\u00eb produkt pranohet reklamacion brenda 24 or\u00ebve pasi t\u00eb pranoni porosin\u00eb.<\/p>\n","protected":false},"featured_media":59818,"template":"","meta":[],"product_cat":[354,359],"product_tag":[],"class_list":{"0":"post-85752","1":"product","2":"type-product","3":"status-publish","4":"has-post-thumbnail","6":"product_cat-tryeze","7":"product_cat-set-pjatash","9":"first","10":"instock","11":"sale","12":"shipping-taxable","13":"purchasable","14":"product-type-simple","15":"layout-style-1","16":"col-md-4 col-sm-4 col-xs-6","17":"col-lg-3","18":"product-has-gallery","19":"product-style-default"},"_links":{"self":[{"href":"https:\/\/www.comoditahome.com\/mk\/sq\/wp-json\/wp\/v2\/product\/85752","targetHints":{"allow":["GET"]}}],"collection":[{"href":"https:\/\/www.comoditahome.com\/mk\/sq\/wp-json\/wp\/v2\/product"}],"about":[{"href":"https:\/\/www.comoditahome.com\/mk\/sq\/wp-json\/wp\/v2\/types\/product"}],"version-history":[{"count":1,"href":"https:\/\/www.comoditahome.com\/mk\/sq\/wp-json\/wp\/v2\/product\/85752\/revisions"}],"predecessor-version":[{"id":85753,"href":"https:\/\/www.comoditahome.com\/mk\/sq\/wp-json\/wp\/v2\/product\/85752\/revisions\/85753"}],"wp:featuredmedia":[{"embeddable":true,"href":"https:\/\/www.comoditahome.com\/mk\/sq\/wp-json\/wp\/v2\/media\/59818"}],"wp:attachment":[{"href":"https:\/\/www.comoditahome.com\/mk\/sq\/wp-json\/wp\/v2\/media?parent=85752"}],"wp:term":[{"taxonomy":"product_cat","embeddable":true,"href":"https:\/\/www.comoditahome.com\/mk\/sq\/wp-json\/wp\/v2\/product_cat?post=85752"},{"taxonomy":"product_tag","embeddable":true,"href":"https:\/\/www.comoditahome.com\/mk\/sq\/wp-json\/wp\/v2\/product_tag?post=85752"}],"curies":[{"name":"wp","href":"https:\/\/api.w.org\/{rel}","templated":true}]}}