 {"id":89961,"date":"2024-12-17T13:30:20","date_gmt":"2024-12-17T11:30:20","guid":{"rendered":"https:\/\/www.comoditahome.com\/mk\/product\/%d0%b4%d0%b0%d1%81%d0%ba%d0%b0-%d0%b7%d0%b0-%d1%81%d0%b5%d1%87%d0%b5%d1%9a%d0%b5-%d0%b0%d0%ba%d0%b0%d1%86%d0%b8%d1%98%d0%b0-49x19x1cm\/"},"modified":"2026-04-16T10:04:57","modified_gmt":"2026-04-16T08:04:57","slug":"%d0%b4%d0%b0%d1%81%d0%ba%d0%b0-%d0%b7%d0%b0-%d1%81%d0%b5%d1%87%d0%b5%d1%9a%d0%b5-%d0%b0%d0%ba%d0%b0%d1%86%d0%b8%d1%98%d0%b0-49x19x1cm","status":"publish","type":"product","link":"https:\/\/www.comoditahome.com\/mk\/sq\/product\/%d0%b4%d0%b0%d1%81%d0%ba%d0%b0-%d0%b7%d0%b0-%d1%81%d0%b5%d1%87%d0%b5%d1%9a%d0%b5-%d0%b0%d0%ba%d0%b0%d1%86%d0%b8%d1%98%d0%b0-49x19x1cm\/","title":{"rendered":"D\u00ebrras\u00eb p\u00ebr prerje Akacia 49x19x1cm"},"content":{"rendered":"","protected":false},"excerpt":{"rendered":"<div class=\"flex-shrink-0 flex flex-col relative items-end\">\n<div>\n<div class=\"pt-0\">\n<div class=\"gizmo-bot-avatar flex h-8 w-8 items-center justify-center overflow-hidden rounded-full\">\n<div class=\"relative p-1 rounded-sm flex items-center justify-center bg-token-main-surface-primary text-token-text-primary h-8 w-8\" style=\"text-align: left;\">\n<p>Sillni eleganc\u00ebn natyrale n\u00eb kuzhin\u00ebn tuaj me d\u00ebrras\u00ebn p\u00ebr prerje nga druri Akacia, t\u00eb dizajnuara p\u00ebr t\u00eb kombinuar stilin dhe funksionalitetin. Mbajt\u00ebsja metalike e q\u00ebndrueshme i jep edhe m\u00eb shum\u00eb stil. D\u00ebrrasa mund t\u00eb p\u00ebrdoret leht\u00ebsisht edhe p\u00ebr servimin e ushqimeve dhe jan\u00eb detaji i p\u00ebrkryer q\u00eb shton nj\u00eb prekje luksi n\u00eb \u00e7do ambient.<\/p>\n<p><strong>Dimensioni \/ Kompozicioni:<\/strong>\u00a049x19x1CM<\/p>\n<p><strong>NGJYRA:<\/strong>\u00a0E kaft\u00eb<\/p>\n<p><strong>MATERIALI:<\/strong>\u00a0Dru Akasia, metal<\/p>\n<p><strong>UDH\u00cbZIMET E P\u00cbRDORIMIT:<\/strong>\u00a0T\u00eb pastrohet me Dor\u00eb<\/p>\n<p><strong>KUSHTET E KTHIMIT \/ GARANCION:<\/strong>P\u00ebr k\u00ebt\u00eb produkt pranohet reklamacion brenda 24 or\u00ebve pasi t\u00eb pranoni porosin\u00eb.<\/p>\n<\/div>\n<\/div>\n<\/div>\n<\/div>\n<\/div>\n<div class=\"group\/conversation-turn relative flex w-full min-w-0 flex-col agent-turn\">\n<div class=\"flex-col gap-1 md:gap-3\">\n<div class=\"flex max-w-full flex-col flex-grow\">\n<div class=\"min-h-8 text-message flex w-full flex-col items-end gap-2 whitespace-normal break-words text-start [.text-message+&amp;]:mt-5\" dir=\"auto\" data-message-author-role=\"assistant\" data-message-id=\"6d10b782-c5e5-48c7-91f3-00b49054ff1c\" data-message-model-slug=\"gpt-4o-mini\">\n<div class=\"flex w-full flex-col gap-1 empty:hidden first:pt-[3px]\">\n<div class=\"markdown prose w-full break-words dark:prose-invert dark\">\n<p><span style=\"color: #ffffff;\">3907489385760<\/span><\/p>\n<\/div>\n<\/div>\n<\/div>\n<\/div>\n<\/div>\n<\/div>\n","protected":false},"featured_media":89952,"template":"","meta":[],"product_cat":[331,333],"product_tag":[],"class_list":{"0":"post-89961","1":"product","2":"type-product","3":"status-publish","4":"has-post-thumbnail","6":"product_cat-kuzhine","7":"product_cat-mjete-gatimi","9":"first","10":"outofstock","11":"sale","12":"shipping-taxable","13":"purchasable","14":"product-type-simple","15":"layout-style-1","16":"col-md-4 col-sm-4 col-xs-6","17":"col-lg-3","18":"product-has-gallery","19":"product-style-default"},"_links":{"self":[{"href":"https:\/\/www.comoditahome.com\/mk\/sq\/wp-json\/wp\/v2\/product\/89961","targetHints":{"allow":["GET"]}}],"collection":[{"href":"https:\/\/www.comoditahome.com\/mk\/sq\/wp-json\/wp\/v2\/product"}],"about":[{"href":"https:\/\/www.comoditahome.com\/mk\/sq\/wp-json\/wp\/v2\/types\/product"}],"version-history":[{"count":1,"href":"https:\/\/www.comoditahome.com\/mk\/sq\/wp-json\/wp\/v2\/product\/89961\/revisions"}],"predecessor-version":[{"id":89962,"href":"https:\/\/www.comoditahome.com\/mk\/sq\/wp-json\/wp\/v2\/product\/89961\/revisions\/89962"}],"wp:featuredmedia":[{"embeddable":true,"href":"https:\/\/www.comoditahome.com\/mk\/sq\/wp-json\/wp\/v2\/media\/89952"}],"wp:attachment":[{"href":"https:\/\/www.comoditahome.com\/mk\/sq\/wp-json\/wp\/v2\/media?parent=89961"}],"wp:term":[{"taxonomy":"product_cat","embeddable":true,"href":"https:\/\/www.comoditahome.com\/mk\/sq\/wp-json\/wp\/v2\/product_cat?post=89961"},{"taxonomy":"product_tag","embeddable":true,"href":"https:\/\/www.comoditahome.com\/mk\/sq\/wp-json\/wp\/v2\/product_tag?post=89961"}],"curies":[{"name":"wp","href":"https:\/\/api.w.org\/{rel}","templated":true}]}}