 {"id":90965,"date":"2025-02-08T12:44:44","date_gmt":"2025-02-08T10:44:44","guid":{"rendered":"https:\/\/www.comoditahome.com\/mk\/product\/%d1%82%d0%b5%d1%80%d0%bc%d0%be%d1%81-red-500ml\/"},"modified":"2026-05-05T22:10:39","modified_gmt":"2026-05-05T20:10:39","slug":"%d1%82%d0%b5%d1%80%d0%bc%d0%be%d1%81-red-500ml","status":"publish","type":"product","link":"https:\/\/www.comoditahome.com\/mk\/sq\/product\/%d1%82%d0%b5%d1%80%d0%bc%d0%be%d1%81-red-500ml\/","title":{"rendered":"Termos RED 500ml"},"content":{"rendered":"","protected":false},"excerpt":{"rendered":"<p style=\"text-align: left;\">Shijoni pijet tuaja t\u00eb preferuara me termos shishen Red, e cila ruan temperatur\u00ebn e l\u00ebngjeve p\u00ebr or\u00eb t\u00eb t\u00ebra. Me nj\u00eb kapacitet prej 500 ml dhe nj\u00eb dizajn modern, kjo shishe \u00ebsht\u00eb ideale p\u00ebr p\u00ebrdorim t\u00eb p\u00ebrditsh\u00ebm, qoft\u00eb n\u00eb pun\u00eb, udh\u00ebtim apo st\u00ebrvitje.<\/p>\n<p>&nbsp;<\/p>\n<p style=\"text-align: left;\">\u25aa Izolim i shk\u00eblqyer termik p\u00ebr pije t\u00eb ngrohta dhe t\u00eb ftohta<br \/>\n\u25aa Dizajn ergonomik p\u00ebr mbajtje t\u00eb rehatshme<br \/>\n\u25aa Materiale t\u00eb q\u00ebndrueshme p\u00ebr p\u00ebrdorim afatgjat\u00eb<br \/>\n\u25aa Perfekte p\u00ebr ta mbajtur n\u00eb \u00e7ant\u00eb apo shpinore<\/p>\n<p>&nbsp;<\/p>\n<p style=\"text-align: left;\"><strong>Kapaciteti:<\/strong> 500 ml<br \/>\n<strong>P\u00ebrdorimi:<\/strong> Rekomandohet larja me dor\u00eb p\u00ebr ruajtjen e cil\u00ebsis\u00eb.<\/p>\n<p style=\"text-align: left;\"><span style=\"color: #ffffff;\">3614300019623<\/span><\/p>\n","protected":false},"featured_media":90956,"template":"","meta":[],"product_cat":[1167,331],"product_tag":[],"class_list":{"0":"post-90965","1":"product","2":"type-product","3":"status-publish","4":"has-post-thumbnail","6":"product_cat-shishe","7":"product_cat-kuzhine","9":"first","10":"outofstock","11":"sale","12":"shipping-taxable","13":"purchasable","14":"product-type-simple","15":"layout-style-1","16":"col-md-4 col-sm-4 col-xs-6","17":"col-lg-3","18":"product-has-gallery","19":"product-style-default"},"_links":{"self":[{"href":"https:\/\/www.comoditahome.com\/mk\/sq\/wp-json\/wp\/v2\/product\/90965","targetHints":{"allow":["GET"]}}],"collection":[{"href":"https:\/\/www.comoditahome.com\/mk\/sq\/wp-json\/wp\/v2\/product"}],"about":[{"href":"https:\/\/www.comoditahome.com\/mk\/sq\/wp-json\/wp\/v2\/types\/product"}],"version-history":[{"count":2,"href":"https:\/\/www.comoditahome.com\/mk\/sq\/wp-json\/wp\/v2\/product\/90965\/revisions"}],"predecessor-version":[{"id":90967,"href":"https:\/\/www.comoditahome.com\/mk\/sq\/wp-json\/wp\/v2\/product\/90965\/revisions\/90967"}],"wp:featuredmedia":[{"embeddable":true,"href":"https:\/\/www.comoditahome.com\/mk\/sq\/wp-json\/wp\/v2\/media\/90956"}],"wp:attachment":[{"href":"https:\/\/www.comoditahome.com\/mk\/sq\/wp-json\/wp\/v2\/media?parent=90965"}],"wp:term":[{"taxonomy":"product_cat","embeddable":true,"href":"https:\/\/www.comoditahome.com\/mk\/sq\/wp-json\/wp\/v2\/product_cat?post=90965"},{"taxonomy":"product_tag","embeddable":true,"href":"https:\/\/www.comoditahome.com\/mk\/sq\/wp-json\/wp\/v2\/product_tag?post=90965"}],"curies":[{"name":"wp","href":"https:\/\/api.w.org\/{rel}","templated":true}]}}