 {"id":92260,"date":"2025-03-21T14:58:11","date_gmt":"2025-03-21T12:58:11","guid":{"rendered":"https:\/\/www.comoditahome.com\/mk\/product\/%d1%81%d0%b5%d1%82-%d1%87%d0%b0%d1%88%d0%b8-%d0%b7%d0%b0-%d0%bf%d0%b8%d1%98%d0%b0%d0%bb%d0%be%d0%ba-krista-deco\/"},"modified":"2026-05-05T22:10:43","modified_gmt":"2026-05-05T20:10:43","slug":"%d1%81%d0%b5%d1%82-%d1%87%d0%b0%d1%88%d0%b8-%d0%b7%d0%b0-%d0%bf%d0%b8%d1%98%d0%b0%d0%bb%d0%be%d0%ba-krista-deco","status":"publish","type":"product","link":"https:\/\/www.comoditahome.com\/mk\/sq\/product\/%d1%81%d0%b5%d1%82-%d1%87%d0%b0%d1%88%d0%b8-%d0%b7%d0%b0-%d0%bf%d0%b8%d1%98%d0%b0%d0%bb%d0%be%d0%ba-krista-deco\/","title":{"rendered":"Set gotash KRISTA DECO"},"content":{"rendered":"","protected":false},"excerpt":{"rendered":"<p style=\"text-align: left;\" data-start=\"0\" data-end=\"251\">Gotat elegante Krista Deco p\u00ebr uiski jan\u00eb nj\u00eb zgjedhje ideale si p\u00ebr p\u00ebrdorim t\u00eb p\u00ebrditsh\u00ebm ashtu edhe p\u00ebr raste speciale. Dizajni i tyre i sofistikuar me ornamente delikate i b\u00ebn t\u00eb p\u00ebrshtatshme si p\u00ebr ambientet moderne, ashtu edhe p\u00ebr ato klasike.<\/p>\n<p style=\"text-align: left;\" data-start=\"253\" data-end=\"662\" data-is-last-node=\"\" data-is-only-node=\"\"><strong data-start=\"253\" data-end=\"284\">Karakteristikat \/ P\u00ebrb\u00ebrja:<\/strong><br data-start=\"284\" data-end=\"287\" \/>\u2022 <strong data-start=\"289\" data-end=\"300\">NGJYRA:<\/strong> Pa ngjyr\u00eb<br data-start=\"310\" data-end=\"313\" \/>\u2022 <strong data-start=\"315\" data-end=\"329\">MATERIALI:<\/strong> Qelq Crystalline<br data-start=\"346\" data-end=\"349\" \/>\u2022 <strong data-start=\"351\" data-end=\"366\">KAPACITETI:<\/strong> 300ml i dobish\u00ebm \/ 350ml total<br data-start=\"397\" data-end=\"400\" \/>\u2022 <strong data-start=\"402\" data-end=\"415\">P\u00cbRMASAT:<\/strong> 81mm diamet\u00ebr \/ 97mm lart\u00ebsi<br data-start=\"444\" data-end=\"447\" \/>\u2022 <strong data-start=\"449\" data-end=\"475\">NUMRI I GOTAVE N\u00cb SET:<\/strong> 6 cop\u00eb<br data-start=\"482\" data-end=\"485\" \/>\u2022 <strong data-start=\"487\" data-end=\"503\">MIR\u00cbMBAJTJA:<\/strong> Rezistente ndaj mjegullimit dhe d\u00ebmtimeve<br data-start=\"545\" data-end=\"548\" \/>\u2022 <strong data-start=\"550\" data-end=\"584\">Garancia dhe m\u00ebnyra e kthimit:<\/strong> Reklamimet p\u00ebr k\u00ebt\u00eb produkt pranohen brenda 24 or\u00ebve pas marrjes s\u00eb porosis\u00eb.<\/p>\n<p style=\"text-align: left;\"><span style=\"color: #ffffff;\">5900345786193<\/span><\/p>\n","protected":false},"featured_media":92254,"template":"","meta":[],"product_cat":[354,358],"product_tag":[],"class_list":{"0":"post-92260","1":"product","2":"type-product","3":"status-publish","4":"has-post-thumbnail","6":"product_cat-tryeze","7":"product_cat-set-gotash","9":"first","10":"instock","11":"sale","12":"shipping-taxable","13":"purchasable","14":"product-type-simple","15":"layout-style-1","16":"col-md-4 col-sm-4 col-xs-6","17":"col-lg-3","18":"product-has-gallery","19":"product-style-default"},"_links":{"self":[{"href":"https:\/\/www.comoditahome.com\/mk\/sq\/wp-json\/wp\/v2\/product\/92260","targetHints":{"allow":["GET"]}}],"collection":[{"href":"https:\/\/www.comoditahome.com\/mk\/sq\/wp-json\/wp\/v2\/product"}],"about":[{"href":"https:\/\/www.comoditahome.com\/mk\/sq\/wp-json\/wp\/v2\/types\/product"}],"version-history":[{"count":1,"href":"https:\/\/www.comoditahome.com\/mk\/sq\/wp-json\/wp\/v2\/product\/92260\/revisions"}],"predecessor-version":[{"id":92261,"href":"https:\/\/www.comoditahome.com\/mk\/sq\/wp-json\/wp\/v2\/product\/92260\/revisions\/92261"}],"wp:featuredmedia":[{"embeddable":true,"href":"https:\/\/www.comoditahome.com\/mk\/sq\/wp-json\/wp\/v2\/media\/92254"}],"wp:attachment":[{"href":"https:\/\/www.comoditahome.com\/mk\/sq\/wp-json\/wp\/v2\/media?parent=92260"}],"wp:term":[{"taxonomy":"product_cat","embeddable":true,"href":"https:\/\/www.comoditahome.com\/mk\/sq\/wp-json\/wp\/v2\/product_cat?post=92260"},{"taxonomy":"product_tag","embeddable":true,"href":"https:\/\/www.comoditahome.com\/mk\/sq\/wp-json\/wp\/v2\/product_tag?post=92260"}],"curies":[{"name":"wp","href":"https:\/\/api.w.org\/{rel}","templated":true}]}}