 {"id":92399,"date":"2025-03-24T14:00:57","date_gmt":"2025-03-24T12:00:57","guid":{"rendered":"https:\/\/www.comoditahome.com\/mk\/product\/%d1%81%d0%b5%d1%82-%d1%87%d0%b0%d1%88%d0%b8-%d0%b7%d0%b0-%d0%bf%d0%b8%d1%98%d0%b0%d0%bb%d0%be%d0%ba-%d0%b0vant-garde\/"},"modified":"2026-05-05T22:10:43","modified_gmt":"2026-05-05T20:10:43","slug":"%d1%81%d0%b5%d1%82-%d1%87%d0%b0%d1%88%d0%b8-%d0%b7%d0%b0-%d0%bf%d0%b8%d1%98%d0%b0%d0%bb%d0%be%d0%ba-%d0%b0vant-garde","status":"publish","type":"product","link":"https:\/\/www.comoditahome.com\/mk\/sq\/product\/%d1%81%d0%b5%d1%82-%d1%87%d0%b0%d1%88%d0%b8-%d0%b7%d0%b0-%d0%bf%d0%b8%d1%98%d0%b0%d0%bb%d0%be%d0%ba-%d0%b0vant-garde\/","title":{"rendered":"Set gotash  \u0410VANT-GARDE"},"content":{"rendered":"","protected":false},"excerpt":{"rendered":"<p class=\"\" style=\"text-align: left;\" data-start=\"0\" data-end=\"372\">T\u00eb p\u00ebrsosura p\u00ebr servirjen e ujit, l\u00ebngjeve dhe pijeve t\u00eb tjera t\u00eb ftohta, k\u00ebto gota moderne nga koleksioni Avant-Garde do t\u00eb sjellin eleganc\u00eb n\u00eb \u00e7do tryez\u00eb. Dizajni i tyre minimalist, me nj\u00eb baz\u00eb t\u00eb gjer\u00eb dhe t\u00eb q\u00ebndrueshme q\u00eb ngushtohet drejt maj\u00ebs, ofron prakticitet dhe stil, duke i b\u00ebr\u00eb t\u00eb p\u00ebrshtatshme si p\u00ebr p\u00ebrdorim t\u00eb p\u00ebrditsh\u00ebm ashtu edhe p\u00ebr raste t\u00eb ve\u00e7anta.<\/p>\n<p class=\"\" style=\"text-align: left;\" data-start=\"374\" data-end=\"766\"><strong data-start=\"374\" data-end=\"405\">Karakteristikat \/ P\u00ebrb\u00ebrja:<\/strong><br data-start=\"405\" data-end=\"408\" \/>\u2022 <strong data-start=\"410\" data-end=\"421\">NGJYRA:<\/strong> Pa ngjyr\u00eb<br data-start=\"431\" data-end=\"434\" \/>\u2022 <strong data-start=\"436\" data-end=\"450\">MATERIALI:<\/strong> Qelq<br data-start=\"455\" data-end=\"458\" \/>\u2022 <strong data-start=\"460\" data-end=\"475\">KAPACITETI:<\/strong> 380ml i dobish\u00ebm \/ 430ml total<br data-start=\"506\" data-end=\"509\" \/>\u2022 <strong data-start=\"511\" data-end=\"524\">P\u00cbRMASAT:<\/strong> 90mm diamet\u00ebr \/ 100mm lart\u00ebsi<br data-start=\"554\" data-end=\"557\" \/>\u2022 <strong data-start=\"559\" data-end=\"585\">NUMRI I GOTAVE N\u00cb SET:<\/strong> 6 cop\u00eb<br data-start=\"592\" data-end=\"595\" \/>\u2022 <strong data-start=\"597\" data-end=\"613\">MIR\u00cbMBAJTJA:<\/strong> T\u00eb p\u00ebrshtatshme p\u00ebr larje n\u00eb makin\u00eb<br data-start=\"649\" data-end=\"652\" \/>\u2022 <strong data-start=\"654\" data-end=\"688\">Garancia dhe m\u00ebnyra e kthimit:<\/strong> Reklamimet p\u00ebr k\u00ebt\u00eb produkt pranohen brenda 24 or\u00ebve pas marrjes s\u00eb porosis\u00eb.<\/p>\n<p style=\"text-align: left;\"><span style=\"color: #ffffff;\">5900345789453<\/span><\/p>\n","protected":false},"featured_media":92394,"template":"","meta":[],"product_cat":[354,358],"product_tag":[],"class_list":{"0":"post-92399","1":"product","2":"type-product","3":"status-publish","4":"has-post-thumbnail","6":"product_cat-tryeze","7":"product_cat-set-gotash","9":"first","10":"outofstock","11":"sale","12":"shipping-taxable","13":"purchasable","14":"product-type-simple","15":"layout-style-1","16":"col-md-4 col-sm-4 col-xs-6","17":"col-lg-3","18":"product-has-gallery","19":"product-style-default"},"_links":{"self":[{"href":"https:\/\/www.comoditahome.com\/mk\/sq\/wp-json\/wp\/v2\/product\/92399","targetHints":{"allow":["GET"]}}],"collection":[{"href":"https:\/\/www.comoditahome.com\/mk\/sq\/wp-json\/wp\/v2\/product"}],"about":[{"href":"https:\/\/www.comoditahome.com\/mk\/sq\/wp-json\/wp\/v2\/types\/product"}],"version-history":[{"count":1,"href":"https:\/\/www.comoditahome.com\/mk\/sq\/wp-json\/wp\/v2\/product\/92399\/revisions"}],"predecessor-version":[{"id":92400,"href":"https:\/\/www.comoditahome.com\/mk\/sq\/wp-json\/wp\/v2\/product\/92399\/revisions\/92400"}],"wp:featuredmedia":[{"embeddable":true,"href":"https:\/\/www.comoditahome.com\/mk\/sq\/wp-json\/wp\/v2\/media\/92394"}],"wp:attachment":[{"href":"https:\/\/www.comoditahome.com\/mk\/sq\/wp-json\/wp\/v2\/media?parent=92399"}],"wp:term":[{"taxonomy":"product_cat","embeddable":true,"href":"https:\/\/www.comoditahome.com\/mk\/sq\/wp-json\/wp\/v2\/product_cat?post=92399"},{"taxonomy":"product_tag","embeddable":true,"href":"https:\/\/www.comoditahome.com\/mk\/sq\/wp-json\/wp\/v2\/product_tag?post=92399"}],"curies":[{"name":"wp","href":"https:\/\/api.w.org\/{rel}","templated":true}]}}