 {"id":92534,"date":"2025-03-21T14:37:30","date_gmt":"2025-03-21T12:37:30","guid":{"rendered":"https:\/\/www.comoditahome.com\/mk\/product\/%d1%81%d0%b5%d1%82-%d1%87%d0%b0%d1%88%d0%b8-%d0%b7%d0%b0-%d0%bf%d0%b8%d1%98%d0%b0%d0%bb%d0%be%d0%ba-chill-3\/"},"modified":"2026-05-05T22:10:44","modified_gmt":"2026-05-05T20:10:44","slug":"%d1%81%d0%b5%d1%82-%d1%87%d0%b0%d1%88%d0%b8-%d0%b7%d0%b0-%d0%bf%d0%b8%d1%98%d0%b0%d0%bb%d0%be%d0%ba-chill-3","status":"publish","type":"product","link":"https:\/\/www.comoditahome.com\/mk\/sq\/product\/%d1%81%d0%b5%d1%82-%d1%87%d0%b0%d1%88%d0%b8-%d0%b7%d0%b0-%d0%bf%d0%b8%d1%98%d0%b0%d0%bb%d0%be%d0%ba-chill-3\/","title":{"rendered":"Set gotash  CHILL"},"content":{"rendered":"","protected":false},"excerpt":{"rendered":"<p class=\"\" style=\"text-align: left;\" data-start=\"0\" data-end=\"222\"><strong data-start=\"0\" data-end=\"30\">Gotat nga koleksioni Chill<\/strong> me kapacitet 500 ml jan\u00eb t\u00eb dizajnuara me nj\u00eb stil t\u00eb thjesht\u00eb dhe funksional. Me baz\u00ebn e q\u00ebndrueshme, dhe form\u00ebn e rehatshme, k\u00ebto gota jan\u00eb t\u00eb p\u00ebrsosura p\u00ebr pije t\u00eb ndryshme.<\/p>\n<p class=\"\" style=\"text-align: left;\" data-start=\"224\" data-end=\"584\"><strong data-start=\"224\" data-end=\"244\">Karakteristikat:<\/strong><br data-start=\"244\" data-end=\"247\" \/>\u2022 <strong data-start=\"249\" data-end=\"260\">NGJYRA:<\/strong> Pa ngjyr\u00eb<br data-start=\"270\" data-end=\"273\" \/>\u2022 <strong data-start=\"275\" data-end=\"289\">MATERIALI:<\/strong> Qelq<br data-start=\"294\" data-end=\"297\" \/>\u2022 <strong data-start=\"299\" data-end=\"314\">KAPACITETI:<\/strong> 500ml<br data-start=\"320\" data-end=\"323\" \/>\u2022 <strong data-start=\"325\" data-end=\"337\">P\u00cbDIMET:<\/strong> 81mm diamet\u00ebr \/ 194mm lart\u00ebsi<br data-start=\"367\" data-end=\"370\" \/>\u2022 <strong data-start=\"372\" data-end=\"396\">NUMRI I GOTA N\u00cb SET:<\/strong> 6 cop\u00eb<br data-start=\"403\" data-end=\"406\" \/>\u2022 <strong data-start=\"408\" data-end=\"428\">KMPREJTESHM\u00cbRIA:<\/strong> T\u00eb p\u00ebrshtatshme p\u00ebr larje n\u00eb makin\u00eb<br data-start=\"464\" data-end=\"467\" \/>\u2022 <strong data-start=\"469\" data-end=\"503\">Garancia dhe m\u00ebnyra e kthimit:<\/strong> Reklamimet p\u00ebr k\u00ebt\u00eb produkt pranohen brenda 24 or\u00ebve pas pranimit t\u00eb porosis\u00eb.<\/p>\n<p style=\"text-align: left;\"><span style=\"color: #ffffff;\">5900345788227<\/span><\/p>\n","protected":false},"featured_media":92531,"template":"","meta":[],"product_cat":[354,358],"product_tag":[],"class_list":{"0":"post-92534","1":"product","2":"type-product","3":"status-publish","4":"has-post-thumbnail","6":"product_cat-tryeze","7":"product_cat-set-gotash","9":"first","10":"instock","11":"sale","12":"shipping-taxable","13":"purchasable","14":"product-type-simple","15":"layout-style-1","16":"col-md-4 col-sm-4 col-xs-6","17":"col-lg-3","18":"product-has-gallery","19":"product-style-default"},"_links":{"self":[{"href":"https:\/\/www.comoditahome.com\/mk\/sq\/wp-json\/wp\/v2\/product\/92534","targetHints":{"allow":["GET"]}}],"collection":[{"href":"https:\/\/www.comoditahome.com\/mk\/sq\/wp-json\/wp\/v2\/product"}],"about":[{"href":"https:\/\/www.comoditahome.com\/mk\/sq\/wp-json\/wp\/v2\/types\/product"}],"version-history":[{"count":1,"href":"https:\/\/www.comoditahome.com\/mk\/sq\/wp-json\/wp\/v2\/product\/92534\/revisions"}],"predecessor-version":[{"id":92535,"href":"https:\/\/www.comoditahome.com\/mk\/sq\/wp-json\/wp\/v2\/product\/92534\/revisions\/92535"}],"wp:featuredmedia":[{"embeddable":true,"href":"https:\/\/www.comoditahome.com\/mk\/sq\/wp-json\/wp\/v2\/media\/92531"}],"wp:attachment":[{"href":"https:\/\/www.comoditahome.com\/mk\/sq\/wp-json\/wp\/v2\/media?parent=92534"}],"wp:term":[{"taxonomy":"product_cat","embeddable":true,"href":"https:\/\/www.comoditahome.com\/mk\/sq\/wp-json\/wp\/v2\/product_cat?post=92534"},{"taxonomy":"product_tag","embeddable":true,"href":"https:\/\/www.comoditahome.com\/mk\/sq\/wp-json\/wp\/v2\/product_tag?post=92534"}],"curies":[{"name":"wp","href":"https:\/\/api.w.org\/{rel}","templated":true}]}}