 {"id":92560,"date":"2025-03-25T13:51:25","date_gmt":"2025-03-25T11:51:25","guid":{"rendered":"https:\/\/www.comoditahome.com\/mk\/product\/%d1%81%d0%b5%d1%82-%d1%87%d0%b0%d1%88%d0%b8-%d0%b7%d0%b0-%d0%bf%d0%b8%d1%98%d0%b0%d0%bb%d0%be%d0%ba-splendour-2\/"},"modified":"2026-05-05T22:10:44","modified_gmt":"2026-05-05T20:10:44","slug":"%d1%81%d0%b5%d1%82-%d1%87%d0%b0%d1%88%d0%b8-%d0%b7%d0%b0-%d0%bf%d0%b8%d1%98%d0%b0%d0%bb%d0%be%d0%ba-splendour-2","status":"publish","type":"product","link":"https:\/\/www.comoditahome.com\/mk\/sq\/product\/%d1%81%d0%b5%d1%82-%d1%87%d0%b0%d1%88%d0%b8-%d0%b7%d0%b0-%d0%bf%d0%b8%d1%98%d0%b0%d0%bb%d0%be%d0%ba-splendour-2\/","title":{"rendered":"Set gotash  SPLENDOUR"},"content":{"rendered":"","protected":false},"excerpt":{"rendered":"<p class=\"\" style=\"text-align: left;\" data-start=\"0\" data-end=\"154\"><strong data-start=\"0\" data-end=\"34\">Gotat nga koleksioni Splendour<\/strong> me kapacitet 500 ml, ideale p\u00ebr sh\u00ebrbimin e ujit ose ver\u00ebs. T\u00eb p\u00ebrsosura p\u00ebr festa elegante ose p\u00ebrdorim t\u00eb p\u00ebrditsh\u00ebm.<\/p>\n<p class=\"\" style=\"text-align: left;\" data-start=\"156\" data-end=\"529\"><strong data-start=\"156\" data-end=\"176\">Karakteristikat:<\/strong><br data-start=\"176\" data-end=\"179\" \/>\u2022 <strong data-start=\"181\" data-end=\"192\">NGJYRA:<\/strong> Pa ngjyr\u00eb<br data-start=\"202\" data-end=\"205\" \/>\u2022 <strong data-start=\"207\" data-end=\"221\">MATERIALI:<\/strong> Qelq (Crystalline)<br data-start=\"240\" data-end=\"243\" \/>\u2022 <strong data-start=\"245\" data-end=\"260\">KAPACITETI:<\/strong> 500 ml<br data-start=\"267\" data-end=\"270\" \/>\u2022 <strong data-start=\"272\" data-end=\"284\">P\u00cbDIMET:<\/strong> 95mm diamet\u00ebr \/ 247mm lart\u00ebsi<br data-start=\"314\" data-end=\"317\" \/>\u2022 <strong data-start=\"319\" data-end=\"343\">NUMRI I GOTA N\u00cb SET:<\/strong> 6 cop\u00eb<br data-start=\"350\" data-end=\"353\" \/>\u2022 <strong data-start=\"355\" data-end=\"375\">KMPREJTESHM\u00cbRIA:<\/strong> T\u00eb p\u00ebrshtatshme p\u00ebr larje n\u00eb makin\u00eb<br data-start=\"411\" data-end=\"414\" \/>\u2022 <strong data-start=\"416\" data-end=\"450\">Garancia dhe m\u00ebnyra e kthimit:<\/strong> Reklamimet p\u00ebr k\u00ebt\u00eb produkt pranohen brenda 24 or\u00ebve pas pranimit t\u00eb porosis\u00eb.<\/p>\n<p style=\"text-align: left;\"><span style=\"color: #ffffff;\">5900345787398<\/span><\/p>\n","protected":false},"featured_media":92557,"template":"","meta":[],"product_cat":[354,358],"product_tag":[],"class_list":{"0":"post-92560","1":"product","2":"type-product","3":"status-publish","4":"has-post-thumbnail","6":"product_cat-tryeze","7":"product_cat-set-gotash","9":"first","10":"outofstock","11":"sale","12":"shipping-taxable","13":"purchasable","14":"product-type-simple","15":"layout-style-1","16":"col-md-4 col-sm-4 col-xs-6","17":"col-lg-3","18":"product-has-gallery","19":"product-style-default"},"_links":{"self":[{"href":"https:\/\/www.comoditahome.com\/mk\/sq\/wp-json\/wp\/v2\/product\/92560","targetHints":{"allow":["GET"]}}],"collection":[{"href":"https:\/\/www.comoditahome.com\/mk\/sq\/wp-json\/wp\/v2\/product"}],"about":[{"href":"https:\/\/www.comoditahome.com\/mk\/sq\/wp-json\/wp\/v2\/types\/product"}],"version-history":[{"count":1,"href":"https:\/\/www.comoditahome.com\/mk\/sq\/wp-json\/wp\/v2\/product\/92560\/revisions"}],"predecessor-version":[{"id":92561,"href":"https:\/\/www.comoditahome.com\/mk\/sq\/wp-json\/wp\/v2\/product\/92560\/revisions\/92561"}],"wp:featuredmedia":[{"embeddable":true,"href":"https:\/\/www.comoditahome.com\/mk\/sq\/wp-json\/wp\/v2\/media\/92557"}],"wp:attachment":[{"href":"https:\/\/www.comoditahome.com\/mk\/sq\/wp-json\/wp\/v2\/media?parent=92560"}],"wp:term":[{"taxonomy":"product_cat","embeddable":true,"href":"https:\/\/www.comoditahome.com\/mk\/sq\/wp-json\/wp\/v2\/product_cat?post=92560"},{"taxonomy":"product_tag","embeddable":true,"href":"https:\/\/www.comoditahome.com\/mk\/sq\/wp-json\/wp\/v2\/product_tag?post=92560"}],"curies":[{"name":"wp","href":"https:\/\/api.w.org\/{rel}","templated":true}]}}