 {"id":92576,"date":"2025-03-25T13:58:22","date_gmt":"2025-03-25T11:58:22","guid":{"rendered":"https:\/\/www.comoditahome.com\/mk\/product\/%d1%81%d0%b5%d1%82-%d1%87%d0%b0%d1%88%d0%b8-%d0%b7%d0%b0-%d0%bf%d0%b8%d1%98%d0%b0%d0%bb%d0%be%d0%ba-krista-deco-3\/"},"modified":"2026-05-14T11:09:51","modified_gmt":"2026-05-14T09:09:51","slug":"%d1%81%d0%b5%d1%82-%d1%87%d0%b0%d1%88%d0%b8-%d0%b7%d0%b0-%d0%bf%d0%b8%d1%98%d0%b0%d0%bb%d0%be%d0%ba-krista-deco-3","status":"publish","type":"product","link":"https:\/\/www.comoditahome.com\/mk\/sq\/product\/%d1%81%d0%b5%d1%82-%d1%87%d0%b0%d1%88%d0%b8-%d0%b7%d0%b0-%d0%bf%d0%b8%d1%98%d0%b0%d0%bb%d0%be%d0%ba-krista-deco-3\/","title":{"rendered":"Set gotash  KRISTA DECO"},"content":{"rendered":"","protected":false},"excerpt":{"rendered":"<p class=\"\" style=\"text-align: left;\" data-start=\"0\" data-end=\"174\"><strong data-start=\"0\" data-end=\"30\">Gota nga koleksioni Krista<\/strong> p\u00ebrfshijn\u00eb detaje dekorative dhe eleganc\u00eb t\u00eb p\u00ebrsosur. Me dizajnin e tyre stilistik, ato do t\u00eb jen\u00eb nj\u00eb dekorim i mrekulluesh\u00ebm p\u00ebr \u00e7do tryez\u00eb.<\/p>\n<p class=\"\" style=\"text-align: left;\" data-start=\"176\" data-end=\"549\"><strong data-start=\"176\" data-end=\"196\">Karakteristikat:<\/strong><br data-start=\"196\" data-end=\"199\" \/>\u2022 <strong data-start=\"201\" data-end=\"212\">NGJYRA:<\/strong> Pa ngjyr\u00eb<br data-start=\"222\" data-end=\"225\" \/>\u2022 <strong data-start=\"227\" data-end=\"241\">MATERIALI:<\/strong> Qelq (Crystalline)<br data-start=\"260\" data-end=\"263\" \/>\u2022 <strong data-start=\"265\" data-end=\"280\">KAPACITETI:<\/strong> 150 ml<br data-start=\"287\" data-end=\"290\" \/>\u2022 <strong data-start=\"292\" data-end=\"304\">P\u00cbDIMET:<\/strong> 80mm diamet\u00ebr \/ 168mm lart\u00ebsi<br data-start=\"334\" data-end=\"337\" \/>\u2022 <strong data-start=\"339\" data-end=\"363\">NUMRI I GOTA N\u00cb SET:<\/strong> 6 cop\u00eb<br data-start=\"370\" data-end=\"373\" \/>\u2022 <strong data-start=\"467\" data-end=\"483\">MIR\u00cbMBAJTJA<\/strong><strong data-start=\"375\" data-end=\"395\">:<\/strong> T\u00eb p\u00ebrshtatshme p\u00ebr larje n\u00eb makin\u00eb<br data-start=\"431\" data-end=\"434\" \/>\u2022 <strong data-start=\"436\" data-end=\"470\">Garancia dhe m\u00ebnyra e kthimit:<\/strong> Reklamimet p\u00ebr k\u00ebt\u00eb produkt pranohen brenda 24 or\u00ebve pas pranimit t\u00eb porosis\u00eb.<\/p>\n<p style=\"text-align: left;\"><span style=\"color: #ffffff;\">5900345788296<\/span><\/p>\n","protected":false},"featured_media":92567,"template":"","meta":[],"product_cat":[283,354,358],"product_tag":[],"class_list":{"0":"post-92576","1":"product","2":"type-product","3":"status-publish","4":"has-post-thumbnail","6":"product_cat-oferta","7":"product_cat-tryeze","8":"product_cat-set-gotash","10":"first","11":"outofstock","12":"sale","13":"shipping-taxable","14":"purchasable","15":"product-type-simple","16":"layout-style-1","17":"col-md-4 col-sm-4 col-xs-6","18":"col-lg-3","19":"product-has-gallery","20":"product-style-default"},"_links":{"self":[{"href":"https:\/\/www.comoditahome.com\/mk\/sq\/wp-json\/wp\/v2\/product\/92576","targetHints":{"allow":["GET"]}}],"collection":[{"href":"https:\/\/www.comoditahome.com\/mk\/sq\/wp-json\/wp\/v2\/product"}],"about":[{"href":"https:\/\/www.comoditahome.com\/mk\/sq\/wp-json\/wp\/v2\/types\/product"}],"version-history":[{"count":2,"href":"https:\/\/www.comoditahome.com\/mk\/sq\/wp-json\/wp\/v2\/product\/92576\/revisions"}],"predecessor-version":[{"id":92578,"href":"https:\/\/www.comoditahome.com\/mk\/sq\/wp-json\/wp\/v2\/product\/92576\/revisions\/92578"}],"wp:featuredmedia":[{"embeddable":true,"href":"https:\/\/www.comoditahome.com\/mk\/sq\/wp-json\/wp\/v2\/media\/92567"}],"wp:attachment":[{"href":"https:\/\/www.comoditahome.com\/mk\/sq\/wp-json\/wp\/v2\/media?parent=92576"}],"wp:term":[{"taxonomy":"product_cat","embeddable":true,"href":"https:\/\/www.comoditahome.com\/mk\/sq\/wp-json\/wp\/v2\/product_cat?post=92576"},{"taxonomy":"product_tag","embeddable":true,"href":"https:\/\/www.comoditahome.com\/mk\/sq\/wp-json\/wp\/v2\/product_tag?post=92576"}],"curies":[{"name":"wp","href":"https:\/\/api.w.org\/{rel}","templated":true}]}}