 {"id":92594,"date":"2025-03-26T12:27:40","date_gmt":"2025-03-26T10:27:40","guid":{"rendered":"https:\/\/www.comoditahome.com\/mk\/product\/%d0%ba%d0%b0%d1%80%d0%b0%d1%84%d0%b0-pure\/"},"modified":"2026-05-05T22:10:44","modified_gmt":"2026-05-05T20:10:44","slug":"%d0%ba%d0%b0%d1%80%d0%b0%d1%84%d0%b0-pure","status":"publish","type":"product","link":"https:\/\/www.comoditahome.com\/mk\/sq\/product\/%d0%ba%d0%b0%d1%80%d0%b0%d1%84%d0%b0-pure\/","title":{"rendered":"CARAFE  PURE"},"content":{"rendered":"","protected":false},"excerpt":{"rendered":"<p class=\"\" style=\"text-align: left;\" data-start=\"0\" data-end=\"223\"><strong data-start=\"0\" data-end=\"40\">Kjo karaf\u00eb elegante me kapak praktik<\/strong> \u00ebsht\u00eb zgjedhja ideale p\u00ebr sh\u00ebrbimin e ujit, l\u00ebngjeve dhe pijeve t\u00eb tjera. Dizajni i saj universal e b\u00ebn t\u00eb p\u00ebrshtatshme si p\u00ebr p\u00ebrdorim t\u00eb p\u00ebrditsh\u00ebm, ashtu edhe p\u00ebr raste festive.<\/p>\n<p class=\"\" style=\"text-align: left;\" data-start=\"225\" data-end=\"545\"><strong data-start=\"225\" data-end=\"245\">Karakteristikat:<\/strong><br data-start=\"245\" data-end=\"248\" \/>\u2022 <strong data-start=\"250\" data-end=\"261\">NGJYRA:<\/strong> Pa ngjyr\u00eb<br data-start=\"271\" data-end=\"274\" \/>\u2022 <strong data-start=\"276\" data-end=\"290\">MATERIALI:<\/strong> Qelq<br data-start=\"295\" data-end=\"298\" \/>\u2022 <strong data-start=\"300\" data-end=\"315\">KAPACITETI:<\/strong> 1000 ml<br data-start=\"323\" data-end=\"326\" \/>\u2022 <strong data-start=\"328\" data-end=\"341\">P\u00cbRMASAT:<\/strong> 98mm diamet\u00ebr \/ 250mm lart\u00ebsi<br data-start=\"371\" data-end=\"374\" \/>\u2022 <strong data-start=\"376\" data-end=\"392\">MIR\u00cbMBAJTJA:<\/strong> E p\u00ebrshtatshme p\u00ebr larje n\u00eb makin\u00eb<br data-start=\"427\" data-end=\"430\" \/>\u2022 <strong data-start=\"432\" data-end=\"466\">Garancia dhe m\u00ebnyra e kthimit:<\/strong> Reklamimet p\u00ebr k\u00ebt\u00eb produkt pranohen brenda 24 or\u00ebve pas pranimit t\u00eb porosis\u00eb.<\/p>\n<p style=\"text-align: left;\"><span style=\"color: #ffffff;\">5900345792491<\/span><\/p>\n","protected":false},"featured_media":92591,"template":"","meta":[],"product_cat":[354,358],"product_tag":[],"class_list":{"0":"post-92594","1":"product","2":"type-product","3":"status-publish","4":"has-post-thumbnail","6":"product_cat-tryeze","7":"product_cat-set-gotash","9":"first","10":"instock","11":"sale","12":"shipping-taxable","13":"purchasable","14":"product-type-simple","15":"layout-style-1","16":"col-md-4 col-sm-4 col-xs-6","17":"col-lg-3","18":"product-has-gallery","19":"product-style-default"},"_links":{"self":[{"href":"https:\/\/www.comoditahome.com\/mk\/sq\/wp-json\/wp\/v2\/product\/92594","targetHints":{"allow":["GET"]}}],"collection":[{"href":"https:\/\/www.comoditahome.com\/mk\/sq\/wp-json\/wp\/v2\/product"}],"about":[{"href":"https:\/\/www.comoditahome.com\/mk\/sq\/wp-json\/wp\/v2\/types\/product"}],"version-history":[{"count":1,"href":"https:\/\/www.comoditahome.com\/mk\/sq\/wp-json\/wp\/v2\/product\/92594\/revisions"}],"predecessor-version":[{"id":92595,"href":"https:\/\/www.comoditahome.com\/mk\/sq\/wp-json\/wp\/v2\/product\/92594\/revisions\/92595"}],"wp:featuredmedia":[{"embeddable":true,"href":"https:\/\/www.comoditahome.com\/mk\/sq\/wp-json\/wp\/v2\/media\/92591"}],"wp:attachment":[{"href":"https:\/\/www.comoditahome.com\/mk\/sq\/wp-json\/wp\/v2\/media?parent=92594"}],"wp:term":[{"taxonomy":"product_cat","embeddable":true,"href":"https:\/\/www.comoditahome.com\/mk\/sq\/wp-json\/wp\/v2\/product_cat?post=92594"},{"taxonomy":"product_tag","embeddable":true,"href":"https:\/\/www.comoditahome.com\/mk\/sq\/wp-json\/wp\/v2\/product_tag?post=92594"}],"curies":[{"name":"wp","href":"https:\/\/api.w.org\/{rel}","templated":true}]}}