 {"id":92609,"date":"2025-03-26T12:33:57","date_gmt":"2025-03-26T10:33:57","guid":{"rendered":"https:\/\/www.comoditahome.com\/mk\/product\/%d0%ba%d0%b0%d1%80%d0%b0%d1%84%d0%b0-pure-2\/"},"modified":"2026-05-05T22:10:44","modified_gmt":"2026-05-05T20:10:44","slug":"%d0%ba%d0%b0%d1%80%d0%b0%d1%84%d0%b0-pure-2","status":"publish","type":"product","link":"https:\/\/www.comoditahome.com\/mk\/sq\/product\/%d0%ba%d0%b0%d1%80%d0%b0%d1%84%d0%b0-pure-2\/","title":{"rendered":"CARAFE PURE"},"content":{"rendered":"","protected":false},"excerpt":{"rendered":"<p class=\"\" style=\"text-align: left;\" data-start=\"0\" data-end=\"242\"><strong data-start=\"0\" data-end=\"38\">Kjo karaf\u00eb e thjesht\u00eb dhe elegante<\/strong> \u00ebsht\u00eb zgjedhja ideale p\u00ebr sh\u00ebrbimin e ujit, l\u00ebngjeve dhe pijeve t\u00eb tjera. Me form\u00ebn e saj funksionale, fundin e q\u00ebndruesh\u00ebm dhe buz\u00ebn e thelluar t\u00eb forcuar, mund\u00ebson mbajtje t\u00eb leht\u00eb dhe derdhje precize.<\/p>\n<p class=\"\" style=\"text-align: left;\" data-start=\"244\" data-end=\"621\"><strong data-start=\"244\" data-end=\"264\">Karakteristikat:<\/strong><br data-start=\"264\" data-end=\"267\" \/>\u2022 <strong data-start=\"269\" data-end=\"280\">NGJYRA:<\/strong> Pa ngjyr\u00eb<br data-start=\"290\" data-end=\"293\" \/>\u2022 <strong data-start=\"295\" data-end=\"309\">MATERIALI:<\/strong> Qelq<br data-start=\"314\" data-end=\"317\" \/>\u2022 <strong data-start=\"319\" data-end=\"334\">KAPACITETI:<\/strong> 900 ml (kapaciteti total 1000 ml)<br data-start=\"368\" data-end=\"371\" \/>\u2022 <strong data-start=\"373\" data-end=\"385\">DIZAJNI:<\/strong> Form\u00eb e holl\u00eb, fund i q\u00ebndruesh\u00ebm, brinj\u00eb t\u00eb forcuara<br data-start=\"439\" data-end=\"442\" \/>\u2022 <strong data-start=\"444\" data-end=\"460\">MIR\u00cbMBAJTJA:<\/strong> E p\u00ebrshtatshme p\u00ebr larje n\u00eb makin\u00eb p\u00ebr en\u00eb<br data-start=\"503\" data-end=\"506\" \/>\u2022 <strong data-start=\"508\" data-end=\"542\">Garancia dhe m\u00ebnyra e kthimit:<\/strong> Reklamimet p\u00ebr k\u00ebt\u00eb produkt pranohen brenda 24 or\u00ebve pas pranimit t\u00eb porosis\u00eb.<\/p>\n<p style=\"text-align: left;\"><span style=\"color: #ffffff;\">5900345792514<\/span><\/p>\n","protected":false},"featured_media":92604,"template":"","meta":[],"product_cat":[354,358],"product_tag":[],"class_list":{"0":"post-92609","1":"product","2":"type-product","3":"status-publish","4":"has-post-thumbnail","6":"product_cat-tryeze","7":"product_cat-set-gotash","9":"first","10":"outofstock","11":"sale","12":"shipping-taxable","13":"purchasable","14":"product-type-simple","15":"layout-style-1","16":"col-md-4 col-sm-4 col-xs-6","17":"col-lg-3","18":"product-has-gallery","19":"product-style-default"},"_links":{"self":[{"href":"https:\/\/www.comoditahome.com\/mk\/sq\/wp-json\/wp\/v2\/product\/92609","targetHints":{"allow":["GET"]}}],"collection":[{"href":"https:\/\/www.comoditahome.com\/mk\/sq\/wp-json\/wp\/v2\/product"}],"about":[{"href":"https:\/\/www.comoditahome.com\/mk\/sq\/wp-json\/wp\/v2\/types\/product"}],"version-history":[{"count":1,"href":"https:\/\/www.comoditahome.com\/mk\/sq\/wp-json\/wp\/v2\/product\/92609\/revisions"}],"predecessor-version":[{"id":92610,"href":"https:\/\/www.comoditahome.com\/mk\/sq\/wp-json\/wp\/v2\/product\/92609\/revisions\/92610"}],"wp:featuredmedia":[{"embeddable":true,"href":"https:\/\/www.comoditahome.com\/mk\/sq\/wp-json\/wp\/v2\/media\/92604"}],"wp:attachment":[{"href":"https:\/\/www.comoditahome.com\/mk\/sq\/wp-json\/wp\/v2\/media?parent=92609"}],"wp:term":[{"taxonomy":"product_cat","embeddable":true,"href":"https:\/\/www.comoditahome.com\/mk\/sq\/wp-json\/wp\/v2\/product_cat?post=92609"},{"taxonomy":"product_tag","embeddable":true,"href":"https:\/\/www.comoditahome.com\/mk\/sq\/wp-json\/wp\/v2\/product_tag?post=92609"}],"curies":[{"name":"wp","href":"https:\/\/api.w.org\/{rel}","templated":true}]}}