 {"id":92759,"date":"2025-04-04T11:13:57","date_gmt":"2025-04-04T09:13:57","guid":{"rendered":"https:\/\/www.comoditahome.com\/mk\/product\/%d0%ba%d0%b0%d1%80%d0%b0%d1%84%d0%b0-splendour\/"},"modified":"2026-05-05T22:10:45","modified_gmt":"2026-05-05T20:10:45","slug":"%d0%ba%d0%b0%d1%80%d0%b0%d1%84%d0%b0-splendour","status":"publish","type":"product","link":"https:\/\/www.comoditahome.com\/mk\/sq\/product\/%d0%ba%d0%b0%d1%80%d0%b0%d1%84%d0%b0-splendour\/","title":{"rendered":"CARAFE SPLENDOUR"},"content":{"rendered":"","protected":false},"excerpt":{"rendered":"<p class=\"\" style=\"text-align: left;\" data-start=\"0\" data-end=\"195\"><strong data-start=\"0\" data-end=\"24\">Karaf\u00eb qelqi p\u00ebr uj\u00eb<\/strong> me dizajn elegant, perfekte p\u00ebr p\u00ebrdorim t\u00eb p\u00ebrditsh\u00ebm dhe raste t\u00eb ve\u00e7anta. Funksionaliteti dhe stili jan\u00eb kombinuar p\u00ebr t\u2019i shtuar nj\u00eb prekje t\u00eb ve\u00e7ant\u00eb tryez\u00ebs suaj.<\/p>\n<p class=\"\" style=\"text-align: left;\" data-start=\"197\" data-end=\"526\"><strong data-start=\"197\" data-end=\"217\">Karakteristikat:<\/strong><br data-start=\"217\" data-end=\"220\" \/>\u2022 <strong data-start=\"222\" data-end=\"233\">NGJYRA:<\/strong> Pa ngjyr\u00eb<br data-start=\"243\" data-end=\"246\" \/>\u2022 <strong data-start=\"248\" data-end=\"262\">MATERIALI:<\/strong> Qelq<br data-start=\"267\" data-end=\"270\" \/>\u2022 <strong data-start=\"272\" data-end=\"287\">KAPACITETI:<\/strong> 1000 ml<br data-start=\"295\" data-end=\"298\" \/>\u2022 <strong data-start=\"300\" data-end=\"313\">LART\u00cbSIA:<\/strong> 240 mm<br data-start=\"320\" data-end=\"323\" \/>\u2022 <strong data-start=\"325\" data-end=\"338\">DIAMETRI:<\/strong> 98 mm<br data-start=\"344\" data-end=\"347\" \/>\u2022 <strong data-start=\"349\" data-end=\"365\">MIR\u00cbMBAJTJA:<\/strong> E p\u00ebrshtatshme p\u00ebr larje n\u00eb makin\u00eb p\u00ebr en\u00eb<br data-start=\"408\" data-end=\"411\" \/>\u2022 <strong data-start=\"413\" data-end=\"447\">Garancia dhe m\u00ebnyra e kthimit:<\/strong> Reklamimet p\u00ebr k\u00ebt\u00eb produkt pranohen brenda 24 or\u00ebve pas pranimit t\u00eb porosis\u00eb.<\/p>\n<p style=\"text-align: left;\"><span style=\"color: #ffffff;\">5900345930107<\/span><\/p>\n","protected":false},"featured_media":92754,"template":"","meta":[],"product_cat":[354,358],"product_tag":[],"class_list":{"0":"post-92759","1":"product","2":"type-product","3":"status-publish","4":"has-post-thumbnail","6":"product_cat-tryeze","7":"product_cat-set-gotash","9":"first","10":"instock","11":"sale","12":"shipping-taxable","13":"purchasable","14":"product-type-simple","15":"layout-style-1","16":"col-md-4 col-sm-4 col-xs-6","17":"col-lg-3","18":"product-has-gallery","19":"product-style-default"},"_links":{"self":[{"href":"https:\/\/www.comoditahome.com\/mk\/sq\/wp-json\/wp\/v2\/product\/92759","targetHints":{"allow":["GET"]}}],"collection":[{"href":"https:\/\/www.comoditahome.com\/mk\/sq\/wp-json\/wp\/v2\/product"}],"about":[{"href":"https:\/\/www.comoditahome.com\/mk\/sq\/wp-json\/wp\/v2\/types\/product"}],"version-history":[{"count":1,"href":"https:\/\/www.comoditahome.com\/mk\/sq\/wp-json\/wp\/v2\/product\/92759\/revisions"}],"predecessor-version":[{"id":92760,"href":"https:\/\/www.comoditahome.com\/mk\/sq\/wp-json\/wp\/v2\/product\/92759\/revisions\/92760"}],"wp:featuredmedia":[{"embeddable":true,"href":"https:\/\/www.comoditahome.com\/mk\/sq\/wp-json\/wp\/v2\/media\/92754"}],"wp:attachment":[{"href":"https:\/\/www.comoditahome.com\/mk\/sq\/wp-json\/wp\/v2\/media?parent=92759"}],"wp:term":[{"taxonomy":"product_cat","embeddable":true,"href":"https:\/\/www.comoditahome.com\/mk\/sq\/wp-json\/wp\/v2\/product_cat?post=92759"},{"taxonomy":"product_tag","embeddable":true,"href":"https:\/\/www.comoditahome.com\/mk\/sq\/wp-json\/wp\/v2\/product_tag?post=92759"}],"curies":[{"name":"wp","href":"https:\/\/api.w.org\/{rel}","templated":true}]}}