 {"id":92911,"date":"2025-04-08T14:03:24","date_gmt":"2025-04-08T12:03:24","guid":{"rendered":"https:\/\/www.comoditahome.com\/mk\/product\/%d1%81%d0%b5%d1%82-%d1%87%d0%b0%d1%88%d0%b8-%d0%b7%d0%b0-%d0%bf%d0%b8%d1%98%d0%b0%d0%bb%d0%be%d0%ba-mixolog\/"},"modified":"2026-05-05T22:10:45","modified_gmt":"2026-05-05T20:10:45","slug":"%d1%81%d0%b5%d1%82-%d1%87%d0%b0%d1%88%d0%b8-%d0%b7%d0%b0-%d0%bf%d0%b8%d1%98%d0%b0%d0%bb%d0%be%d0%ba-mixolog","status":"publish","type":"product","link":"https:\/\/www.comoditahome.com\/mk\/sq\/product\/%d1%81%d0%b5%d1%82-%d1%87%d0%b0%d1%88%d0%b8-%d0%b7%d0%b0-%d0%bf%d0%b8%d1%98%d0%b0%d0%bb%d0%be%d0%ba-mixolog\/","title":{"rendered":"Set gotash MIXOLOG"},"content":{"rendered":"","protected":false},"excerpt":{"rendered":"<p class=\"\" style=\"text-align: left;\" data-start=\"0\" data-end=\"269\"><strong data-start=\"0\" data-end=\"105\">Gotat p\u00ebr viski nga koleksioni MIXOLOGY jan\u00eb zgjedhje ideale p\u00ebr ata q\u00eb p\u00eblqejn\u00eb detajet e pazakonta.<\/strong> Dizajnuar p\u00ebr p\u00ebrdorim afatgjat\u00eb, kjo got\u00eb \u00ebsht\u00eb b\u00ebr\u00eb nga qelqi i q\u00ebndruesh\u00ebm q\u00eb mund t\u00eb lahet shum\u00eb her\u00eb n\u00eb makinerin\u00eb e en\u00ebve, pa humbur pamjen e saj origjinale.<\/p>\n<p class=\"\" style=\"text-align: left;\" data-start=\"271\" data-end=\"637\"><strong data-start=\"271\" data-end=\"291\">Karakteristikat:<\/strong><br data-start=\"291\" data-end=\"294\" \/>\u2022 <strong data-start=\"296\" data-end=\"307\">NGJYRA:<\/strong> Pa ngjyr\u00eb<br data-start=\"317\" data-end=\"320\" \/>\u2022 <strong data-start=\"322\" data-end=\"336\">MATERIALI:<\/strong> Qelq<br data-start=\"341\" data-end=\"344\" \/>\u2022 <strong data-start=\"346\" data-end=\"361\">Kapaciteti:<\/strong> 280 ml<br data-start=\"368\" data-end=\"371\" \/>\u2022 <strong data-start=\"373\" data-end=\"386\">P\u00cbRMASAT:<\/strong> 82 mm diamet\u00ebr \/ 97 mm lart\u00ebsi<br data-start=\"417\" data-end=\"420\" \/>\u2022 <strong data-start=\"422\" data-end=\"448\">NUMRI I GOTAVE N\u00cb SET:<\/strong> 6 cop\u00eb<br data-start=\"455\" data-end=\"458\" \/>\u2022 <strong data-start=\"460\" data-end=\"472\">KRUARJA:<\/strong> E p\u00ebrshtatshme p\u00ebr larje n\u00eb makinerin\u00eb e en\u00ebve<br data-start=\"519\" data-end=\"522\" \/>\u2022 <strong data-start=\"524\" data-end=\"558\">Garancia dhe m\u00ebnyra e kthimit:<\/strong> Reklamimet p\u00ebr k\u00ebt\u00eb produkt pranohen brenda 24 or\u00ebve pas pranimit t\u00eb porosis\u00eb.<\/p>\n<p style=\"text-align: left;\"><span style=\"color: #ffffff;\">5900345904931<\/span><\/p>\n<p style=\"text-align: left;\">\n","protected":false},"featured_media":92907,"template":"","meta":[],"product_cat":[354,358],"product_tag":[],"class_list":{"0":"post-92911","1":"product","2":"type-product","3":"status-publish","4":"has-post-thumbnail","6":"product_cat-tryeze","7":"product_cat-set-gotash","9":"first","10":"instock","11":"sale","12":"shipping-taxable","13":"purchasable","14":"product-type-simple","15":"layout-style-1","16":"col-md-4 col-sm-4 col-xs-6","17":"col-lg-3","18":"product-has-gallery","19":"product-style-default"},"_links":{"self":[{"href":"https:\/\/www.comoditahome.com\/mk\/sq\/wp-json\/wp\/v2\/product\/92911","targetHints":{"allow":["GET"]}}],"collection":[{"href":"https:\/\/www.comoditahome.com\/mk\/sq\/wp-json\/wp\/v2\/product"}],"about":[{"href":"https:\/\/www.comoditahome.com\/mk\/sq\/wp-json\/wp\/v2\/types\/product"}],"version-history":[{"count":1,"href":"https:\/\/www.comoditahome.com\/mk\/sq\/wp-json\/wp\/v2\/product\/92911\/revisions"}],"predecessor-version":[{"id":92912,"href":"https:\/\/www.comoditahome.com\/mk\/sq\/wp-json\/wp\/v2\/product\/92911\/revisions\/92912"}],"wp:featuredmedia":[{"embeddable":true,"href":"https:\/\/www.comoditahome.com\/mk\/sq\/wp-json\/wp\/v2\/media\/92907"}],"wp:attachment":[{"href":"https:\/\/www.comoditahome.com\/mk\/sq\/wp-json\/wp\/v2\/media?parent=92911"}],"wp:term":[{"taxonomy":"product_cat","embeddable":true,"href":"https:\/\/www.comoditahome.com\/mk\/sq\/wp-json\/wp\/v2\/product_cat?post=92911"},{"taxonomy":"product_tag","embeddable":true,"href":"https:\/\/www.comoditahome.com\/mk\/sq\/wp-json\/wp\/v2\/product_tag?post=92911"}],"curies":[{"name":"wp","href":"https:\/\/api.w.org\/{rel}","templated":true}]}}