 {"id":92941,"date":"2025-04-08T14:20:50","date_gmt":"2025-04-08T12:20:50","guid":{"rendered":"https:\/\/www.comoditahome.com\/mk\/product\/%d1%81%d0%b5%d1%82-%d1%87%d0%b0%d1%88%d0%b8-%d0%b7%d0%b0-%d0%bf%d0%b8%d1%98%d0%b0%d0%bb%d0%be%d0%ba-fjord-2\/"},"modified":"2026-05-05T22:10:45","modified_gmt":"2026-05-05T20:10:45","slug":"%d1%81%d0%b5%d1%82-%d1%87%d0%b0%d1%88%d0%b8-%d0%b7%d0%b0-%d0%bf%d0%b8%d1%98%d0%b0%d0%bb%d0%be%d0%ba-fjord-2","status":"publish","type":"product","link":"https:\/\/www.comoditahome.com\/mk\/sq\/product\/%d1%81%d0%b5%d1%82-%d1%87%d0%b0%d1%88%d0%b8-%d0%b7%d0%b0-%d0%bf%d0%b8%d1%98%d0%b0%d0%bb%d0%be%d0%ba-fjord-2\/","title":{"rendered":"Set gotash  FJORD"},"content":{"rendered":"","protected":false},"excerpt":{"rendered":"<p class=\"\" style=\"text-align: left;\" data-start=\"0\" data-end=\"306\">\u00c7mimi i gotave nga koleksioni Fjord \u00ebsht\u00eb nj\u00eb p\u00ebrzierje e eleganc\u00ebs dhe funksionalitetit. Me nj\u00eb tekstur\u00eb unike n\u00eb fund q\u00eb kujton kristalet e akullit, k\u00ebto gota jan\u00eb t\u00eb p\u00ebrkryera p\u00ebr pije, kokteje dhe l\u00ebngje. T\u00eb b\u00ebra nga qelqi Crystalline, ato jan\u00eb t\u00eb q\u00ebndrueshme ndaj d\u00ebmtimit dhe mund t\u00eb lahen n\u00eb makin\u00eb.<\/p>\n<p class=\"\" style=\"text-align: left;\" data-start=\"308\" data-end=\"328\"><strong data-start=\"308\" data-end=\"328\">Karakteristikat:<\/strong><\/p>\n<ul style=\"text-align: left;\" data-start=\"329\" data-end=\"670\" data-is-last-node=\"\" data-is-only-node=\"\">\n<li class=\"\" data-start=\"329\" data-end=\"355\">\n<p class=\"\" data-start=\"331\" data-end=\"355\"><strong data-start=\"331\" data-end=\"342\">Ngjyra:<\/strong> T\u00eb pa ngjyr\u00eb<\/p>\n<\/li>\n<li class=\"\" data-start=\"356\" data-end=\"391\">\n<p class=\"\" data-start=\"358\" data-end=\"391\"><strong data-start=\"358\" data-end=\"372\">Materiali:<\/strong> Qelq (Crystalline)<\/p>\n<\/li>\n<li class=\"\" data-start=\"392\" data-end=\"416\">\n<p class=\"\" data-start=\"394\" data-end=\"416\"><strong data-start=\"394\" data-end=\"409\">Kapaciteti:<\/strong> 350 ml<\/p>\n<\/li>\n<li class=\"\" data-start=\"417\" data-end=\"467\">\n<p class=\"\" data-start=\"419\" data-end=\"467\"><strong data-start=\"419\" data-end=\"435\">Dimensionet:<\/strong> 75 mm diamet\u00ebr \/ 160 mm lart\u00ebsi<\/p>\n<\/li>\n<li class=\"\" data-start=\"468\" data-end=\"503\">\n<p class=\"\" data-start=\"470\" data-end=\"503\"><strong data-start=\"470\" data-end=\"496\">Numri i gotave n\u00eb set:<\/strong> 6 cop\u00eb<\/p>\n<\/li>\n<li class=\"\" data-start=\"504\" data-end=\"554\">\n<p class=\"\" data-start=\"506\" data-end=\"554\"><strong data-start=\"506\" data-end=\"518\">Kujdesi:<\/strong> T\u00eb p\u00ebrshtatshme p\u00ebr larje n\u00eb makin\u00eb<\/p>\n<\/li>\n<li class=\"\" data-start=\"555\" data-end=\"670\">\n<p class=\"\" data-start=\"557\" data-end=\"670\"><strong data-start=\"557\" data-end=\"591\">Garancia dhe m\u00ebnyra e kthimit:<\/strong> Reklamatat p\u00ebr k\u00ebt\u00eb produkt pranohen brenda 24 or\u00ebve pas pranimit t\u00eb porosis\u00eb.<\/p>\n<\/li>\n<\/ul>\n<p style=\"text-align: left;\"><span style=\"color: #ffffff;\">5900345898902<\/span><\/p>\n","protected":false},"featured_media":92935,"template":"","meta":[],"product_cat":[354,358],"product_tag":[],"class_list":{"0":"post-92941","1":"product","2":"type-product","3":"status-publish","4":"has-post-thumbnail","6":"product_cat-tryeze","7":"product_cat-set-gotash","9":"first","10":"instock","11":"sale","12":"shipping-taxable","13":"purchasable","14":"product-type-simple","15":"layout-style-1","16":"col-md-4 col-sm-4 col-xs-6","17":"col-lg-3","18":"product-has-gallery","19":"product-style-default"},"_links":{"self":[{"href":"https:\/\/www.comoditahome.com\/mk\/sq\/wp-json\/wp\/v2\/product\/92941","targetHints":{"allow":["GET"]}}],"collection":[{"href":"https:\/\/www.comoditahome.com\/mk\/sq\/wp-json\/wp\/v2\/product"}],"about":[{"href":"https:\/\/www.comoditahome.com\/mk\/sq\/wp-json\/wp\/v2\/types\/product"}],"version-history":[{"count":2,"href":"https:\/\/www.comoditahome.com\/mk\/sq\/wp-json\/wp\/v2\/product\/92941\/revisions"}],"predecessor-version":[{"id":92943,"href":"https:\/\/www.comoditahome.com\/mk\/sq\/wp-json\/wp\/v2\/product\/92941\/revisions\/92943"}],"wp:featuredmedia":[{"embeddable":true,"href":"https:\/\/www.comoditahome.com\/mk\/sq\/wp-json\/wp\/v2\/media\/92935"}],"wp:attachment":[{"href":"https:\/\/www.comoditahome.com\/mk\/sq\/wp-json\/wp\/v2\/media?parent=92941"}],"wp:term":[{"taxonomy":"product_cat","embeddable":true,"href":"https:\/\/www.comoditahome.com\/mk\/sq\/wp-json\/wp\/v2\/product_cat?post=92941"},{"taxonomy":"product_tag","embeddable":true,"href":"https:\/\/www.comoditahome.com\/mk\/sq\/wp-json\/wp\/v2\/product_tag?post=92941"}],"curies":[{"name":"wp","href":"https:\/\/api.w.org\/{rel}","templated":true}]}}