 {"id":92967,"date":"2025-04-08T14:36:23","date_gmt":"2025-04-08T12:36:23","guid":{"rendered":"https:\/\/www.comoditahome.com\/mk\/product\/%d1%81%d0%b5%d1%82-%d1%87%d0%b0%d1%88%d0%b8-%d0%b7%d0%b0-%d0%bf%d0%b8%d1%98%d0%b0%d0%bb%d0%be%d0%ba-glamour\/"},"modified":"2026-05-05T22:10:45","modified_gmt":"2026-05-05T20:10:45","slug":"%d1%81%d0%b5%d1%82-%d1%87%d0%b0%d1%88%d0%b8-%d0%b7%d0%b0-%d0%bf%d0%b8%d1%98%d0%b0%d0%bb%d0%be%d0%ba-glamour","status":"publish","type":"product","link":"https:\/\/www.comoditahome.com\/mk\/sq\/product\/%d1%81%d0%b5%d1%82-%d1%87%d0%b0%d1%88%d0%b8-%d0%b7%d0%b0-%d0%bf%d0%b8%d1%98%d0%b0%d0%bb%d0%be%d0%ba-glamour\/","title":{"rendered":"Set gotash GLAMOUR"},"content":{"rendered":"","protected":false},"excerpt":{"rendered":"<p class=\"\" style=\"text-align: left;\" data-start=\"0\" data-end=\"230\">Seti i gotave p\u00ebr viski nga koleksioni Glamour\u00ebsht\u00eb nj\u00eb zgjedhje elegante p\u00ebr \u00e7do rast. Me nj\u00eb dizajn t\u00eb thjesht\u00eb dhe minimalistik, ato shp\u00ebrndajn\u00eb arom\u00ebn e viskit n\u00eb m\u00ebnyr\u00eb t\u00eb p\u00ebrkryer dhe shtojn\u00eb stil n\u00eb tryez\u00ebn tuaj.<\/p>\n<p class=\"\" style=\"text-align: left;\" data-start=\"232\" data-end=\"252\"><strong data-start=\"232\" data-end=\"252\">Karakteristikat:<\/strong><\/p>\n<ul style=\"text-align: left;\" data-start=\"253\" data-end=\"579\" data-is-last-node=\"\" data-is-only-node=\"\">\n<li class=\"\" data-start=\"253\" data-end=\"279\">\n<p class=\"\" data-start=\"255\" data-end=\"279\"><strong data-start=\"255\" data-end=\"266\">Ngjyra:<\/strong> T\u00eb pa ngjyr\u00eb<\/p>\n<\/li>\n<li class=\"\" data-start=\"280\" data-end=\"301\">\n<p class=\"\" data-start=\"282\" data-end=\"301\"><strong data-start=\"282\" data-end=\"296\">Materiali:<\/strong> Qelq<\/p>\n<\/li>\n<li class=\"\" data-start=\"302\" data-end=\"326\">\n<p class=\"\" data-start=\"304\" data-end=\"326\"><strong data-start=\"304\" data-end=\"319\">Kapaciteti:<\/strong> 300 ml<\/p>\n<\/li>\n<li class=\"\" data-start=\"327\" data-end=\"376\">\n<p class=\"\" data-start=\"329\" data-end=\"376\"><strong data-start=\"329\" data-end=\"345\">Dimensionet:<\/strong> 86 mm diamet\u00ebr \/ 95 mm lart\u00ebsi<\/p>\n<\/li>\n<li class=\"\" data-start=\"377\" data-end=\"412\">\n<p class=\"\" data-start=\"379\" data-end=\"412\"><strong data-start=\"379\" data-end=\"405\">Numri i gotave n\u00eb set:<\/strong> 6 cop\u00eb<\/p>\n<\/li>\n<li class=\"\" data-start=\"413\" data-end=\"463\">\n<p class=\"\" data-start=\"415\" data-end=\"463\"><strong data-start=\"415\" data-end=\"427\">Kujdesi:<\/strong> T\u00eb p\u00ebrshtatshme p\u00ebr larje n\u00eb makin\u00eb<\/p>\n<\/li>\n<li class=\"\" data-start=\"464\" data-end=\"579\">\n<p class=\"\" data-start=\"466\" data-end=\"579\"><strong data-start=\"466\" data-end=\"500\">Garancia dhe m\u00ebnyra e kthimit:<\/strong> Reklamatat p\u00ebr k\u00ebt\u00eb produkt pranohen brenda 24 or\u00ebve pas pranimit t\u00eb porosis\u00eb.<\/p>\n<\/li>\n<\/ul>\n<p style=\"text-align: left;\"><span style=\"color: #ffffff;\">5900345876986<\/span><\/p>\n","protected":false},"featured_media":92963,"template":"","meta":[],"product_cat":[354,358],"product_tag":[],"class_list":{"0":"post-92967","1":"product","2":"type-product","3":"status-publish","4":"has-post-thumbnail","6":"product_cat-tryeze","7":"product_cat-set-gotash","9":"first","10":"instock","11":"sale","12":"shipping-taxable","13":"purchasable","14":"product-type-simple","15":"layout-style-1","16":"col-md-4 col-sm-4 col-xs-6","17":"col-lg-3","18":"product-has-gallery","19":"product-style-default"},"_links":{"self":[{"href":"https:\/\/www.comoditahome.com\/mk\/sq\/wp-json\/wp\/v2\/product\/92967","targetHints":{"allow":["GET"]}}],"collection":[{"href":"https:\/\/www.comoditahome.com\/mk\/sq\/wp-json\/wp\/v2\/product"}],"about":[{"href":"https:\/\/www.comoditahome.com\/mk\/sq\/wp-json\/wp\/v2\/types\/product"}],"version-history":[{"count":1,"href":"https:\/\/www.comoditahome.com\/mk\/sq\/wp-json\/wp\/v2\/product\/92967\/revisions"}],"predecessor-version":[{"id":92968,"href":"https:\/\/www.comoditahome.com\/mk\/sq\/wp-json\/wp\/v2\/product\/92967\/revisions\/92968"}],"wp:featuredmedia":[{"embeddable":true,"href":"https:\/\/www.comoditahome.com\/mk\/sq\/wp-json\/wp\/v2\/media\/92963"}],"wp:attachment":[{"href":"https:\/\/www.comoditahome.com\/mk\/sq\/wp-json\/wp\/v2\/media?parent=92967"}],"wp:term":[{"taxonomy":"product_cat","embeddable":true,"href":"https:\/\/www.comoditahome.com\/mk\/sq\/wp-json\/wp\/v2\/product_cat?post=92967"},{"taxonomy":"product_tag","embeddable":true,"href":"https:\/\/www.comoditahome.com\/mk\/sq\/wp-json\/wp\/v2\/product_tag?post=92967"}],"curies":[{"name":"wp","href":"https:\/\/api.w.org\/{rel}","templated":true}]}}