 {"id":93007,"date":"2025-04-09T10:35:25","date_gmt":"2025-04-09T08:35:25","guid":{"rendered":"https:\/\/www.comoditahome.com\/mk\/product\/%d1%81%d0%b5%d1%82-%d1%87%d0%b0%d1%88%d0%b8-%d0%b7%d0%b0-%d0%bf%d0%b8%d1%98%d0%b0%d0%bb%d0%be%d0%ba-highball-mixology\/"},"modified":"2026-05-05T22:10:45","modified_gmt":"2026-05-05T20:10:45","slug":"%d1%81%d0%b5%d1%82-%d1%87%d0%b0%d1%88%d0%b8-%d0%b7%d0%b0-%d0%bf%d0%b8%d1%98%d0%b0%d0%bb%d0%be%d0%ba-highball-mixology","status":"publish","type":"product","link":"https:\/\/www.comoditahome.com\/mk\/sq\/product\/%d1%81%d0%b5%d1%82-%d1%87%d0%b0%d1%88%d0%b8-%d0%b7%d0%b0-%d0%bf%d0%b8%d1%98%d0%b0%d0%bb%d0%be%d0%ba-highball-mixology\/","title":{"rendered":"Set gotash  HIGHBALL MIXOLOGY"},"content":{"rendered":"","protected":false},"excerpt":{"rendered":"<p class=\"\" style=\"text-align: left;\" data-start=\"0\" data-end=\"281\">Gotat e larta p\u00ebr pije nga koleksioni MIXOLOGY me kapacitet prej 350 ml jan\u00eb zgjedhje ideale p\u00ebr adhuruesit e estetik\u00ebs dhe shijes. Fundi i tyre i ve\u00e7ant\u00eb me tre nivele krijon nj\u00eb efekt unik t\u00eb reflektimit t\u00eb drit\u00ebs, duke e theksuar ngjyr\u00ebn e l\u00ebngjeve, koktejeve apo ujit me akull.<\/p>\n<p class=\"\" style=\"text-align: left;\" data-start=\"283\" data-end=\"303\"><strong data-start=\"283\" data-end=\"303\">Karakteristikat:<\/strong><\/p>\n<ul style=\"text-align: left;\" data-start=\"304\" data-end=\"644\" data-is-last-node=\"\" data-is-only-node=\"\">\n<li class=\"\" data-start=\"304\" data-end=\"332\">\n<p class=\"\" data-start=\"306\" data-end=\"332\"><strong data-start=\"306\" data-end=\"317\">Ngjyra:<\/strong> T\u00eb pa ngjyr\u00eb<\/p>\n<\/li>\n<li class=\"\" data-start=\"333\" data-end=\"356\">\n<p class=\"\" data-start=\"335\" data-end=\"356\"><strong data-start=\"335\" data-end=\"349\">Materiali:<\/strong> Qelq<\/p>\n<\/li>\n<li class=\"\" data-start=\"357\" data-end=\"383\">\n<p class=\"\" data-start=\"359\" data-end=\"383\"><strong data-start=\"359\" data-end=\"374\">Kapaciteti:<\/strong> 350 ml<\/p>\n<\/li>\n<li class=\"\" data-start=\"384\" data-end=\"433\">\n<p class=\"\" data-start=\"386\" data-end=\"433\"><strong data-start=\"386\" data-end=\"399\">P\u00ebrmasat:<\/strong> 70 mm diamet\u00ebr \/ 150 mm lart\u00ebsi<\/p>\n<\/li>\n<li class=\"\" data-start=\"434\" data-end=\"471\">\n<p class=\"\" data-start=\"436\" data-end=\"471\"><strong data-start=\"436\" data-end=\"462\">Numri i gotave n\u00eb set:<\/strong> 6 cop\u00eb<\/p>\n<\/li>\n<li class=\"\" data-start=\"472\" data-end=\"528\">\n<p class=\"\" data-start=\"474\" data-end=\"528\"><strong data-start=\"474\" data-end=\"490\">Mir\u00ebmbajtja:<\/strong> T\u00eb p\u00ebrshtatshme p\u00ebr larje n\u00eb makin\u00eb<\/p>\n<\/li>\n<li class=\"\" data-start=\"529\" data-end=\"644\">\n<p class=\"\" data-start=\"531\" data-end=\"644\"><strong data-start=\"531\" data-end=\"565\">Garancia dhe m\u00ebnyra e kthimit:<\/strong> Reklamimet p\u00ebr k\u00ebt\u00eb produkt pranohen brenda 24 or\u00ebve pas pranimit t\u00eb porosis\u00eb.<\/p>\n<\/li>\n<\/ul>\n<p style=\"text-align: left;\"><span style=\"color: #ffffff;\">5900345905006<\/span><\/p>\n","protected":false},"featured_media":93002,"template":"","meta":[],"product_cat":[354,358],"product_tag":[],"class_list":{"0":"post-93007","1":"product","2":"type-product","3":"status-publish","4":"has-post-thumbnail","6":"product_cat-tryeze","7":"product_cat-set-gotash","9":"first","10":"instock","11":"sale","12":"shipping-taxable","13":"purchasable","14":"product-type-simple","15":"layout-style-1","16":"col-md-4 col-sm-4 col-xs-6","17":"col-lg-3","18":"product-has-gallery","19":"product-style-default"},"_links":{"self":[{"href":"https:\/\/www.comoditahome.com\/mk\/sq\/wp-json\/wp\/v2\/product\/93007","targetHints":{"allow":["GET"]}}],"collection":[{"href":"https:\/\/www.comoditahome.com\/mk\/sq\/wp-json\/wp\/v2\/product"}],"about":[{"href":"https:\/\/www.comoditahome.com\/mk\/sq\/wp-json\/wp\/v2\/types\/product"}],"version-history":[{"count":2,"href":"https:\/\/www.comoditahome.com\/mk\/sq\/wp-json\/wp\/v2\/product\/93007\/revisions"}],"predecessor-version":[{"id":93009,"href":"https:\/\/www.comoditahome.com\/mk\/sq\/wp-json\/wp\/v2\/product\/93007\/revisions\/93009"}],"wp:featuredmedia":[{"embeddable":true,"href":"https:\/\/www.comoditahome.com\/mk\/sq\/wp-json\/wp\/v2\/media\/93002"}],"wp:attachment":[{"href":"https:\/\/www.comoditahome.com\/mk\/sq\/wp-json\/wp\/v2\/media?parent=93007"}],"wp:term":[{"taxonomy":"product_cat","embeddable":true,"href":"https:\/\/www.comoditahome.com\/mk\/sq\/wp-json\/wp\/v2\/product_cat?post=93007"},{"taxonomy":"product_tag","embeddable":true,"href":"https:\/\/www.comoditahome.com\/mk\/sq\/wp-json\/wp\/v2\/product_tag?post=93007"}],"curies":[{"name":"wp","href":"https:\/\/api.w.org\/{rel}","templated":true}]}}