 {"id":93038,"date":"2025-04-09T10:47:36","date_gmt":"2025-04-09T08:47:36","guid":{"rendered":"https:\/\/www.comoditahome.com\/mk\/product\/%d1%81%d0%b5%d1%82-%d1%87%d0%b0%d1%88%d0%b8-%d0%b7%d0%b0-%d0%bf%d0%b8%d1%98%d0%b0%d0%bb%d0%be%d0%ba-modern-2\/"},"modified":"2026-05-05T22:10:45","modified_gmt":"2026-05-05T20:10:45","slug":"%d1%81%d0%b5%d1%82-%d1%87%d0%b0%d1%88%d0%b8-%d0%b7%d0%b0-%d0%bf%d0%b8%d1%98%d0%b0%d0%bb%d0%be%d0%ba-modern-2","status":"publish","type":"product","link":"https:\/\/www.comoditahome.com\/mk\/sq\/product\/%d1%81%d0%b5%d1%82-%d1%87%d0%b0%d1%88%d0%b8-%d0%b7%d0%b0-%d0%bf%d0%b8%d1%98%d0%b0%d0%bb%d0%be%d0%ba-modern-2\/","title":{"rendered":"Set gotash MODERN"},"content":{"rendered":"","protected":false},"excerpt":{"rendered":"<p class=\"\" style=\"text-align: left;\" data-start=\"0\" data-end=\"235\">Gotat m\u00eb t\u00eb m\u00ebdha nga i gjith\u00eb koleksioni MODERN jan\u00eb zgjedhja ideale p\u00ebr lloje t\u00eb ndryshme pijesh. Me dizajn elegant dhe pamje minimaliste, k\u00ebto gota sjellin stil si n\u00eb rastet festive ashtu edhe n\u00eb momentet e p\u00ebrditshme me t\u00eb af\u00ebrmit.<\/p>\n<p class=\"\" style=\"text-align: left;\" data-start=\"237\" data-end=\"257\"><strong data-start=\"237\" data-end=\"257\">Karakteristikat:<\/strong><\/p>\n<ul style=\"text-align: left;\" data-start=\"258\" data-end=\"613\" data-is-last-node=\"\" data-is-only-node=\"\">\n<li class=\"\" data-start=\"258\" data-end=\"286\">\n<p class=\"\" data-start=\"260\" data-end=\"286\"><strong data-start=\"260\" data-end=\"271\">Ngjyra:<\/strong> T\u00eb pa ngjyr\u00eb<\/p>\n<\/li>\n<li class=\"\" data-start=\"287\" data-end=\"324\">\n<p class=\"\" data-start=\"289\" data-end=\"324\"><strong data-start=\"289\" data-end=\"303\">Materiali:<\/strong> Qelq (Crystalline)<\/p>\n<\/li>\n<li class=\"\" data-start=\"325\" data-end=\"351\">\n<p class=\"\" data-start=\"327\" data-end=\"351\"><strong data-start=\"327\" data-end=\"342\">Kapaciteti:<\/strong> 600 ml<\/p>\n<\/li>\n<li class=\"\" data-start=\"352\" data-end=\"402\">\n<p class=\"\" data-start=\"354\" data-end=\"402\"><strong data-start=\"354\" data-end=\"367\">P\u00ebrmasat:<\/strong> 100 mm diamet\u00ebr \/ 252 mm lart\u00ebsi<\/p>\n<\/li>\n<li class=\"\" data-start=\"403\" data-end=\"440\">\n<p class=\"\" data-start=\"405\" data-end=\"440\"><strong data-start=\"405\" data-end=\"431\">Numri i gotave n\u00eb set:<\/strong> 6 cop\u00eb<\/p>\n<\/li>\n<li class=\"\" data-start=\"441\" data-end=\"497\">\n<p class=\"\" data-start=\"443\" data-end=\"497\"><strong data-start=\"443\" data-end=\"459\">Mir\u00ebmbajtja:<\/strong> T\u00eb p\u00ebrshtatshme p\u00ebr larje n\u00eb makin\u00eb<\/p>\n<\/li>\n<li class=\"\" data-start=\"498\" data-end=\"613\">\n<p class=\"\" data-start=\"500\" data-end=\"613\"><strong data-start=\"500\" data-end=\"534\">Garancia dhe m\u00ebnyra e kthimit:<\/strong> Reklamimet p\u00ebr k\u00ebt\u00eb produkt pranohen brenda 24 or\u00ebve pas pranimit t\u00eb porosis\u00eb.<\/p>\n<\/li>\n<\/ul>\n<p style=\"text-align: left;\"><span style=\"color: #ffffff;\">5900345915838<\/span><\/p>\n","protected":false},"featured_media":93034,"template":"","meta":[],"product_cat":[354,358],"product_tag":[],"class_list":{"0":"post-93038","1":"product","2":"type-product","3":"status-publish","4":"has-post-thumbnail","6":"product_cat-tryeze","7":"product_cat-set-gotash","9":"first","10":"outofstock","11":"sale","12":"shipping-taxable","13":"purchasable","14":"product-type-simple","15":"layout-style-1","16":"col-md-4 col-sm-4 col-xs-6","17":"col-lg-3","18":"product-has-gallery","19":"product-style-default"},"_links":{"self":[{"href":"https:\/\/www.comoditahome.com\/mk\/sq\/wp-json\/wp\/v2\/product\/93038","targetHints":{"allow":["GET"]}}],"collection":[{"href":"https:\/\/www.comoditahome.com\/mk\/sq\/wp-json\/wp\/v2\/product"}],"about":[{"href":"https:\/\/www.comoditahome.com\/mk\/sq\/wp-json\/wp\/v2\/types\/product"}],"version-history":[{"count":1,"href":"https:\/\/www.comoditahome.com\/mk\/sq\/wp-json\/wp\/v2\/product\/93038\/revisions"}],"predecessor-version":[{"id":93039,"href":"https:\/\/www.comoditahome.com\/mk\/sq\/wp-json\/wp\/v2\/product\/93038\/revisions\/93039"}],"wp:featuredmedia":[{"embeddable":true,"href":"https:\/\/www.comoditahome.com\/mk\/sq\/wp-json\/wp\/v2\/media\/93034"}],"wp:attachment":[{"href":"https:\/\/www.comoditahome.com\/mk\/sq\/wp-json\/wp\/v2\/media?parent=93038"}],"wp:term":[{"taxonomy":"product_cat","embeddable":true,"href":"https:\/\/www.comoditahome.com\/mk\/sq\/wp-json\/wp\/v2\/product_cat?post=93038"},{"taxonomy":"product_tag","embeddable":true,"href":"https:\/\/www.comoditahome.com\/mk\/sq\/wp-json\/wp\/v2\/product_tag?post=93038"}],"curies":[{"name":"wp","href":"https:\/\/api.w.org\/{rel}","templated":true}]}}