 {"id":94006,"date":"2025-06-17T09:44:07","date_gmt":"2025-06-17T07:44:07","guid":{"rendered":"https:\/\/www.comoditahome.com\/mk\/product\/%d1%81%d0%b5%d1%82-%d1%84%d0%b8%d0%bb%d1%9f%d0%b0%d0%bd%d0%b8-%d0%b7%d0%b0-%d0%ba%d0%b0%d1%84%d0%b5-wild-garden\/"},"modified":"2026-05-05T22:10:47","modified_gmt":"2026-05-05T20:10:47","slug":"%d1%81%d0%b5%d1%82-%d1%84%d0%b8%d0%bb%d1%9f%d0%b0%d0%bd%d0%b8-%d0%b7%d0%b0-%d0%ba%d0%b0%d1%84%d0%b5-wild-garden","status":"publish","type":"product","link":"https:\/\/www.comoditahome.com\/mk\/sq\/product\/%d1%81%d0%b5%d1%82-%d1%84%d0%b8%d0%bb%d1%9f%d0%b0%d0%bd%d0%b8-%d0%b7%d0%b0-%d0%ba%d0%b0%d1%84%d0%b5-wild-garden\/","title":{"rendered":"Set Filxhan\u00ebsh p\u00ebr Kafe Wild Garden"},"content":{"rendered":"","protected":false},"excerpt":{"rendered":"<p style=\"text-align: left;\" data-start=\"63\" data-end=\"423\">Shijoni momente relaksi me setin elegant t\u00eb filxhan\u00ebve t\u00eb \u00e7aji prej porcelani, zbukuruar me motive t\u00eb luleve shum\u00ebngjyr\u00ebshe dhe detaje delikate n\u00eb roz\u00eb. Dizajni romantik dhe i rafinuar e b\u00ebn ideal p\u00ebr p\u00ebrdorim t\u00eb p\u00ebrditsh\u00ebm ose p\u00ebr raste t\u00eb ve\u00e7anta. Seti p\u00ebrfshin 6 filxhan\u00eb dhe 6 pjat\u00ebza t\u00eb kombinuara n\u00eb m\u00ebnyr\u00eb harmonike p\u00ebr nj\u00eb prezantim t\u00ebrheq\u00ebs.<br \/>\n<strong>Dimensioni \/ Kompozicioni:<\/strong>\u00a0Seti ka 12 pjes\u00eb: 6x filxhan\u00eb, 6x pjat\u00ebza<br \/>\n<strong>NGJYRA:<\/strong>\u00a0Me dizajn<br \/>\n<strong>MATERIALI:<\/strong>\u00a0Porcelan<br \/>\n<strong>UDH\u00cbZIMET E P\u00cbRDORIMIT:<\/strong>\u00a0T\u00eb pastrohet me dor\u00eb<br \/>\n<strong>KUSHTET E KTHIMIT \/ GARANCION:<\/strong>\u00a0P\u00ebr k\u00ebt\u00eb produkt pranohet reklamacion brenda 24 or\u00ebve pasi t\u00eb pranoni porosin\u00eb.<\/p>\n<p style=\"text-align: left;\" data-start=\"425\" data-end=\"699\" data-is-last-node=\"\" data-is-only-node=\"\"><span style=\"color: #ffffff;\">3905710920242<\/span><\/p>\n","protected":false},"featured_media":93995,"template":"","meta":[],"product_cat":[354,335],"product_tag":[],"class_list":{"0":"post-94006","1":"product","2":"type-product","3":"status-publish","4":"has-post-thumbnail","6":"product_cat-tryeze","7":"product_cat-kafe-sq","9":"first","10":"instock","11":"sale","12":"shipping-taxable","13":"purchasable","14":"product-type-simple","15":"layout-style-1","16":"col-md-4 col-sm-4 col-xs-6","17":"col-lg-3","18":"product-has-gallery","19":"product-style-default"},"_links":{"self":[{"href":"https:\/\/www.comoditahome.com\/mk\/sq\/wp-json\/wp\/v2\/product\/94006","targetHints":{"allow":["GET"]}}],"collection":[{"href":"https:\/\/www.comoditahome.com\/mk\/sq\/wp-json\/wp\/v2\/product"}],"about":[{"href":"https:\/\/www.comoditahome.com\/mk\/sq\/wp-json\/wp\/v2\/types\/product"}],"version-history":[{"count":1,"href":"https:\/\/www.comoditahome.com\/mk\/sq\/wp-json\/wp\/v2\/product\/94006\/revisions"}],"predecessor-version":[{"id":94007,"href":"https:\/\/www.comoditahome.com\/mk\/sq\/wp-json\/wp\/v2\/product\/94006\/revisions\/94007"}],"wp:featuredmedia":[{"embeddable":true,"href":"https:\/\/www.comoditahome.com\/mk\/sq\/wp-json\/wp\/v2\/media\/93995"}],"wp:attachment":[{"href":"https:\/\/www.comoditahome.com\/mk\/sq\/wp-json\/wp\/v2\/media?parent=94006"}],"wp:term":[{"taxonomy":"product_cat","embeddable":true,"href":"https:\/\/www.comoditahome.com\/mk\/sq\/wp-json\/wp\/v2\/product_cat?post=94006"},{"taxonomy":"product_tag","embeddable":true,"href":"https:\/\/www.comoditahome.com\/mk\/sq\/wp-json\/wp\/v2\/product_tag?post=94006"}],"curies":[{"name":"wp","href":"https:\/\/api.w.org\/{rel}","templated":true}]}}