 {"id":94079,"date":"2025-06-18T11:11:41","date_gmt":"2025-06-18T09:11:41","guid":{"rendered":"https:\/\/www.comoditahome.com\/mk\/product\/%d0%b4%d0%b5%d0%ba%d0%be%d1%80%d0%b0%d1%82%d0%b8%d0%b2%d0%bd%d0%b0-%d0%bf%d0%b5%d1%80%d0%bd%d0%b8%d1%86%d0%b0-forest\/"},"modified":"2026-05-14T11:09:55","modified_gmt":"2026-05-14T09:09:55","slug":"%d0%b4%d0%b5%d0%ba%d0%be%d1%80%d0%b0%d1%82%d0%b8%d0%b2%d0%bd%d0%b0-%d0%bf%d0%b5%d1%80%d0%bd%d0%b8%d1%86%d0%b0-forest","status":"publish","type":"product","link":"https:\/\/www.comoditahome.com\/mk\/sq\/product\/%d0%b4%d0%b5%d0%ba%d0%be%d1%80%d0%b0%d1%82%d0%b8%d0%b2%d0%bd%d0%b0-%d0%bf%d0%b5%d1%80%d0%bd%d0%b8%d1%86%d0%b0-forest\/","title":{"rendered":"Jast\u00ebk dekorativ Forest"},"content":{"rendered":"","protected":false},"excerpt":{"rendered":"<p style=\"text-align: left;\" data-start=\"62\" data-end=\"421\">Shtoni eleganc\u00eb dhe ngroht\u00ebsi n\u00eb ambientin tuaj me jast\u00ebkun dekorativ \u201cForest. I punuar me materiale cil\u00ebsore dhe me dizajn unik floral n\u00eb nuanca t\u00eb err\u00ebta, ky jast\u00ebk sjell nj\u00eb ndjesi luksi dhe stili t\u00eb rafinuar n\u00eb \u00e7do k\u00ebnd t\u00eb sht\u00ebpis\u00eb. P\u00ebrshtatet leht\u00ebsisht me mobilimin ekzistues dhe \u00ebsht\u00eb perfekt p\u00ebr divane, karrige apo krevate.<br \/>\n<strong>Dimensioni \/ Kompozicioni:<\/strong>\u00a045x45cm<br \/>\n<strong>NGJYRA:<\/strong>\u00a0Me dizajn<br \/>\n<strong>MATERIALI:<\/strong>\u00a0Mb\u00ebshtjell\u00ebsi: Velvet, Print dixhital \/ Mbushja: Mikrofiber<br \/>\n<strong>UDH\u00cbZIMET E P\u00cbRDORIMIT:<\/strong>\u00a0Mund t\u00eb lahet vet\u00ebm mb\u00ebshtjell\u00ebsi i jasht\u00ebm<br \/>\n<strong>KUSHTET E KTHIMIT \/ GARANCION:<\/strong>\u00a0P\u00ebr k\u00ebt\u00eb produkt pranohet reklamacion brenda 24 or\u00ebve pasi t\u00eb pranoni porosin\u00eb.<\/p>\n<p style=\"text-align: left;\" data-start=\"423\" data-end=\"732\" data-is-last-node=\"\" data-is-only-node=\"\"><span style=\"color: #ffffff;\">3905710950270<\/span><\/p>\n","protected":false},"featured_media":94070,"template":"","meta":[],"product_cat":[307,309],"product_tag":[],"class_list":{"0":"post-94079","1":"product","2":"type-product","3":"status-publish","4":"has-post-thumbnail","6":"product_cat-dhoma-e-ndenjes","7":"product_cat-jastek-dekorativ","9":"first","10":"outofstock","11":"sale","12":"shipping-taxable","13":"purchasable","14":"product-type-simple","15":"layout-style-1","16":"col-md-4 col-sm-4 col-xs-6","17":"col-lg-3","18":"product-has-gallery","19":"product-style-default"},"_links":{"self":[{"href":"https:\/\/www.comoditahome.com\/mk\/sq\/wp-json\/wp\/v2\/product\/94079","targetHints":{"allow":["GET"]}}],"collection":[{"href":"https:\/\/www.comoditahome.com\/mk\/sq\/wp-json\/wp\/v2\/product"}],"about":[{"href":"https:\/\/www.comoditahome.com\/mk\/sq\/wp-json\/wp\/v2\/types\/product"}],"version-history":[{"count":1,"href":"https:\/\/www.comoditahome.com\/mk\/sq\/wp-json\/wp\/v2\/product\/94079\/revisions"}],"predecessor-version":[{"id":94080,"href":"https:\/\/www.comoditahome.com\/mk\/sq\/wp-json\/wp\/v2\/product\/94079\/revisions\/94080"}],"wp:featuredmedia":[{"embeddable":true,"href":"https:\/\/www.comoditahome.com\/mk\/sq\/wp-json\/wp\/v2\/media\/94070"}],"wp:attachment":[{"href":"https:\/\/www.comoditahome.com\/mk\/sq\/wp-json\/wp\/v2\/media?parent=94079"}],"wp:term":[{"taxonomy":"product_cat","embeddable":true,"href":"https:\/\/www.comoditahome.com\/mk\/sq\/wp-json\/wp\/v2\/product_cat?post=94079"},{"taxonomy":"product_tag","embeddable":true,"href":"https:\/\/www.comoditahome.com\/mk\/sq\/wp-json\/wp\/v2\/product_tag?post=94079"}],"curies":[{"name":"wp","href":"https:\/\/api.w.org\/{rel}","templated":true}]}}