 {"id":94163,"date":"2025-06-18T11:36:56","date_gmt":"2025-06-18T09:36:56","guid":{"rendered":"https:\/\/www.comoditahome.com\/mk\/product\/%d0%b4%d0%b5%d0%ba%d0%be%d1%80%d0%b0%d1%82%d0%b8%d0%b2%d0%bd%d0%b0-%d0%bf%d0%b5%d1%80%d0%bd%d0%b8%d1%86%d0%b0-fringe-red\/"},"modified":"2026-05-05T22:10:48","modified_gmt":"2026-05-05T20:10:48","slug":"%d0%b4%d0%b5%d0%ba%d0%be%d1%80%d0%b0%d1%82%d0%b8%d0%b2%d0%bd%d0%b0-%d0%bf%d0%b5%d1%80%d0%bd%d0%b8%d1%86%d0%b0-fringe-red","status":"publish","type":"product","link":"https:\/\/www.comoditahome.com\/mk\/sq\/product\/%d0%b4%d0%b5%d0%ba%d0%be%d1%80%d0%b0%d1%82%d0%b8%d0%b2%d0%bd%d0%b0-%d0%bf%d0%b5%d1%80%d0%bd%d0%b8%d1%86%d0%b0-fringe-red\/","title":{"rendered":"Jast\u00ebk dekorativ Fringe Red"},"content":{"rendered":"","protected":false},"excerpt":{"rendered":"<p style=\"text-align: left;\" data-start=\"62\" data-end=\"294\">P\u00ebr ata q\u00eb duan nj\u00eb prekje pasioni dhe jete n\u00eb sht\u00ebpi, jast\u00ebku \u201cFringe Red\u201d \u00ebsht\u00eb zgjidhja perfekte. Plot energji dhe stil, ky jast\u00ebk \u00ebsht\u00eb nj\u00eb pik\u00eb fokale q\u00eb nuk kalon pa u v\u00ebn\u00eb re.<br \/>\n<strong>Dimensioni \/ Kompozicioni:<\/strong>\u00a045x45cm<br \/>\n<strong>NGJYRA:<\/strong>\u00a0Kuqe<br \/>\n<strong>MATERIALI:<\/strong>\u00a0Mb\u00ebshtjell\u00ebsi: Velvet italian \/ Mbushja: Mikrofiber<br \/>\n<strong>UDH\u00cbZIMET E P\u00cbRDORIMIT:<\/strong>\u00a0Mund t\u00eb lahet vet\u00ebm mb\u00ebshtjell\u00ebsi i jasht\u00ebm<br \/>\n<strong>KUSHTET E KTHIMIT \/ GARANCION:<\/strong>\u00a0P\u00ebr k\u00ebt\u00eb produkt pranohet reklamacion brenda 24 or\u00ebve pasi t\u00eb pranoni porosin\u00eb.<\/p>\n<p style=\"text-align: left;\" data-start=\"296\" data-end=\"597\" data-is-last-node=\"\" data-is-only-node=\"\"><span style=\"color: #ffffff;\">3905710950331<\/span><\/p>\n","protected":false},"featured_media":94153,"template":"","meta":[],"product_cat":[307,309],"product_tag":[],"class_list":{"0":"post-94163","1":"product","2":"type-product","3":"status-publish","4":"has-post-thumbnail","6":"product_cat-dhoma-e-ndenjes","7":"product_cat-jastek-dekorativ","9":"first","10":"outofstock","11":"sale","12":"shipping-taxable","13":"purchasable","14":"product-type-simple","15":"layout-style-1","16":"col-md-4 col-sm-4 col-xs-6","17":"col-lg-3","18":"product-has-gallery","19":"product-style-default"},"_links":{"self":[{"href":"https:\/\/www.comoditahome.com\/mk\/sq\/wp-json\/wp\/v2\/product\/94163","targetHints":{"allow":["GET"]}}],"collection":[{"href":"https:\/\/www.comoditahome.com\/mk\/sq\/wp-json\/wp\/v2\/product"}],"about":[{"href":"https:\/\/www.comoditahome.com\/mk\/sq\/wp-json\/wp\/v2\/types\/product"}],"version-history":[{"count":1,"href":"https:\/\/www.comoditahome.com\/mk\/sq\/wp-json\/wp\/v2\/product\/94163\/revisions"}],"predecessor-version":[{"id":94164,"href":"https:\/\/www.comoditahome.com\/mk\/sq\/wp-json\/wp\/v2\/product\/94163\/revisions\/94164"}],"wp:featuredmedia":[{"embeddable":true,"href":"https:\/\/www.comoditahome.com\/mk\/sq\/wp-json\/wp\/v2\/media\/94153"}],"wp:attachment":[{"href":"https:\/\/www.comoditahome.com\/mk\/sq\/wp-json\/wp\/v2\/media?parent=94163"}],"wp:term":[{"taxonomy":"product_cat","embeddable":true,"href":"https:\/\/www.comoditahome.com\/mk\/sq\/wp-json\/wp\/v2\/product_cat?post=94163"},{"taxonomy":"product_tag","embeddable":true,"href":"https:\/\/www.comoditahome.com\/mk\/sq\/wp-json\/wp\/v2\/product_tag?post=94163"}],"curies":[{"name":"wp","href":"https:\/\/api.w.org\/{rel}","templated":true}]}}